{"id":1602,"date":"2019-08-26T08:56:12","date_gmt":"2019-08-26T08:56:12","guid":{"rendered":"https:\/\/dolphinacademy.mystagingwebsite.com\/home-2\/"},"modified":"2026-01-24T20:05:25","modified_gmt":"2026-01-24T20:05:25","slug":"home-2","status":"publish","type":"page","link":"https:\/\/dolphin-academy.com\/es\/","title":{"rendered":"Home"},"content":{"rendered":"<div class=\"wpb-content-wrapper\"><p>[vc_row][vc_column][vc_column_text][\/vc_column_text][\/vc_column][\/vc_row][vc_section full_width=\u00bbstretch_row_content\u00bb el_class=\u00bbtop-experiences-section contain_width\u00bb css=\u00bb.vc_custom_1578650636667{padding-top: 50px !important;}\u00bb][vc_row][vc_column width=\u00bb5\/12&#8243; el_class=\u00bbslider-section-text-left\u00bb][vc_custom_heading text=\u00bbConoce, nada o bucea con un delf\u00edn\u00bb font_container=\u00bbtag:h2|text_align:left|color:%23202020&#8243; use_theme_fonts=\u00bbyes\u00bb][vc_custom_heading text=\u00bbHacemos \u00e9nfasis en el cuidado y la interacci\u00f3n genuina entre humanos y delfines. \u00a1Experimenta a los delfines en su h\u00e1bitat natural! Dolphin Academy te brinda inolvidables experiencias para personas de todas las edades. Conoce, nada o bucea con un delf\u00edn en su laguna natural o en el mar abierto.\u00bb font_container=\u00bbtag:p|font_size:16px|text_align:left|color:%23202020|line_height:25px\u00bb use_theme_fonts=\u00bbyes\u00bb][vc_btn title=\u00bbVER TODAS LAS EXPERIENCIAS\u00bb el_class=\u00bbonly_desktop\u00bb link=\u00bburl:http%3A%2F%2Fwww.dolphin-academy.com%2Fes%2Fexperiencias%2F|title:Experiences||\u00bb][vc_empty_space el_class=\u00bbmobile_space\u00bb][\/vc_column][vc_column width=\u00bb7\/12&#8243; css=\u00bb.vc_custom_1578631875573{margin-right: 0px !important;margin-left: 0px !important;padding-right: 0px !important;padding-left: 0px !important;}\u00bb][vc_raw_html css=\u00bb.vc_custom_1588448684767{margin-right: 0px !important;margin-left: 0px !important;padding-right: 0px !important;padding-left: 0px !important;}\u00bb]JTVCc2xpZGUtYW55dGhpbmclMjBpZCUzRCUyNzE4NTklMjclNUQ=[\/vc_raw_html][\/vc_column][\/vc_row][vc_row][vc_column el_class=\u00bbonly_mobile\u00bb][vc_btn title=\u00bbVER TODAS LAS EXPERIENCIAS\u00bb align=\u00bbcenter\u00bb button_block=\u00bbtrue\u00bb el_class=\u00bbfull-width-btn-for-mobile\u00bb link=\u00bburl:http%3A%2F%2Fwww.dolphin-academy.com%2Fes%2Fexperiencias%2F|||\u00bb][\/vc_column][\/vc_row][\/vc_section][vc_section full_width=\u00bbstretch_row\u00bb css=\u00bb.vc_custom_1585045536330{background-image: url(https:\/\/dolphin-academy.com\/wp-content\/uploads\/2019\/12\/water-bg2-1024&#215;551-2.jpg?id=559) !important;background-position: center !important;background-repeat: no-repeat !important;background-size: cover !important;}\u00bb el_class=\u00bbsection\u00bb][vc_row][vc_column width=\u00bb5\/12&#8243; el_class=\u00bbleft_column\u00bb][vc_custom_heading text=\u00bbUna filosof\u00eda diferente\u00bb font_container=\u00bbtag:h2|text_align:left|color:%23ffffff\u00bb use_theme_fonts=\u00bbyes\u00bb][vc_column_text css=\u00bb\u00bb]<\/p>\n<div style=\"color: #fff !important; font-size: 16px; line-height: 26px;\">En Dolphin Academy, estamos orgullosos de ser una de las pocas instalaciones en el mundo que trabaja con delfines entrenados en mar abierto.<br \/>\nLos delfines residen en las instalaciones del Cura\u00e7ao Sea Aquarium, en cuatro lagunas principales interconectadas por estanques y canales secundarios.<br \/>\nLas lagunas est\u00e1n directamente conectado con el oc\u00e9ano, lo que permite un flujo constante de agua de mar fresca y tambi\u00e9n la presencia de numerosas especies de peces e invertebrados.<\/div>\n<p>[\/vc_column_text][vc_btn title=\u00bbLEER MAS\u00bb el_class=\u00bbfull-width-btn-for-mobile\u00bb link=\u00bburl:http%3A%2F%2Fwww.dolphin-academy.com%2Fes%2Fsobre%2Fnuestra-filosofia%2F|title:Our%20Philosophy||\u00bb][vc_empty_space height=\u00bb50px\u00bb el_class=\u00bbmobile_space\u00bb][\/vc_column][vc_column width=\u00bb7\/12&#8243;][vc_row_inner css=\u00bb.vc_custom_1575021523986{padding-top: 50px !important;}\u00bb][vc_column_inner el_class=\u00bbdolphin_ico\u00bb width=\u00bb1\/2&#8243; offset=\u00bbvc_col-xs-5&#8243;]<div class=\"icon_box icon_position_top no_border\"><div class=\"image_wrapper\"><img loading=\"lazy\" decoding=\"async\" class=\"scale-with-grid\" src=\"https:\/\/dolphin-academy.com\/wp-content\/uploads\/2020\/03\/dolphin1-8.png\" alt=\"dolphin1\" width=\"140\" height=\"95\"\/><\/div><div class=\"desc_wrapper\"><h4 class=\"title\">Experiencias con delfines<\/h4><\/div><\/div>\n[\/vc_column_inner][vc_column_inner width=\u00bb1\/2&#8243; offset=\u00bbvc_col-xs-7&#8243;]<div class=\"icon_box icon_position_top no_border\"><div class=\"image_wrapper\"><img loading=\"lazy\" decoding=\"async\" class=\"scale-with-grid\" src=\"https:\/\/dolphin-academy.com\/wp-content\/uploads\/2019\/11\/Shape.png\" alt=\"Shape\" width=\"109\" height=\"98\"\/><\/div><div class=\"desc_wrapper\"><h4 class=\"title\">H\u00e1bitats naturales<\/h4><\/div><\/div>\n[\/vc_column_inner][\/vc_row_inner][vc_row_inner][vc_column_inner width=\u00bb1\/2&#8243; offset=\u00bbvc_col-xs-5&#8243;]<div class=\"icon_box icon_position_top no_border\"><div class=\"image_wrapper\"><img loading=\"lazy\" decoding=\"async\" class=\"scale-with-grid\" src=\"https:\/\/dolphin-academy.com\/wp-content\/uploads\/2019\/11\/water.png\" alt=\"water\" width=\"96\" height=\"64\"\/><\/div><div class=\"desc_wrapper\"><h4 class=\"title\">Filosof\u00eda de entrenamiento de delfines<\/h4><\/div><\/div>\n[\/vc_column_inner][vc_column_inner width=\u00bb1\/2&#8243; offset=\u00bbvc_col-xs-7&#8243;]<div class=\"icon_box icon_position_top no_border\"><div class=\"image_wrapper\"><img loading=\"lazy\" decoding=\"async\" class=\"scale-with-grid\" src=\"https:\/\/dolphin-academy.com\/wp-content\/uploads\/2019\/11\/fish.png\" alt=\"fish\" width=\"116\" height=\"64\"\/><\/div><div class=\"desc_wrapper\"><h4 class=\"title\">Entrenamiento en mar abierto<\/h4><\/div><\/div>\n[\/vc_column_inner][\/vc_row_inner][vc_empty_space height=\u00bb50px\u00bb][\/vc_column][\/vc_row][vc_row full_width=\u00bbstretch_row_content_no_spaces\u00bb css=\u00bb.vc_custom_1585045553150{margin-top: 0px !important;margin-bottom: -35px !important;}\u00bb el_class=\u00bbmiddle_half_circle\u00bb][vc_column][vc_single_image image=\u00bb555&#8243; img_size=\u00bbfull\u00bb alignment=\u00bbcenter\u00bb css=\u00bb.vc_custom_1584607852966{margin-bottom: 0px !important;}\u00bb el_class=\u00bbdesktop_wave\u00bb][\/vc_column][\/vc_row][\/vc_section][vc_row css=\u00bb.vc_custom_1584690862868{margin-top: -180px !important;}\u00bb el_class=\u00bbround_circles_section\u00bb][vc_column width=\u00bb1\/12&#8243;][\/vc_column][vc_column width=\u00bb5\/6&#8243;][vc_row_inner el_class=\u00bbbubbleimg\u00bb][vc_column_inner width=\u00bb1\/3&#8243; css=\u00bb.vc_custom_1575029196489{margin-top: 10px !important;}\u00bb][vc_single_image image=\u00bb3366&#8243; img_size=\u00bb283&#215;357&#8243; alignment=\u00bbright\u00bb style=\u00bbvc_box_shadow_border_circle_2&#8243; el_class=\u00bbMobile_circle_image\u00bb][\/vc_column_inner][vc_column_inner el_class=\u00bbhide_on_mobile border_circle\u00bb width=\u00bb1\/4&#8243; css=\u00bb.vc_custom_1583476026597{margin-top: 100px !important;margin-left: 15px !important;}\u00bb][vc_single_image image=\u00bb3367&#8243; img_size=\u00bb200&#215;200&#8243; alignment=\u00bbright\u00bb style=\u00bbvc_box_shadow_border_circle_2&#8243;][\/vc_column_inner][vc_column_inner el_class=\u00bbhide_on_mobile border_circle\u00bb width=\u00bb1\/4&#8243; css=\u00bb.vc_custom_1583476044482{margin-top: 115px !important;margin-left: -12px !important;}\u00bb][vc_single_image image=\u00bb3368&#8243; img_size=\u00bb150&#215;150&#8243; alignment=\u00bbright\u00bb style=\u00bbvc_box_shadow_border_circle_2&#8243;][\/vc_column_inner][vc_column_inner el_class=\u00bbhide_on_mobile border_circle\u00bb width=\u00bb1\/6&#8243; css=\u00bb.vc_custom_1583476050634{margin-top: 100px !important;}\u00bb][vc_single_image image=\u00bb3369&#8243; img_size=\u00bb110&#215;110&#8243; style=\u00bbvc_box_shadow_border_circle_2&#8243;][\/vc_column_inner][\/vc_row_inner][\/vc_column][vc_column width=\u00bb1\/12&#8243;][\/vc_column][\/vc_row][vc_section][vc_row][vc_column offset=\u00bbvc_col-xs-9&#8243; css=\u00bb.vc_custom_1588843107150{padding-top: 0px !important;}\u00bb][vc_custom_heading text=\u00bbLo que dicen nuestros visitantes\u00bb font_container=\u00bbtag:h2|text_align:center|color:%230a0a0a\u00bb use_theme_fonts=\u00bbyes\u00bb css=\u00bb\u00bb][\/vc_column][\/vc_row][vc_row][vc_column css=\u00bb.vc_custom_1575875001682{padding-right: 0px !important;padding-left: 0px !important;}\u00bb][vc_column_text css=\u00bb\u00bb]<div data-src=\"https:\/\/cdn.trustindex.io\/loader.js?2f192496364d06932c165f3e162\"><\/div>[\/vc_column_text][\/vc_column][\/vc_row][\/vc_section][vc_section full_width=\u00bbstretch_row_content\u00bb el_class=\u00bbhotspot_section\u00bb css=\u00bb.vc_custom_1586771475726{background-color: #ffffff !important;background-position: center !important;background-repeat: no-repeat !important;background-size: cover !important;}\u00bb][vc_row full_width=\u00bbstretch_row_content_no_spaces\u00bb css=\u00bb.vc_custom_1586771711875{background-color: #ffffff !important;}\u00bb][vc_column]<div class=\"bruno-custom-inline-css\"><style>#ihwt-hotspoted-image69f5be4a4e237 .ihwt-hotspot-wrapper .HotspotPlugin_Hotspot:not(.ihwtHotspotImageMarker):after { background: #ffffff;}<\/style><\/div><div id=\"ihwt-hotspoted-image69f5be4a4e237\" class=\"ihwt-hotspot-wrapper-wrapper\"><div class=\"ihwt-hotspot-wrapper\"  data-hotspot-content=\"%5B%7B%22index%22%3A13%2C%22x%22%3A65.91891077170418%2C%22y%22%3A43.19588658146965%2C%22Title%22%3A%22Animal%20Encounters%22%2C%22Message%22%3A%22%3Cdiv%20class%3D%5C%22vc_col-sm-4%5C%22%3E%3Cimg%20src%3D%5C%22%2Fwp-content%2Fuploads%2F2019%2F12%2FAnimalEncouters_logo-min.png%5C%22%3E%3C%2Fdiv%3E%5Cn%3Cdiv%20class%3D%5C%22vc_col-sm-8%20msg%5C%22%3EVisita%20el%20mejor%20sitio%20de%20snorkel%20de%20Curazao%20en%20el%20Sea%20Aquarium%20Park.%20Haz%20snorkel%20en%20una%20laguna%20natural%20y%20alimenta%20a%20mano%20a%20las%20rayas%2C%20los%20tarpones%2C%20los%20jureles%20y%20los%20tiburones%20que%20te%20rodean.%5Cn%3Ca%20href%3D%5C%22https%3A%2F%2Fcuracao-sea-aquarium.com%2Fes%2Fanimal-encounters%2F%5C%22%20target%3D%5C%22_blank%5C%22%3ELeer%20m%C3%A1s...%3C%2Fa%3E%3C%2Fdiv%3E%22%7D%2C%7B%22index%22%3A19%2C%22x%22%3A16.33812615955473%2C%22y%22%3A60.153367158671585%2C%22Title%22%3A%22Ocean%20Lens%22%2C%22Message%22%3A%22%3Cdiv%20class%3D%5C%22vc_col-sm-4%5C%22%3E%3Cimg%20src%3D%5C%22%2Fwp-content%2Fuploads%2F2019%2F12%2FOceanLens_Logo.png%5C%22%3E%3C%2Fdiv%3E%5Cn%3Cdiv%20class%3D%5C%22vc_col-sm-8%20msg%5C%22%3EEcha%20un%20vistazo%20a%20las%20profundidades!%20Baja%20las%20escaleras%20y%20entra%20en%20una%20c%C3%A1mara%20de%2017%20pies%20de%20profundidad%20con%20una%20gran%20ventana%2C%20conocida%20como%20The%20Lens%20(La%20Lente).%20Rod%C3%A9ate%20de%20una%20abundancia%20de%20colores%2C%20peces%20y%20%C3%A1rboles%20de%20conservaci%C3%B3n%20de%20corales.%5Cn%3Ca%20href%3D%5C%22https%3A%2F%2Fcuracao-sea-aquarium.com%2Fes%2Fcuracao-sea-aquarium%2F%5C%22%20target%3D%5C%22_blank%5C%22%3ELeer%20m%C3%A1s...%3C%2Fa%3E%3C%2Fdiv%3E%22%7D%2C%7B%22index%22%3A20%2C%22x%22%3A21.3474025974026%2C%22y%22%3A54.52606088560885%2C%22Title%22%3A%22Substation%20Cura%C3%A7ao%22%2C%22Message%22%3A%22%3Cdiv%20class%3D%5C%22vc_col-sm-4%5C%22%3E%3Cimg%20src%3D%5C%22%2Fwp-content%2Fuploads%2F2019%2F12%2Fsubstation.png%5C%22%3E%3C%2Fdiv%3E%5Cn%3Cdiv%20class%3D%5C%22vc_col-sm-8%20msg%5C%22%3EAlguna%20vez%20te%20has%20preguntado%20qu%C3%A9%20hay%20ah%C3%AD%20abajo%3F%20En%20el%20Substation%20(el%20subestaci%C3%B3n)%20cualquiera%20puede%20ahora%20explorar%20los%20profundos%20arrecifes%20hasta%20una%20profundidad%20de%20305%20metros.%20Ve%20m%C3%A1s%20all%C3%A1%20de%20los%20l%C3%ADmites%20del%20buceo%20recreativo%20y%20echa%20un%20vistazo%20al%20abismo.%5Cn%3Ca%20href%3D%5C%22https%3A%2F%2Fwww.substation-curacao.com%5C%22%20target%3D%5C%22_blank%5C%22%3Ewww.substation-curacao.com%3C%2Fa%3E%3C%2Fdiv%3E%22%7D%2C%7B%22index%22%3A21%2C%22x%22%3A66.11485128617363%2C%22y%22%3A50.33945686900958%2C%22Title%22%3A%22Cura%C3%A7ao%20Sea%20Aquarium%20%22%2C%22Message%22%3A%22%3Cdiv%20class%3D%5C%22vc_col-sm-4%5C%22%3E%3Cimg%20src%3D%5C%22%2Fwp-content%2Fuploads%2F2020%2F03%2Flogo.png%5C%22%3E%3C%2Fdiv%3E%5Cn%3Cdiv%20class%3D%5C%22vc_col-sm-8%20msg%5C%22%3EEl%20Cura%C3%A7ao%20Sea%20Aquarium%20es%20uno%20de%20los%20acuarios%20m%C3%A1s%20singulares%20del%20mundo%20por%20su%20sistema%20de%20aguas%20abiertas%2C%20lo%20que%20significa%20que%20el%20agua%20de%20mar%20se%20bombea%20continuamente%20a%20los%20acuarios.%20Una%20gran%20experiencia%20para%20toda%20la%20familia.%5Cn%3Ca%20href%3D%5C%22https%3A%2F%2Fcuracao-sea-aquarium.com%2Fes%2Fcuracao-sea-aquarium%2F%5C%22%20target%3D%5C%22_blank%5C%22%3ELeer%20m%C3%A1s...%3C%2Fa%3E%3C%2Fdiv%3E%22%7D%2C%7B%22index%22%3A22%2C%22x%22%3A65.61746382636656%2C%22y%22%3A61.531549520766774%2C%22Title%22%3A%22Dolphin%20Academy%22%2C%22Message%22%3A%22%3Cdiv%20class%3D%5C%22vc_col-sm-4%5C%22%3E%3Cimg%20src%3D%5C%22%2Fwp-content%2Fuploads%2F2019%2F12%2FDolphinAcademy_logo.png%5C%22%3E%3C%2Fdiv%3E%5Cn%3Cdiv%20class%3D%5C%22vc_col-sm-8%20msg%5C%22%3ESum%C3%A9rgete%20en%20el%20mundo%20de%20los%20delfines%20y%20observe%20su%20comportamiento%20en%20una%20de%20sus%20lagunas%20naturales.%20Elija%20una%20de%20las%20muchas%20experiencias%20con%20delfines%20que%20mejor%20se%20adapte%20a%20ti%3A%20en%20su%20laguna%20natural%20o%20incluso%20en%20aguas%20abiertas!%5Cn%3Ca%20href%3D%5C%22https%3A%2F%2Fdolphin-academy.com%5C%22%20target%3D%5C%22_blank%5C%22%3Ewww.dolphin-academy.com%3C%2Fa%3E%3C%2Fdiv%3E%22%7D%5D\"  data-action=\"click\" ><div class=\"ihwt-hotspot-image-cover  ihwt-action-click\"><img loading=\"lazy\" decoding=\"async\" src=\"https:\/\/dolphin-academy.com\/wp-content\/uploads\/2020\/04\/footer-img-hotspot-min.jpg\" width=\"1920\" height=\"966\"\/><\/div><\/div><\/div>[\/vc_column][\/vc_row][\/vc_section]<\/p>\n<\/div>","protected":false},"excerpt":{"rendered":"<p>[vc_row][vc_column][vc_column_text][\/vc_column_text][\/vc_column][\/vc_row][vc_section full_width=\u00bbstretch_row_content\u00bb el_class=\u00bbtop-experiences-section contain_width\u00bb css=\u00bb.vc_custom_1578650636667{padding-top: 50px !important;}\u00bb][vc_row][vc_column width=\u00bb5\/12&#8243; el_class=\u00bbslider-section-text-left\u00bb][vc_custom_heading text=\u00bbConoce, nada o bucea con un delf\u00edn\u00bb font_container=\u00bbtag:h2|text_align:left|color:%23202020&#8243; use_theme_fonts=\u00bbyes\u00bb][vc_custom_heading text=\u00bbHacemos \u00e9nfasis en el cuidado y la interacci\u00f3n<span class=\"excerpt-hellip\"> [\u2026]<\/span><\/p>\n","protected":false},"author":94,"featured_media":0,"parent":0,"menu_order":0,"comment_status":"closed","ping_status":"open","template":"","meta":{"footnotes":"","_wp_rev_ctl_limit":""},"class_list":["post-1602","page","type-page","status-publish","hentry"],"yoast_head":"<!-- This site is optimized with the Yoast SEO plugin v27.5 - https:\/\/yoast.com\/product\/yoast-seo-wordpress\/ -->\n<title>La Mejor Experiencia con Delfines | Dolphin Academy Cura\u00e7ao<\/title>\n<meta name=\"description\" content=\"Dolphin Academy ofrece experiencias inolvidables para j\u00f3venes y mayores. Conoce, nada o bucea con un delf\u00edn en su laguna natural o en mar abierto.\" \/>\n<meta name=\"robots\" content=\"index, follow, max-snippet:-1, max-image-preview:large, max-video-preview:-1\" \/>\n<link rel=\"canonical\" href=\"https:\/\/dolphin-academy.com\/es\/\" \/>\n<meta property=\"og:locale\" content=\"es_ES\" \/>\n<meta property=\"og:type\" content=\"article\" \/>\n<meta property=\"og:title\" content=\"La Mejor Experiencia con Delfines | Dolphin Academy Cura\u00e7ao\" \/>\n<meta property=\"og:description\" content=\"Dolphin Academy ofrece experiencias inolvidables para j\u00f3venes y mayores. Conoce, nada o bucea con un delf\u00edn en su laguna natural o en mar abierto.\" \/>\n<meta property=\"og:url\" content=\"https:\/\/dolphin-academy.com\/es\/\" \/>\n<meta property=\"og:site_name\" content=\"Dolphin Academy\" \/>\n<meta property=\"article:publisher\" content=\"https:\/\/www.facebook.com\/dolphinacademycuracao\/\" \/>\n<meta property=\"article:modified_time\" content=\"2026-01-24T20:05:25+00:00\" \/>\n<meta property=\"og:image\" content=\"https:\/\/dolphin-academy.com\/wp-content\/uploads\/2019\/12\/DolphinAcademy_logo-1.png\" \/>\n\t<meta property=\"og:image:width\" content=\"2480\" \/>\n\t<meta property=\"og:image:height\" content=\"1278\" \/>\n\t<meta property=\"og:image:type\" content=\"image\/png\" \/>\n<meta name=\"twitter:card\" content=\"summary_large_image\" \/>\n<meta name=\"twitter:label1\" content=\"Tiempo de lectura\" \/>\n\t<meta name=\"twitter:data1\" content=\"4 minutos\" \/>\n<script type=\"application\/ld+json\" class=\"yoast-schema-graph\">{\"@context\":\"https:\\\/\\\/schema.org\",\"@graph\":[{\"@type\":\"WebPage\",\"@id\":\"https:\\\/\\\/dolphin-academy.com\\\/es\\\/\",\"url\":\"https:\\\/\\\/dolphin-academy.com\\\/es\\\/\",\"name\":\"La Mejor Experiencia con Delfines | Dolphin Academy Cura\u00e7ao\",\"isPartOf\":{\"@id\":\"https:\\\/\\\/dolphin-academy.com\\\/es\\\/#website\"},\"datePublished\":\"2019-08-26T08:56:12+00:00\",\"dateModified\":\"2026-01-24T20:05:25+00:00\",\"description\":\"Dolphin Academy ofrece experiencias inolvidables para j\u00f3venes y mayores. Conoce, nada o bucea con un delf\u00edn en su laguna natural o en mar abierto.\",\"breadcrumb\":{\"@id\":\"https:\\\/\\\/dolphin-academy.com\\\/es\\\/#breadcrumb\"},\"inLanguage\":\"es\",\"potentialAction\":[{\"@type\":\"ReadAction\",\"target\":[\"https:\\\/\\\/dolphin-academy.com\\\/es\\\/\"]}]},{\"@type\":\"BreadcrumbList\",\"@id\":\"https:\\\/\\\/dolphin-academy.com\\\/es\\\/#breadcrumb\",\"itemListElement\":[{\"@type\":\"ListItem\",\"position\":1,\"name\":\"Home\",\"item\":\"https:\\\/\\\/dolphin-academy.com\\\/es\\\/\"},{\"@type\":\"ListItem\",\"position\":2,\"name\":\"Home\"}]},{\"@type\":\"WebSite\",\"@id\":\"https:\\\/\\\/dolphin-academy.com\\\/es\\\/#website\",\"url\":\"https:\\\/\\\/dolphin-academy.com\\\/es\\\/\",\"name\":\"Dolphin Academy\",\"description\":\"Dolphin Academy Cura\u00e7ao\",\"publisher\":{\"@id\":\"https:\\\/\\\/dolphin-academy.com\\\/es\\\/#organization\"},\"potentialAction\":[{\"@type\":\"SearchAction\",\"target\":{\"@type\":\"EntryPoint\",\"urlTemplate\":\"https:\\\/\\\/dolphin-academy.com\\\/es\\\/?s={search_term_string}\"},\"query-input\":{\"@type\":\"PropertyValueSpecification\",\"valueRequired\":true,\"valueName\":\"search_term_string\"}}],\"inLanguage\":\"es\"},{\"@type\":\"Organization\",\"@id\":\"https:\\\/\\\/dolphin-academy.com\\\/es\\\/#organization\",\"name\":\"Dolphin Academy\",\"url\":\"https:\\\/\\\/dolphin-academy.com\\\/es\\\/\",\"logo\":{\"@type\":\"ImageObject\",\"inLanguage\":\"es\",\"@id\":\"https:\\\/\\\/dolphin-academy.com\\\/es\\\/#\\\/schema\\\/logo\\\/image\\\/\",\"url\":\"https:\\\/\\\/dolphin-academy.com\\\/wp-content\\\/uploads\\\/2019\\\/12\\\/DolphinAcademy_logo-1.png\",\"contentUrl\":\"https:\\\/\\\/dolphin-academy.com\\\/wp-content\\\/uploads\\\/2019\\\/12\\\/DolphinAcademy_logo-1.png\",\"width\":2480,\"height\":1278,\"caption\":\"Dolphin Academy\"},\"image\":{\"@id\":\"https:\\\/\\\/dolphin-academy.com\\\/es\\\/#\\\/schema\\\/logo\\\/image\\\/\"},\"sameAs\":[\"https:\\\/\\\/www.facebook.com\\\/dolphinacademycuracao\\\/\",\"https:\\\/\\\/www.instagram.com\\\/dolphinacademycuracao\\\/\",\"https:\\\/\\\/www.youtube.com\\\/user\\\/DolphinAcademy\"]}]}<\/script>\n<!-- \/ Yoast SEO plugin. -->","yoast_head_json":{"title":"La Mejor Experiencia con Delfines | Dolphin Academy Cura\u00e7ao","description":"Dolphin Academy ofrece experiencias inolvidables para j\u00f3venes y mayores. Conoce, nada o bucea con un delf\u00edn en su laguna natural o en mar abierto.","robots":{"index":"index","follow":"follow","max-snippet":"max-snippet:-1","max-image-preview":"max-image-preview:large","max-video-preview":"max-video-preview:-1"},"canonical":"https:\/\/dolphin-academy.com\/es\/","og_locale":"es_ES","og_type":"article","og_title":"La Mejor Experiencia con Delfines | Dolphin Academy Cura\u00e7ao","og_description":"Dolphin Academy ofrece experiencias inolvidables para j\u00f3venes y mayores. Conoce, nada o bucea con un delf\u00edn en su laguna natural o en mar abierto.","og_url":"https:\/\/dolphin-academy.com\/es\/","og_site_name":"Dolphin Academy","article_publisher":"https:\/\/www.facebook.com\/dolphinacademycuracao\/","article_modified_time":"2026-01-24T20:05:25+00:00","og_image":[{"width":2480,"height":1278,"url":"https:\/\/dolphin-academy.com\/wp-content\/uploads\/2019\/12\/DolphinAcademy_logo-1.png","type":"image\/png"}],"twitter_card":"summary_large_image","twitter_misc":{"Tiempo de lectura":"4 minutos"},"schema":{"@context":"https:\/\/schema.org","@graph":[{"@type":"WebPage","@id":"https:\/\/dolphin-academy.com\/es\/","url":"https:\/\/dolphin-academy.com\/es\/","name":"La Mejor Experiencia con Delfines | Dolphin Academy Cura\u00e7ao","isPartOf":{"@id":"https:\/\/dolphin-academy.com\/es\/#website"},"datePublished":"2019-08-26T08:56:12+00:00","dateModified":"2026-01-24T20:05:25+00:00","description":"Dolphin Academy ofrece experiencias inolvidables para j\u00f3venes y mayores. Conoce, nada o bucea con un delf\u00edn en su laguna natural o en mar abierto.","breadcrumb":{"@id":"https:\/\/dolphin-academy.com\/es\/#breadcrumb"},"inLanguage":"es","potentialAction":[{"@type":"ReadAction","target":["https:\/\/dolphin-academy.com\/es\/"]}]},{"@type":"BreadcrumbList","@id":"https:\/\/dolphin-academy.com\/es\/#breadcrumb","itemListElement":[{"@type":"ListItem","position":1,"name":"Home","item":"https:\/\/dolphin-academy.com\/es\/"},{"@type":"ListItem","position":2,"name":"Home"}]},{"@type":"WebSite","@id":"https:\/\/dolphin-academy.com\/es\/#website","url":"https:\/\/dolphin-academy.com\/es\/","name":"Dolphin Academy","description":"Dolphin Academy Cura\u00e7ao","publisher":{"@id":"https:\/\/dolphin-academy.com\/es\/#organization"},"potentialAction":[{"@type":"SearchAction","target":{"@type":"EntryPoint","urlTemplate":"https:\/\/dolphin-academy.com\/es\/?s={search_term_string}"},"query-input":{"@type":"PropertyValueSpecification","valueRequired":true,"valueName":"search_term_string"}}],"inLanguage":"es"},{"@type":"Organization","@id":"https:\/\/dolphin-academy.com\/es\/#organization","name":"Dolphin Academy","url":"https:\/\/dolphin-academy.com\/es\/","logo":{"@type":"ImageObject","inLanguage":"es","@id":"https:\/\/dolphin-academy.com\/es\/#\/schema\/logo\/image\/","url":"https:\/\/dolphin-academy.com\/wp-content\/uploads\/2019\/12\/DolphinAcademy_logo-1.png","contentUrl":"https:\/\/dolphin-academy.com\/wp-content\/uploads\/2019\/12\/DolphinAcademy_logo-1.png","width":2480,"height":1278,"caption":"Dolphin Academy"},"image":{"@id":"https:\/\/dolphin-academy.com\/es\/#\/schema\/logo\/image\/"},"sameAs":["https:\/\/www.facebook.com\/dolphinacademycuracao\/","https:\/\/www.instagram.com\/dolphinacademycuracao\/","https:\/\/www.youtube.com\/user\/DolphinAcademy"]}]}},"jetpack_sharing_enabled":true,"_links":{"self":[{"href":"https:\/\/dolphin-academy.com\/es\/wp-json\/wp\/v2\/pages\/1602","targetHints":{"allow":["GET"]}}],"collection":[{"href":"https:\/\/dolphin-academy.com\/es\/wp-json\/wp\/v2\/pages"}],"about":[{"href":"https:\/\/dolphin-academy.com\/es\/wp-json\/wp\/v2\/types\/page"}],"author":[{"embeddable":true,"href":"https:\/\/dolphin-academy.com\/es\/wp-json\/wp\/v2\/users\/94"}],"replies":[{"embeddable":true,"href":"https:\/\/dolphin-academy.com\/es\/wp-json\/wp\/v2\/comments?post=1602"}],"version-history":[{"count":33,"href":"https:\/\/dolphin-academy.com\/es\/wp-json\/wp\/v2\/pages\/1602\/revisions"}],"predecessor-version":[{"id":13103,"href":"https:\/\/dolphin-academy.com\/es\/wp-json\/wp\/v2\/pages\/1602\/revisions\/13103"}],"wp:attachment":[{"href":"https:\/\/dolphin-academy.com\/es\/wp-json\/wp\/v2\/media?parent=1602"}],"curies":[{"name":"wp","href":"https:\/\/api.w.org\/{rel}","templated":true}]}}