{"id":1627,"date":"2020-03-18T09:54:34","date_gmt":"2020-03-18T09:54:34","guid":{"rendered":"https:\/\/dolphinacademy.mystagingwebsite.com\/dolphin-research\/"},"modified":"2020-12-03T12:13:37","modified_gmt":"2020-12-03T12:13:37","slug":"investigacion-sobre-delfines","status":"publish","type":"page","link":"https:\/\/dolphin-academy.com\/es\/investigacion\/investigacion-sobre-delfines\/","title":{"rendered":"Investigaci\u00f3n sobre delfines"},"content":{"rendered":"<div class=\"wpb-content-wrapper\"><p>[vc_section][vc_row css=\u00bb.vc_custom_1586765125003{background-color: #ffffff !important;}\u00bb][vc_column width=\u00bb1\/2&#8243; css=\u00bb.vc_custom_1586764910569{margin-bottom: 0px !important;}\u00bb][vc_custom_heading text=\u00bbInvestigaci\u00f3n sobre delfines\u00bb font_container=\u00bbtag:h2|text_align:left|color:%23202020&#8243; use_theme_fonts=\u00bbyes\u00bb][vc_column_text]<\/p>\n<div class=\"page_content\">Conoce nuestros esfuerzos de investigaci\u00f3n corroborativa para expandir y mejorar nuestra comprensi\u00f3n de los delfines y sus h\u00e1bitats.<\/div>\n<p>[\/vc_column_text][\/vc_column][vc_column width=\u00bb1\/2&#8243; css=\u00bb.vc_custom_1586846309446{margin-top: -20px !important;margin-bottom: 0px !important;}\u00bb][vc_single_image image=\u00bb2150&#8243; img_size=\u00bbfull\u00bb css=\u00bb.vc_custom_1586846399900{margin-top: -35px !important;margin-bottom: -35px !important;}\u00bb][\/vc_column][\/vc_row][vc_row full_width=\u00bbstretch_row_content_no_spaces\u00bb css=\u00bb.vc_custom_1586764982661{margin-top: 0px !important;margin-bottom: 0px !important;padding-top: 0px !important;padding-bottom: 0px !important;}\u00bb][vc_column css=\u00bb.vc_custom_1584524505596{margin-bottom: 0px !important;padding-top: 0px !important;padding-bottom: 0px !important;}\u00bb][vc_single_image image=\u00bb792&#8243; img_size=\u00bbfull\u00bb css=\u00bb.vc_custom_1588046015187{margin-bottom: -35px !important;}\u00bb el_class=\u00bbmiddle_half_circle\u00bb][\/vc_column][\/vc_row][vc_row full_width=\u00bbstretch_row\u00bb css=\u00bb.vc_custom_1584522996712{background-color: #f4f1f1 !important;}\u00bb el_class=\u00bbimg_shadow half_circle_top\u00bb][vc_column width=\u00bb1\/2&#8243;][vc_empty_space height=\u00bb5px\u00bb el_class=\u00bbhidmob\u00bb][vc_single_image image=\u00bb2148&#8243; img_size=\u00bbfull\u00bb css=\u00bb.vc_custom_1586774041226{margin-bottom: 0px !important;}\u00bb][\/vc_column][vc_column width=\u00bb1\/2&#8243; el_class=\u00bbonly_mobile\u00bb css=\u00bb.vc_custom_1576738793873{padding-top: 25px !important;}\u00bb][vc_empty_space height=\u00bb5px\u00bb el_class=\u00bbhidmob\u00bb][vc_custom_heading text=\u00bbMediciones de electroencefalograma para la actividad cerebral de delfines en reposo\u00bb font_container=\u00bbtag:h3|text_align:left|color:%23202020&#8243; use_theme_fonts=\u00bbyes\u00bb][vc_column_text]<\/p>\n<div class=\"page_content\">Los delfines han desarrollado un m\u00e9todo \u00fanico de descanso mental, llamado el \u2018\u2019sue\u00f1o\u2019\u2019 unihemisf\u00e9rico. Estudios anteriores han demostrado que los delfines tienen la capacidad de descansar un hemisferio del cerebro mientras la otra mitad permanece despierta y activa. Dolphin Academy ha reproducido estas pruebas para proporcionar un conjunto de datos de referencia para su poblaci\u00f3n particular de delfines con el fin de embarcarse en un estudio de varios a\u00f1os sobre: \u200b\u200bciclos de delfines en descanso\/vigilia desde el nacimiento hasta la madurez, respuesta sensorial de los delfines en reposo, asociaci\u00f3n del lugar y el tiempo en delfines, muestreo de hormonas de delfines y mediciones con saliva y orificios.<\/div>\n<p>[\/vc_column_text][\/vc_column][\/vc_row][vc_row full_width=\u00bbstretch_row\u00bb el_class=\u00bbimg_shadow\u00bb css=\u00bb.vc_custom_1584522188498{background-color: #f4f1f1 !important;}\u00bb][vc_column width=\u00bb1\/2&#8243; el_class=\u00bbonly_mobile\u00bb css=\u00bb.vc_custom_1576738716119{padding-top: 30px !important;}\u00bb][vc_custom_heading text=\u00bbInvestigaci\u00f3n del sue\u00f1o\u00bb font_container=\u00bbtag:h3|text_align:left|color:%23202020&#8243; use_theme_fonts=\u00bbyes\u00bb][vc_column_text]<\/p>\n<div class=\"page_content\">A partir de enero de 2013, DA\/UG inici\u00f3 el proyecto de investigaci\u00f3n \u2018\u2019comportamiento de descanso similar al sue\u00f1o\u2019\u2019, que consiste en observaciones no invasivas de los delfines durante todo el d\u00eda. Todos los a\u00f1os, al final de la temporada de lluvias (finales de febrero, principios de marzo), los investigadores observan a los delfines durante varios per\u00edodos de tiempo, lo que finalmente lleva a una imagen completa de sus patrones diarios las 24 horas, los 7 d\u00edas de la semana. La investigaci\u00f3n muestra hallazgos interesantes sobre la forma en que los delfines pasan sus d\u00edas y noches. Ahora sabemos cu\u00e1nto tiempo prefiere dormir cada delf\u00edn, la ubicaci\u00f3n preferida y con qu\u00e9 individuos prefieren asociarse.<\/div>\n<div class=\"page_content\">El proyecto est\u00e1 en curso, recolectando m\u00e1s datos cada a\u00f1o y formando un conjunto de datos de por vida de los ritmos diarios (cambiantes y en evoluci\u00f3n) de esta comunidad de delfines. Este conjunto de datos incluye: c\u00f3mo los delfines infantiles asignan su tiempo inmediatamente despu\u00e9s del parto, c\u00f3mo pasan sus d\u00edas y noches mientras hacen la transici\u00f3n a cr\u00edas semi-independientes, su rango de actividad a medida que crecen hasta la adolescencia y los factores contribuyentes que dan forma a su ritmo diario cuando se convierten en adultos.<\/div>\n<div class=\"page_content\">Con el tiempo, los investigadores pueden combinar los datos de diferentes grupos de edad a trav\u00e9s de los a\u00f1os y observar las tendencias en la variaci\u00f3n r\u00edtmica, las diferencias entre machos y hembras, y c\u00f3mo ser madre a tiempo completo influye en los patrones de descanso\/vigilia de un delf\u00edn.<\/div>\n<p>[\/vc_column_text][vc_empty_space height=\u00bb10px\u00bb el_class=\u00bbhidmob\u00bb][\/vc_column][vc_column width=\u00bb1\/2&#8243;][vc_single_image image=\u00bb2151&#8243; img_size=\u00bbfull\u00bb css=\u00bb.vc_custom_1587031239381{margin-bottom: 0px !important;}\u00bb][\/vc_column][\/vc_row][vc_row full_width=\u00bbstretch_row\u00bb el_class=\u00bbimg_shadow\u00bb css=\u00bb.vc_custom_1584522188498{background-color: #f4f1f1 !important;}\u00bb][vc_column width=\u00bb1\/2&#8243;][vc_single_image image=\u00bb2149&#8243; img_size=\u00bbfull\u00bb css=\u00bb.vc_custom_1586774227761{margin-bottom: 0px !important;}\u00bb][\/vc_column][vc_column width=\u00bb1\/2&#8243; el_class=\u00bbonly_mobile\u00bb css=\u00bb.vc_custom_1576738716119{padding-top: 30px !important;}\u00bb][vc_custom_heading text=\u00bbComportamiento de la madre y cr\u00eda\u00bb font_container=\u00bbtag:h3|text_align:left|color:%23202020&#8243; use_theme_fonts=\u00bbyes\u00bb][vc_column_text]<\/p>\n<div class=\"page_content\">Un enfoque principal del estudio del sue\u00f1o a largo plazo es el desarrollo del comportamiento de descanco\/vigilia en los per\u00edodos pre y posparto para las delfines madres y sus cr\u00edas reci\u00e9n nacidas. Debido al hecho de que los delfines son una de las \u00fanicas especies de mam\u00edferos en la tierra que permanecen en constante movimiento despu\u00e9s del nacimiento, las cr\u00edas tienden a dormir muy poco en los primeros d\u00edas e incluso semanas despu\u00e9s del nacimiento (es cuestionable si duermen). Como casi todos los mam\u00edferos, los beb\u00e9s tienden a dormir la mayor parte del d\u00eda. Con los delfines, sin embargo, es todo lo contrario, la cantidad de sue\u00f1o que obtienen aumenta con la edad. Esto es contrario a los humanos, por ejemplo, que duermen cada vez menos a medida que aumenta la edad. Con cada nuevo nacimiento, aumentamos nuestro conocimiento de este tema.<\/div>\n<p>[\/vc_column_text][\/vc_column][\/vc_row][vc_row full_width=\u00bbstretch_row\u00bb el_class=\u00bbimg_shadow\u00bb css=\u00bb.vc_custom_1586764606728{background-color: #f4f1f1 !important;}\u00bb][vc_column width=\u00bb1\/2&#8243; el_class=\u00bbonly_mobile\u00bb css=\u00bb.vc_custom_1576738716119{padding-top: 30px !important;}\u00bb][vc_custom_heading text=\u00bbRespuesta sensorial de los delfines en reposo\u00bb font_container=\u00bbtag:h3|text_align:left|color:%23202020&#8243; use_theme_fonts=\u00bbyes\u00bb][vc_column_text]<\/p>\n<div class=\"page_content\">Un criterio importante que nunca se ha investigado en los delfines mulares en reposo es si tienen un nivel de excitaci\u00f3n aumentada. Esto tambi\u00e9n se conoce como una disminuci\u00f3n de la capacidad de respuesta sensorial, lo que b\u00e1sicamente significa que cuanto m\u00e1s profundamente duermas, m\u00e1s dif\u00edcil se te hace despertarte. Por lo general, los humanos pasan por diferentes etapas\/profundidades del sue\u00f1o. En las etapas menos profundas, una persona se despertar\u00e1 con cualquier peque\u00f1o ruido, mientras que en etapas m\u00e1s profundas ser\u00e1 casi imposible que esta persona se despierte.<br \/>\nSin embargo, como los delfines siempre tienen una parte de su cerebro despierto y activo, \u00bfsignifica esto que no tienen un nivel de excitaci\u00f3n aumentada? \u00bfResponden de la misma manera cuando descansan, como cuando est\u00e1n completamente despiertos? Si bien esto ser\u00eda una ventaja obvia cuando se duerme en un entorno posiblemente inseguro y en constante cambio, parece que se necesita una cierta cantidad y profundidad de sue\u00f1o para funcionar correctamente. DA\/UG se encuentra actualmente en las \u00faltimas etapas de prueba del nivel de excitaci\u00f3n utilizando diferentes frecuencias y vol\u00famenes de sonidos, transmitidos a trav\u00e9s de un altavoz subacu\u00e1tico mientras los delfines muestran un comportamiento de descanso.<\/div>\n<p>[\/vc_column_text][\/vc_column][vc_column width=\u00bb1\/2&#8243;][vc_single_image image=\u00bb2152&#8243; img_size=\u00bb571&#215;380&#8243; css=\u00bb.vc_custom_1587031547351{margin-bottom: 0px !important;}\u00bb][vc_empty_space height=\u00bb70px\u00bb el_class=\u00bbhidmob\u00bb][\/vc_column][\/vc_row][vc_row full_width=\u00bbstretch_row\u00bb css=\u00bb.vc_custom_1586764617549{background-color: #f4f1f1 !important;}\u00bb el_class=\u00bbimg_shadow\u00bb][vc_column width=\u00bb1\/2&#8243;][vc_single_image image=\u00bb2153&#8243; img_size=\u00bbfull\u00bb css=\u00bb.vc_custom_1587031309349{margin-bottom: 0px !important;}\u00bb][vc_empty_space height=\u00bb70px\u00bb el_class=\u00bbhidmob\u00bb][\/vc_column][vc_column width=\u00bb1\/2&#8243; el_class=\u00bbpadb25&#8243;][vc_custom_heading text=\u00bbAsociaci\u00f3n del tiempo y el lugar\/recompensa por comportamiento anticipatorio\u00bb font_container=\u00bbtag:h3|text_align:left|color:%23202020&#8243; use_theme_fonts=\u00bbyes\u00bb][vc_column_text]<\/p>\n<div class=\"page_content padb60\">Tener un ritmo circadiano implica que ciertos comportamientos solo ocurran en algunos momentos del d\u00eda. Para establecer la presencia de un reloj circadiano, que es la base de cualquier ritmo circadiano, stamos probando el comportamiento anticipatorio de los delfines utilizando una recompensa basada en alimentos en ciertos lugares y en ciertos momentos. Si hay un reloj circadiano en funcionamiento presente en los delfines mulares, deber\u00edan poder anticipar estos eventos predecibles y, por lo tanto, mostrar actividad anticipatoria antes de las comidas programadas. Para probar esto, hemos configurado una prueba de asociaci\u00f3n de lugar y el tiempo. Los resultados preliminares indican una diferencia entre machos y hembras, y m\u00e1s espec\u00edficamente, hembras con cr\u00edas. Sin embargo, solo se ha probado en unos pocos delfines con resultados variables, por lo que se necesitan m\u00e1s pruebas.<\/div>\n<p>[\/vc_column_text][vc_empty_space height=\u00bb0px\u00bb][\/vc_column][\/vc_row][\/vc_section]<\/p>\n<\/div>","protected":false},"excerpt":{"rendered":"<p>[vc_section][vc_row css=\u00bb.vc_custom_1586765125003{background-color: #ffffff !important;}\u00bb][vc_column width=\u00bb1\/2&#8243; css=\u00bb.vc_custom_1586764910569{margin-bottom: 0px !important;}\u00bb][vc_custom_heading text=\u00bbInvestigaci\u00f3n sobre delfines\u00bb font_container=\u00bbtag:h2|text_align:left|color:%23202020&#8243; use_theme_fonts=\u00bbyes\u00bb][vc_column_text] Conoce nuestros esfuerzos de investigaci\u00f3n corroborativa para expandir y mejorar nuestra comprensi\u00f3n de<span class=\"excerpt-hellip\"> [\u2026]<\/span><\/p>\n","protected":false},"author":94,"featured_media":0,"parent":1678,"menu_order":0,"comment_status":"closed","ping_status":"closed","template":"","meta":{"footnotes":"","_wp_rev_ctl_limit":""},"class_list":["post-1627","page","type-page","status-publish","hentry"],"yoast_head":"<!-- This site is optimized with the Yoast SEO plugin v27.5 - https:\/\/yoast.com\/product\/yoast-seo-wordpress\/ -->\n<title>Investigaci\u00f3n sobre Delfines | Dolphin Academy Cura\u00e7ao<\/title>\n<meta name=\"description\" content=\"Conozca nuestros esfuerzos de investigaci\u00f3n corroborativa para ampliar y mejorar nuestra comprensi\u00f3n de los delfines y sus h\u00e1bitats.\" \/>\n<meta name=\"robots\" content=\"index, follow, max-snippet:-1, max-image-preview:large, max-video-preview:-1\" \/>\n<link rel=\"canonical\" href=\"https:\/\/dolphin-academy.com\/es\/investigacion\/investigacion-sobre-delfines\/\" \/>\n<meta property=\"og:locale\" content=\"es_ES\" \/>\n<meta property=\"og:type\" content=\"article\" \/>\n<meta property=\"og:title\" content=\"Investigaci\u00f3n sobre Delfines | Dolphin Academy Cura\u00e7ao\" \/>\n<meta property=\"og:description\" content=\"Conozca nuestros esfuerzos de investigaci\u00f3n corroborativa para ampliar y mejorar nuestra comprensi\u00f3n de los delfines y sus h\u00e1bitats.\" \/>\n<meta property=\"og:url\" content=\"https:\/\/dolphin-academy.com\/es\/investigacion\/investigacion-sobre-delfines\/\" \/>\n<meta property=\"og:site_name\" content=\"Dolphin Academy\" \/>\n<meta property=\"article:publisher\" content=\"https:\/\/www.facebook.com\/dolphinacademycuracao\/\" \/>\n<meta property=\"article:modified_time\" content=\"2020-12-03T12:13:37+00:00\" \/>\n<meta property=\"og:image\" content=\"https:\/\/dolphin-academy.com\/wp-content\/uploads\/2019\/12\/DolphinAcademy_logo-1.png\" \/>\n\t<meta property=\"og:image:width\" content=\"2480\" \/>\n\t<meta property=\"og:image:height\" content=\"1278\" \/>\n\t<meta property=\"og:image:type\" content=\"image\/png\" \/>\n<meta name=\"twitter:card\" content=\"summary_large_image\" \/>\n<meta name=\"twitter:label1\" content=\"Tiempo de lectura\" \/>\n\t<meta name=\"twitter:data1\" content=\"8 minutos\" \/>\n<script type=\"application\/ld+json\" class=\"yoast-schema-graph\">{\"@context\":\"https:\\\/\\\/schema.org\",\"@graph\":[{\"@type\":\"WebPage\",\"@id\":\"https:\\\/\\\/dolphin-academy.com\\\/es\\\/investigacion\\\/investigacion-sobre-delfines\\\/\",\"url\":\"https:\\\/\\\/dolphin-academy.com\\\/es\\\/investigacion\\\/investigacion-sobre-delfines\\\/\",\"name\":\"Investigaci\u00f3n sobre Delfines | Dolphin Academy Cura\u00e7ao\",\"isPartOf\":{\"@id\":\"https:\\\/\\\/dolphin-academy.com\\\/es\\\/#website\"},\"datePublished\":\"2020-03-18T09:54:34+00:00\",\"dateModified\":\"2020-12-03T12:13:37+00:00\",\"description\":\"Conozca nuestros esfuerzos de investigaci\u00f3n corroborativa para ampliar y mejorar nuestra comprensi\u00f3n de los delfines y sus h\u00e1bitats.\",\"breadcrumb\":{\"@id\":\"https:\\\/\\\/dolphin-academy.com\\\/es\\\/investigacion\\\/investigacion-sobre-delfines\\\/#breadcrumb\"},\"inLanguage\":\"es\",\"potentialAction\":[{\"@type\":\"ReadAction\",\"target\":[\"https:\\\/\\\/dolphin-academy.com\\\/es\\\/investigacion\\\/investigacion-sobre-delfines\\\/\"]}]},{\"@type\":\"BreadcrumbList\",\"@id\":\"https:\\\/\\\/dolphin-academy.com\\\/es\\\/investigacion\\\/investigacion-sobre-delfines\\\/#breadcrumb\",\"itemListElement\":[{\"@type\":\"ListItem\",\"position\":1,\"name\":\"Home\",\"item\":\"https:\\\/\\\/dolphin-academy.com\\\/es\\\/\"},{\"@type\":\"ListItem\",\"position\":2,\"name\":\"Investigaci\u00f3n\",\"item\":\"https:\\\/\\\/dolphin-academy.com\\\/es\\\/investigacion\\\/\"},{\"@type\":\"ListItem\",\"position\":3,\"name\":\"Investigaci\u00f3n sobre delfines\"}]},{\"@type\":\"WebSite\",\"@id\":\"https:\\\/\\\/dolphin-academy.com\\\/es\\\/#website\",\"url\":\"https:\\\/\\\/dolphin-academy.com\\\/es\\\/\",\"name\":\"Dolphin Academy\",\"description\":\"Dolphin Academy Cura\u00e7ao\",\"publisher\":{\"@id\":\"https:\\\/\\\/dolphin-academy.com\\\/es\\\/#organization\"},\"potentialAction\":[{\"@type\":\"SearchAction\",\"target\":{\"@type\":\"EntryPoint\",\"urlTemplate\":\"https:\\\/\\\/dolphin-academy.com\\\/es\\\/?s={search_term_string}\"},\"query-input\":{\"@type\":\"PropertyValueSpecification\",\"valueRequired\":true,\"valueName\":\"search_term_string\"}}],\"inLanguage\":\"es\"},{\"@type\":\"Organization\",\"@id\":\"https:\\\/\\\/dolphin-academy.com\\\/es\\\/#organization\",\"name\":\"Dolphin Academy\",\"url\":\"https:\\\/\\\/dolphin-academy.com\\\/es\\\/\",\"logo\":{\"@type\":\"ImageObject\",\"inLanguage\":\"es\",\"@id\":\"https:\\\/\\\/dolphin-academy.com\\\/es\\\/#\\\/schema\\\/logo\\\/image\\\/\",\"url\":\"https:\\\/\\\/dolphin-academy.com\\\/wp-content\\\/uploads\\\/2019\\\/12\\\/DolphinAcademy_logo-1.png\",\"contentUrl\":\"https:\\\/\\\/dolphin-academy.com\\\/wp-content\\\/uploads\\\/2019\\\/12\\\/DolphinAcademy_logo-1.png\",\"width\":2480,\"height\":1278,\"caption\":\"Dolphin Academy\"},\"image\":{\"@id\":\"https:\\\/\\\/dolphin-academy.com\\\/es\\\/#\\\/schema\\\/logo\\\/image\\\/\"},\"sameAs\":[\"https:\\\/\\\/www.facebook.com\\\/dolphinacademycuracao\\\/\",\"https:\\\/\\\/www.instagram.com\\\/dolphinacademycuracao\\\/\",\"https:\\\/\\\/www.youtube.com\\\/user\\\/DolphinAcademy\"]}]}<\/script>\n<!-- \/ Yoast SEO plugin. -->","yoast_head_json":{"title":"Investigaci\u00f3n sobre Delfines | Dolphin Academy Cura\u00e7ao","description":"Conozca nuestros esfuerzos de investigaci\u00f3n corroborativa para ampliar y mejorar nuestra comprensi\u00f3n de los delfines y sus h\u00e1bitats.","robots":{"index":"index","follow":"follow","max-snippet":"max-snippet:-1","max-image-preview":"max-image-preview:large","max-video-preview":"max-video-preview:-1"},"canonical":"https:\/\/dolphin-academy.com\/es\/investigacion\/investigacion-sobre-delfines\/","og_locale":"es_ES","og_type":"article","og_title":"Investigaci\u00f3n sobre Delfines | Dolphin Academy Cura\u00e7ao","og_description":"Conozca nuestros esfuerzos de investigaci\u00f3n corroborativa para ampliar y mejorar nuestra comprensi\u00f3n de los delfines y sus h\u00e1bitats.","og_url":"https:\/\/dolphin-academy.com\/es\/investigacion\/investigacion-sobre-delfines\/","og_site_name":"Dolphin Academy","article_publisher":"https:\/\/www.facebook.com\/dolphinacademycuracao\/","article_modified_time":"2020-12-03T12:13:37+00:00","og_image":[{"width":2480,"height":1278,"url":"https:\/\/dolphin-academy.com\/wp-content\/uploads\/2019\/12\/DolphinAcademy_logo-1.png","type":"image\/png"}],"twitter_card":"summary_large_image","twitter_misc":{"Tiempo de lectura":"8 minutos"},"schema":{"@context":"https:\/\/schema.org","@graph":[{"@type":"WebPage","@id":"https:\/\/dolphin-academy.com\/es\/investigacion\/investigacion-sobre-delfines\/","url":"https:\/\/dolphin-academy.com\/es\/investigacion\/investigacion-sobre-delfines\/","name":"Investigaci\u00f3n sobre Delfines | Dolphin Academy Cura\u00e7ao","isPartOf":{"@id":"https:\/\/dolphin-academy.com\/es\/#website"},"datePublished":"2020-03-18T09:54:34+00:00","dateModified":"2020-12-03T12:13:37+00:00","description":"Conozca nuestros esfuerzos de investigaci\u00f3n corroborativa para ampliar y mejorar nuestra comprensi\u00f3n de los delfines y sus h\u00e1bitats.","breadcrumb":{"@id":"https:\/\/dolphin-academy.com\/es\/investigacion\/investigacion-sobre-delfines\/#breadcrumb"},"inLanguage":"es","potentialAction":[{"@type":"ReadAction","target":["https:\/\/dolphin-academy.com\/es\/investigacion\/investigacion-sobre-delfines\/"]}]},{"@type":"BreadcrumbList","@id":"https:\/\/dolphin-academy.com\/es\/investigacion\/investigacion-sobre-delfines\/#breadcrumb","itemListElement":[{"@type":"ListItem","position":1,"name":"Home","item":"https:\/\/dolphin-academy.com\/es\/"},{"@type":"ListItem","position":2,"name":"Investigaci\u00f3n","item":"https:\/\/dolphin-academy.com\/es\/investigacion\/"},{"@type":"ListItem","position":3,"name":"Investigaci\u00f3n sobre delfines"}]},{"@type":"WebSite","@id":"https:\/\/dolphin-academy.com\/es\/#website","url":"https:\/\/dolphin-academy.com\/es\/","name":"Dolphin Academy","description":"Dolphin Academy Cura\u00e7ao","publisher":{"@id":"https:\/\/dolphin-academy.com\/es\/#organization"},"potentialAction":[{"@type":"SearchAction","target":{"@type":"EntryPoint","urlTemplate":"https:\/\/dolphin-academy.com\/es\/?s={search_term_string}"},"query-input":{"@type":"PropertyValueSpecification","valueRequired":true,"valueName":"search_term_string"}}],"inLanguage":"es"},{"@type":"Organization","@id":"https:\/\/dolphin-academy.com\/es\/#organization","name":"Dolphin Academy","url":"https:\/\/dolphin-academy.com\/es\/","logo":{"@type":"ImageObject","inLanguage":"es","@id":"https:\/\/dolphin-academy.com\/es\/#\/schema\/logo\/image\/","url":"https:\/\/dolphin-academy.com\/wp-content\/uploads\/2019\/12\/DolphinAcademy_logo-1.png","contentUrl":"https:\/\/dolphin-academy.com\/wp-content\/uploads\/2019\/12\/DolphinAcademy_logo-1.png","width":2480,"height":1278,"caption":"Dolphin Academy"},"image":{"@id":"https:\/\/dolphin-academy.com\/es\/#\/schema\/logo\/image\/"},"sameAs":["https:\/\/www.facebook.com\/dolphinacademycuracao\/","https:\/\/www.instagram.com\/dolphinacademycuracao\/","https:\/\/www.youtube.com\/user\/DolphinAcademy"]}]}},"jetpack_sharing_enabled":true,"_links":{"self":[{"href":"https:\/\/dolphin-academy.com\/es\/wp-json\/wp\/v2\/pages\/1627","targetHints":{"allow":["GET"]}}],"collection":[{"href":"https:\/\/dolphin-academy.com\/es\/wp-json\/wp\/v2\/pages"}],"about":[{"href":"https:\/\/dolphin-academy.com\/es\/wp-json\/wp\/v2\/types\/page"}],"author":[{"embeddable":true,"href":"https:\/\/dolphin-academy.com\/es\/wp-json\/wp\/v2\/users\/94"}],"replies":[{"embeddable":true,"href":"https:\/\/dolphin-academy.com\/es\/wp-json\/wp\/v2\/comments?post=1627"}],"version-history":[{"count":10,"href":"https:\/\/dolphin-academy.com\/es\/wp-json\/wp\/v2\/pages\/1627\/revisions"}],"predecessor-version":[{"id":3343,"href":"https:\/\/dolphin-academy.com\/es\/wp-json\/wp\/v2\/pages\/1627\/revisions\/3343"}],"up":[{"embeddable":true,"href":"https:\/\/dolphin-academy.com\/es\/wp-json\/wp\/v2\/pages\/1678"}],"wp:attachment":[{"href":"https:\/\/dolphin-academy.com\/es\/wp-json\/wp\/v2\/media?parent=1627"}],"curies":[{"name":"wp","href":"https:\/\/api.w.org\/{rel}","templated":true}]}}