{"id":1640,"date":"2020-03-18T12:11:07","date_gmt":"2020-03-18T12:11:07","guid":{"rendered":"https:\/\/dolphinacademy.mystagingwebsite.com\/education\/"},"modified":"2020-12-03T11:56:38","modified_gmt":"2020-12-03T11:56:38","slug":"educacion","status":"publish","type":"page","link":"https:\/\/dolphin-academy.com\/es\/educacion\/","title":{"rendered":"Educaci\u00f3n"},"content":{"rendered":"<div class=\"wpb-content-wrapper\"><p>[vc_section el_class=\u00bbtop-experiences-section\u00bb][vc_row][vc_column width=\u00bb1\/2&#8243;][vc_empty_space height=\u00bb10px\u00bb][vc_custom_heading text=\u00bb\u00a1Disfruta de un d\u00eda divertido y educativo!\u00bb font_container=\u00bbtag:h2|text_align:left|color:%23202020&#8243; use_theme_fonts=\u00bbyes\u00bb][vc_custom_heading text=\u00bb\u00bfEst\u00e1s en b\u00fasqueda de un d\u00eda educativo y divertido? Nuestro Departamento de Educaci\u00f3n ofrece programas educativos sobre la vida marina para preescolares, jardines de infancia, escuelas primarias, escuelas secundarias, escuelas especiales y escuelas privadas. Tambi\u00e9n ofrece este servicio de formas individuales, paquetes o como proyectos sociales para fundaciones, orfanatos, grupos de planes de vacaciones, grupos comunitarios de iglesias, grupos de personas mayores de 60, clubes y todos los dem\u00e1s, de acuerdo a sus necesidades espec\u00edficas.\u00bb font_container=\u00bbtag:p|font_size:16px|text_align:left|color:%23202020|line_height:24px\u00bb use_theme_fonts=\u00bbyes\u00bb][\/vc_column][vc_column width=\u00bb1\/2&#8243; css=\u00bb.vc_custom_1584533797041{margin-right: 0px !important;}\u00bb][vc_single_image image=\u00bb2113&#8243; img_size=\u00bbfull\u00bb el_class=\u00bbmrgb0&#8243;][\/vc_column][\/vc_row][vc_row full_width=\u00bbstretch_row_content_no_spaces\u00bb el_class=\u00bbdesktop_wave\u00bb css=\u00bb.vc_custom_1582085524793{margin-bottom: -35px !important;}\u00bb][vc_column][vc_single_image image=\u00bb1151&#8243; img_size=\u00bbfull\u00bb css=\u00bb.vc_custom_1582085424026{margin-bottom: 0px !important;padding-bottom: 0px !important;}\u00bb][\/vc_column][\/vc_row][vc_row full_width=\u00bbstretch_row\u00bb css=\u00bb.vc_custom_1582085211451{background-color: #f4f2f2 !important;}\u00bb][vc_column width=\u00bb1\/12&#8243; el_class=\u00bbhidmob\u00bb][\/vc_column][vc_column width=\u00bb5\/6&#8243;][vc_empty_space height=\u00bb10px\u00bb el_class=\u00bbhidmob\u00bb][vc_row_inner][vc_column_inner el_class=\u00bbresearch_box_container\u00bb width=\u00bb5\/12&#8243; css=\u00bb.vc_custom_1585022898293{background-image: url(https:\/\/dolphin-academy.com\/wp-content\/uploads\/2020\/03\/Bayena-i-Dolfein-min.jpg?id=913) !important;background-position: center !important;background-repeat: no-repeat !important;background-size: cover !important;border-radius: 20px !important;}\u00bb][vc_column_text]<\/p>\n<div class=\"research_box\">\n<div class=\"research_box_content\">\n<h2>Bayena i Dolfein<\/h2>\n<p><a class=\"vc_general vc_btn3 vc_btn3-size-md vc_btn3-shape-rounded vc_btn3-style-modern vc_btn3-color-grey\" href=\"https:\/\/dolphin-academy.com\/es\/bayena-i-dolfein\/\">Leer m\u00e1s<\/a><\/p>\n<\/div>\n<\/div>\n<p>[\/vc_column_text][\/vc_column_inner][vc_column_inner width=\u00bb1\/6&#8243;][\/vc_column_inner][vc_column_inner el_class=\u00bbresearch_box_container\u00bb width=\u00bb5\/12&#8243; css=\u00bb.vc_custom_1585022950442{background-image: url(https:\/\/dolphin-academy.com\/wp-content\/uploads\/2020\/03\/Youth-Activities-min.jpg?id=910) !important;background-position: center !important;background-repeat: no-repeat !important;background-size: cover !important;border-radius: 20px !important;}\u00bb][vc_column_text]<\/p>\n<div class=\"research_box\">\n<div class=\"research_box_content\">\n<h2>Actividades juveniles<\/h2>\n<p><a class=\"vc_general vc_btn3 vc_btn3-size-md vc_btn3-shape-rounded vc_btn3-style-modern vc_btn3-color-grey\" href=\"https:\/\/dolphin-academy.com\/es\/actividades-juveniles\/\">Leer m\u00e1s<\/a><\/p>\n<\/div>\n<\/div>\n<p>[\/vc_column_text][\/vc_column_inner][\/vc_row_inner][vc_empty_space height=\u00bb70px\u00bb][\/vc_column][vc_column width=\u00bb1\/12&#8243;][\/vc_column][\/vc_row][\/vc_section]<\/p>\n<\/div>","protected":false},"excerpt":{"rendered":"<p>[vc_section el_class=\u00bbtop-experiences-section\u00bb][vc_row][vc_column width=\u00bb1\/2&#8243;][vc_empty_space height=\u00bb10px\u00bb][vc_custom_heading text=\u00bb\u00a1Disfruta de un d\u00eda divertido y educativo!\u00bb font_container=\u00bbtag:h2|text_align:left|color:%23202020&#8243; use_theme_fonts=\u00bbyes\u00bb][vc_custom_heading text=\u00bb\u00bfEst\u00e1s en b\u00fasqueda de un d\u00eda educativo y divertido? Nuestro Departamento de Educaci\u00f3n<span class=\"excerpt-hellip\"> [\u2026]<\/span><\/p>\n","protected":false},"author":94,"featured_media":0,"parent":0,"menu_order":0,"comment_status":"closed","ping_status":"closed","template":"","meta":{"footnotes":"","_wp_rev_ctl_limit":""},"class_list":["post-1640","page","type-page","status-publish","hentry"],"yoast_head":"<!-- This site is optimized with the Yoast SEO plugin v27.5 - https:\/\/yoast.com\/product\/yoast-seo-wordpress\/ -->\n<title>Educaci\u00f3n | Dolphin Academy Cura\u00e7ao<\/title>\n<meta name=\"description\" content=\"Nuestro equipo ofrece diferentes tipos de programas educativos: vida marina, delfines y otras actividades juveniles.\" \/>\n<meta name=\"robots\" content=\"index, follow, max-snippet:-1, max-image-preview:large, max-video-preview:-1\" \/>\n<link rel=\"canonical\" href=\"https:\/\/dolphin-academy.com\/es\/educacion\/\" \/>\n<meta property=\"og:locale\" content=\"es_ES\" \/>\n<meta property=\"og:type\" content=\"article\" \/>\n<meta property=\"og:title\" content=\"Educaci\u00f3n | Dolphin Academy Cura\u00e7ao\" \/>\n<meta property=\"og:description\" content=\"Nuestro equipo ofrece diferentes tipos de programas educativos: vida marina, delfines y otras actividades juveniles.\" \/>\n<meta property=\"og:url\" content=\"https:\/\/dolphin-academy.com\/es\/educacion\/\" \/>\n<meta property=\"og:site_name\" content=\"Dolphin Academy\" \/>\n<meta property=\"article:publisher\" content=\"https:\/\/www.facebook.com\/dolphinacademycuracao\/\" \/>\n<meta property=\"article:modified_time\" content=\"2020-12-03T11:56:38+00:00\" \/>\n<meta property=\"og:image\" content=\"https:\/\/dolphin-academy.com\/wp-content\/uploads\/2019\/12\/DolphinAcademy_logo-1.png\" \/>\n\t<meta property=\"og:image:width\" content=\"2480\" \/>\n\t<meta property=\"og:image:height\" content=\"1278\" \/>\n\t<meta property=\"og:image:type\" content=\"image\/png\" \/>\n<meta name=\"twitter:card\" content=\"summary_large_image\" \/>\n<meta name=\"twitter:label1\" content=\"Tiempo de lectura\" \/>\n\t<meta name=\"twitter:data1\" content=\"2 minutos\" \/>\n<script type=\"application\/ld+json\" class=\"yoast-schema-graph\">{\"@context\":\"https:\\\/\\\/schema.org\",\"@graph\":[{\"@type\":\"WebPage\",\"@id\":\"https:\\\/\\\/dolphin-academy.com\\\/es\\\/educacion\\\/\",\"url\":\"https:\\\/\\\/dolphin-academy.com\\\/es\\\/educacion\\\/\",\"name\":\"Educaci\u00f3n | Dolphin Academy Cura\u00e7ao\",\"isPartOf\":{\"@id\":\"https:\\\/\\\/dolphin-academy.com\\\/es\\\/#website\"},\"datePublished\":\"2020-03-18T12:11:07+00:00\",\"dateModified\":\"2020-12-03T11:56:38+00:00\",\"description\":\"Nuestro equipo ofrece diferentes tipos de programas educativos: vida marina, delfines y otras actividades juveniles.\",\"breadcrumb\":{\"@id\":\"https:\\\/\\\/dolphin-academy.com\\\/es\\\/educacion\\\/#breadcrumb\"},\"inLanguage\":\"es\",\"potentialAction\":[{\"@type\":\"ReadAction\",\"target\":[\"https:\\\/\\\/dolphin-academy.com\\\/es\\\/educacion\\\/\"]}]},{\"@type\":\"BreadcrumbList\",\"@id\":\"https:\\\/\\\/dolphin-academy.com\\\/es\\\/educacion\\\/#breadcrumb\",\"itemListElement\":[{\"@type\":\"ListItem\",\"position\":1,\"name\":\"Home\",\"item\":\"https:\\\/\\\/dolphin-academy.com\\\/es\\\/\"},{\"@type\":\"ListItem\",\"position\":2,\"name\":\"Educaci\u00f3n\"}]},{\"@type\":\"WebSite\",\"@id\":\"https:\\\/\\\/dolphin-academy.com\\\/es\\\/#website\",\"url\":\"https:\\\/\\\/dolphin-academy.com\\\/es\\\/\",\"name\":\"Dolphin Academy\",\"description\":\"Dolphin Academy Cura\u00e7ao\",\"publisher\":{\"@id\":\"https:\\\/\\\/dolphin-academy.com\\\/es\\\/#organization\"},\"potentialAction\":[{\"@type\":\"SearchAction\",\"target\":{\"@type\":\"EntryPoint\",\"urlTemplate\":\"https:\\\/\\\/dolphin-academy.com\\\/es\\\/?s={search_term_string}\"},\"query-input\":{\"@type\":\"PropertyValueSpecification\",\"valueRequired\":true,\"valueName\":\"search_term_string\"}}],\"inLanguage\":\"es\"},{\"@type\":\"Organization\",\"@id\":\"https:\\\/\\\/dolphin-academy.com\\\/es\\\/#organization\",\"name\":\"Dolphin Academy\",\"url\":\"https:\\\/\\\/dolphin-academy.com\\\/es\\\/\",\"logo\":{\"@type\":\"ImageObject\",\"inLanguage\":\"es\",\"@id\":\"https:\\\/\\\/dolphin-academy.com\\\/es\\\/#\\\/schema\\\/logo\\\/image\\\/\",\"url\":\"https:\\\/\\\/dolphin-academy.com\\\/wp-content\\\/uploads\\\/2019\\\/12\\\/DolphinAcademy_logo-1.png\",\"contentUrl\":\"https:\\\/\\\/dolphin-academy.com\\\/wp-content\\\/uploads\\\/2019\\\/12\\\/DolphinAcademy_logo-1.png\",\"width\":2480,\"height\":1278,\"caption\":\"Dolphin Academy\"},\"image\":{\"@id\":\"https:\\\/\\\/dolphin-academy.com\\\/es\\\/#\\\/schema\\\/logo\\\/image\\\/\"},\"sameAs\":[\"https:\\\/\\\/www.facebook.com\\\/dolphinacademycuracao\\\/\",\"https:\\\/\\\/www.instagram.com\\\/dolphinacademycuracao\\\/\",\"https:\\\/\\\/www.youtube.com\\\/user\\\/DolphinAcademy\"]}]}<\/script>\n<!-- \/ Yoast SEO plugin. -->","yoast_head_json":{"title":"Educaci\u00f3n | Dolphin Academy Cura\u00e7ao","description":"Nuestro equipo ofrece diferentes tipos de programas educativos: vida marina, delfines y otras actividades juveniles.","robots":{"index":"index","follow":"follow","max-snippet":"max-snippet:-1","max-image-preview":"max-image-preview:large","max-video-preview":"max-video-preview:-1"},"canonical":"https:\/\/dolphin-academy.com\/es\/educacion\/","og_locale":"es_ES","og_type":"article","og_title":"Educaci\u00f3n | Dolphin Academy Cura\u00e7ao","og_description":"Nuestro equipo ofrece diferentes tipos de programas educativos: vida marina, delfines y otras actividades juveniles.","og_url":"https:\/\/dolphin-academy.com\/es\/educacion\/","og_site_name":"Dolphin Academy","article_publisher":"https:\/\/www.facebook.com\/dolphinacademycuracao\/","article_modified_time":"2020-12-03T11:56:38+00:00","og_image":[{"width":2480,"height":1278,"url":"https:\/\/dolphin-academy.com\/wp-content\/uploads\/2019\/12\/DolphinAcademy_logo-1.png","type":"image\/png"}],"twitter_card":"summary_large_image","twitter_misc":{"Tiempo de lectura":"2 minutos"},"schema":{"@context":"https:\/\/schema.org","@graph":[{"@type":"WebPage","@id":"https:\/\/dolphin-academy.com\/es\/educacion\/","url":"https:\/\/dolphin-academy.com\/es\/educacion\/","name":"Educaci\u00f3n | Dolphin Academy Cura\u00e7ao","isPartOf":{"@id":"https:\/\/dolphin-academy.com\/es\/#website"},"datePublished":"2020-03-18T12:11:07+00:00","dateModified":"2020-12-03T11:56:38+00:00","description":"Nuestro equipo ofrece diferentes tipos de programas educativos: vida marina, delfines y otras actividades juveniles.","breadcrumb":{"@id":"https:\/\/dolphin-academy.com\/es\/educacion\/#breadcrumb"},"inLanguage":"es","potentialAction":[{"@type":"ReadAction","target":["https:\/\/dolphin-academy.com\/es\/educacion\/"]}]},{"@type":"BreadcrumbList","@id":"https:\/\/dolphin-academy.com\/es\/educacion\/#breadcrumb","itemListElement":[{"@type":"ListItem","position":1,"name":"Home","item":"https:\/\/dolphin-academy.com\/es\/"},{"@type":"ListItem","position":2,"name":"Educaci\u00f3n"}]},{"@type":"WebSite","@id":"https:\/\/dolphin-academy.com\/es\/#website","url":"https:\/\/dolphin-academy.com\/es\/","name":"Dolphin Academy","description":"Dolphin Academy Cura\u00e7ao","publisher":{"@id":"https:\/\/dolphin-academy.com\/es\/#organization"},"potentialAction":[{"@type":"SearchAction","target":{"@type":"EntryPoint","urlTemplate":"https:\/\/dolphin-academy.com\/es\/?s={search_term_string}"},"query-input":{"@type":"PropertyValueSpecification","valueRequired":true,"valueName":"search_term_string"}}],"inLanguage":"es"},{"@type":"Organization","@id":"https:\/\/dolphin-academy.com\/es\/#organization","name":"Dolphin Academy","url":"https:\/\/dolphin-academy.com\/es\/","logo":{"@type":"ImageObject","inLanguage":"es","@id":"https:\/\/dolphin-academy.com\/es\/#\/schema\/logo\/image\/","url":"https:\/\/dolphin-academy.com\/wp-content\/uploads\/2019\/12\/DolphinAcademy_logo-1.png","contentUrl":"https:\/\/dolphin-academy.com\/wp-content\/uploads\/2019\/12\/DolphinAcademy_logo-1.png","width":2480,"height":1278,"caption":"Dolphin Academy"},"image":{"@id":"https:\/\/dolphin-academy.com\/es\/#\/schema\/logo\/image\/"},"sameAs":["https:\/\/www.facebook.com\/dolphinacademycuracao\/","https:\/\/www.instagram.com\/dolphinacademycuracao\/","https:\/\/www.youtube.com\/user\/DolphinAcademy"]}]}},"jetpack_sharing_enabled":true,"_links":{"self":[{"href":"https:\/\/dolphin-academy.com\/es\/wp-json\/wp\/v2\/pages\/1640","targetHints":{"allow":["GET"]}}],"collection":[{"href":"https:\/\/dolphin-academy.com\/es\/wp-json\/wp\/v2\/pages"}],"about":[{"href":"https:\/\/dolphin-academy.com\/es\/wp-json\/wp\/v2\/types\/page"}],"author":[{"embeddable":true,"href":"https:\/\/dolphin-academy.com\/es\/wp-json\/wp\/v2\/users\/94"}],"replies":[{"embeddable":true,"href":"https:\/\/dolphin-academy.com\/es\/wp-json\/wp\/v2\/comments?post=1640"}],"version-history":[{"count":12,"href":"https:\/\/dolphin-academy.com\/es\/wp-json\/wp\/v2\/pages\/1640\/revisions"}],"predecessor-version":[{"id":3340,"href":"https:\/\/dolphin-academy.com\/es\/wp-json\/wp\/v2\/pages\/1640\/revisions\/3340"}],"wp:attachment":[{"href":"https:\/\/dolphin-academy.com\/es\/wp-json\/wp\/v2\/media?parent=1640"}],"curies":[{"name":"wp","href":"https:\/\/api.w.org\/{rel}","templated":true}]}}