{"id":1654,"date":"2020-03-18T13:22:37","date_gmt":"2020-03-18T13:22:37","guid":{"rendered":"https:\/\/dolphinacademy.mystagingwebsite.com\/groups-special-requests\/"},"modified":"2020-12-03T12:29:33","modified_gmt":"2020-12-03T12:29:33","slug":"groups-special-requests","status":"publish","type":"page","link":"https:\/\/dolphin-academy.com\/es\/experiencias\/groups-special-requests\/","title":{"rendered":"Grupos &#038; solicitudes especiales"},"content":{"rendered":"<div class=\"wpb-content-wrapper\"><p>[vc_section][vc_row][vc_column width=\u00bb5\/6&#8243;][vc_custom_heading text=\u00bb\u00a1Experimenta el Dolphin Academy con tu grupo!\u00bb font_container=\u00bbtag:h2|text_align:left|color:%23202020&#8243; use_theme_fonts=\u00bbyes\u00bb][vc_column_text]<\/p>\n<div class=\"page_content\"><span style=\"font-weight: 400;\">\u00a1Juntos siempre es mejor! \u00bfBuscas una experiencia divertida y educativa para tu grupo en Dolphin Academy? \u00a1Te podemos ayudar con eso! Ofrecemos tarifas especiales para grupos a partir de 10 personas. \u00a1Ponte en contacto con nosotros para obtener m\u00e1s informaci\u00f3n sobre c\u00f3mo podemos brindarte un d\u00eda que no olvidar\u00e1s!<\/span><\/div>\n<p>[\/vc_column_text][\/vc_column][vc_column width=\u00bb1\/6&#8243;][\/vc_column][\/vc_row][vc_row full_width=\u00bbstretch_row\u00bb css=\u00bb.vc_custom_1584529546352{background-color: #ffffff !important;}\u00bb el_class=\u00bbimg_shadow half_circle_top\u00bb][vc_column width=\u00bb1\/2&#8243; el_class=\u00bbonly_mobile\u00bb css=\u00bb.vc_custom_1576738793873{padding-top: 25px !important;}\u00bb][vc_custom_heading text=\u00bbSolicitudes especiales\u00bb font_container=\u00bbtag:h2|text_align:left|color:%23202020&#8243; use_theme_fonts=\u00bbyes\u00bb][vc_custom_heading text=\u00bb\u00bfEst\u00e1s buscando un lugar \u00fanico para celebrar tu boda? \u00bfEst\u00e1s planeando un evento corporativo? \u00bfO estas buscando algo para otro tipo de ocasi\u00f3n especial? \u00a1Podemos organizarlo tambi\u00e9n! Trabajamos contigo para organizar una experiencia completa basada en tus deseos. Tambi\u00e9n podemos organizar ofertas de paquetes que combinan nuestras diferentes secciones en experiencias diarias para grupos con un m\u00ednimo de 10 personas. Estos son perfectos para conferencias de negocios, d\u00edas familiares, bodas, etc. Por favor cont\u00e1ctanos directamente (link) para obtener m\u00e1s informaci\u00f3n y reservas.\u00bb font_container=\u00bbtag:p|font_size:16px|text_align:left|color:%23202020|line_height:25px\u00bb use_theme_fonts=\u00bbyes\u00bb][\/vc_column][vc_column width=\u00bb1\/2&#8243;][vc_single_image image=\u00bb2172&#8243; img_size=\u00bbfull\u00bb css=\u00bb.vc_custom_1586779902614{margin-bottom: 0px !important;}\u00bb][\/vc_column][\/vc_row][\/vc_section][vc_section full_width=\u00bbstretch_row\u00bb css=\u00bb.vc_custom_1584529640390{background-color: #f3f3f3 !important;}\u00bb][vc_row][vc_column width=\u00bb1\/6&#8243;][\/vc_column][vc_column width=\u00bb2\/3&#8243;][vc_empty_space height=\u00bb10px\u00bb][vc_custom_heading text=\u00bbGrupos y Solicitudes Especiales\u00bb font_container=\u00bbtag:h2|text_align:center|color:%23202020&#8243; use_theme_fonts=\u00bbyes\u00bb][vc_empty_space height=\u00bb10px\u00bb]\n<div class=\"wpcf7 no-js\" id=\"wpcf7-f2268-o1\" lang=\"es-ES\" dir=\"ltr\" data-wpcf7-id=\"2268\">\n<div class=\"screen-reader-response\"><p role=\"status\" aria-live=\"polite\" aria-atomic=\"true\"><\/p> <ul><\/ul><\/div>\n<form action=\"\/es\/wp-json\/wp\/v2\/pages\/1654#wpcf7-f2268-o1\" method=\"post\" class=\"wpcf7-form init\" aria-label=\"Formulario de contacto\" novalidate=\"novalidate\" data-status=\"init\">\n<fieldset class=\"hidden-fields-container\"><input type=\"hidden\" name=\"_wpcf7\" value=\"2268\" \/><input type=\"hidden\" name=\"_wpcf7_version\" value=\"6.1.5\" \/><input type=\"hidden\" name=\"_wpcf7_locale\" value=\"es_ES\" \/><input type=\"hidden\" name=\"_wpcf7_unit_tag\" value=\"wpcf7-f2268-o1\" \/><input type=\"hidden\" name=\"_wpcf7_container_post\" value=\"0\" \/><input type=\"hidden\" name=\"_wpcf7_posted_data_hash\" value=\"\" \/><input type=\"hidden\" name=\"_wpcf7_recaptcha_response\" value=\"\" \/>\n<\/fieldset>\n<div class=\"contact-form\">\n\t<div class=\"vc_col-sm-6 input_field\">\n\t\t<p><span class=\"wpcf7-form-control-wrap\" data-name=\"fname\"><input size=\"40\" maxlength=\"400\" class=\"wpcf7-form-control wpcf7-text wpcf7-validates-as-required\" aria-required=\"true\" aria-invalid=\"false\" placeholder=\"Name\" value=\"\" type=\"text\" name=\"fname\" \/><\/span>\n\t\t<\/p>\n\t<\/div>\n\t<div class=\"vc_col-sm-6 input_field\">\n\t\t<p><span class=\"wpcf7-form-control-wrap\" data-name=\"company\"><input size=\"40\" maxlength=\"400\" class=\"wpcf7-form-control wpcf7-text\" aria-invalid=\"false\" placeholder=\"Company\" value=\"\" type=\"text\" name=\"company\" \/><\/span>\n\t\t<\/p>\n\t<\/div>\n\t<div class=\"vc_col-sm-12 input_field\">\n\t\t<p><span class=\"wpcf7-form-control-wrap\" data-name=\"email\"><input size=\"40\" maxlength=\"400\" class=\"wpcf7-form-control wpcf7-email wpcf7-validates-as-required wpcf7-text wpcf7-validates-as-email\" aria-required=\"true\" aria-invalid=\"false\" placeholder=\"Email address\" value=\"\" type=\"email\" name=\"email\" \/><\/span>\n\t\t<\/p>\n\t<\/div>\n\t<div class=\"vc_col-sm-12 input_field\">\n\t\t<p><span class=\"wpcf7-form-control-wrap\" data-name=\"message\"><textarea cols=\"40\" rows=\"10\" maxlength=\"2000\" class=\"wpcf7-form-control wpcf7-textarea wpcf7-validates-as-required\" aria-required=\"true\" aria-invalid=\"false\" placeholder=\"Your message\" name=\"message\"><\/textarea><\/span>\n\t\t<\/p>\n\t<\/div>\n<\/div>\n<p><input class=\"wpcf7-form-control wpcf7-submit has-spinner\" type=\"submit\" value=\"SEND NOW\" \/>\n<\/p><p style=\"display: none !important;\" class=\"akismet-fields-container\" data-prefix=\"_wpcf7_ak_\"><label>&#916;<textarea name=\"_wpcf7_ak_hp_textarea\" cols=\"45\" rows=\"8\" maxlength=\"100\"><\/textarea><\/label><input type=\"hidden\" id=\"ak_js_1\" name=\"_wpcf7_ak_js\" value=\"150\"\/><script>document.getElementById( \"ak_js_1\" ).setAttribute( \"value\", ( new Date() ).getTime() );<\/script><\/p><input type='hidden' class='wpcf7-pum' value='{\"closepopup\":false,\"closedelay\":0,\"openpopup\":false,\"openpopup_id\":0}' \/><div class=\"wpcf7-response-output\" aria-hidden=\"true\"><\/div>\n<\/form>\n<\/div>\n[vc_empty_space height=\u00bb50px\u00bb][\/vc_column][vc_column width=\u00bb1\/6&#8243;][\/vc_column][\/vc_row][\/vc_section]<\/p>\n<\/div>","protected":false},"excerpt":{"rendered":"<p>[vc_section][vc_row][vc_column width=\u00bb5\/6&#8243;][vc_custom_heading text=\u00bb\u00a1Experimenta el Dolphin Academy con tu grupo!\u00bb font_container=\u00bbtag:h2|text_align:left|color:%23202020&#8243; use_theme_fonts=\u00bbyes\u00bb][vc_column_text] \u00a1Juntos siempre es mejor! \u00bfBuscas una experiencia divertida y educativa para tu grupo en Dolphin<span class=\"excerpt-hellip\"> [\u2026]<\/span><\/p>\n","protected":false},"author":94,"featured_media":0,"parent":1644,"menu_order":0,"comment_status":"closed","ping_status":"closed","template":"","meta":{"footnotes":"","_wp_rev_ctl_limit":""},"class_list":["post-1654","page","type-page","status-publish","hentry"],"yoast_head":"<!-- This site is optimized with the Yoast SEO plugin v27.3 - https:\/\/yoast.com\/product\/yoast-seo-wordpress\/ -->\n<title>Grupos &amp; Solicitudes Especiales | Dolphin Academy Cura\u00e7ao<\/title>\n<meta name=\"description\" content=\"\u00bfBuscas una experiencia divertida y educativa que puedes hacer con un grupo o como un evento en Dolphin Academy? Podemos ayudarte a organizar actividades y eventos grupales.\" \/>\n<meta name=\"robots\" content=\"index, follow, max-snippet:-1, max-image-preview:large, max-video-preview:-1\" \/>\n<link rel=\"canonical\" href=\"https:\/\/dolphin-academy.com\/es\/experiencias\/groups-special-requests\/\" \/>\n<meta property=\"og:locale\" content=\"es_ES\" \/>\n<meta property=\"og:type\" content=\"article\" \/>\n<meta property=\"og:title\" content=\"Grupos &amp; Solicitudes Especiales | Dolphin Academy Cura\u00e7ao\" \/>\n<meta property=\"og:description\" content=\"\u00bfBuscas una experiencia divertida y educativa que puedes hacer con un grupo o como un evento en Dolphin Academy? Podemos ayudarte a organizar actividades y eventos grupales.\" \/>\n<meta property=\"og:url\" content=\"https:\/\/dolphin-academy.com\/es\/experiencias\/groups-special-requests\/\" \/>\n<meta property=\"og:site_name\" content=\"Dolphin Academy\" \/>\n<meta property=\"article:publisher\" content=\"https:\/\/www.facebook.com\/dolphinacademycuracao\/\" \/>\n<meta property=\"article:modified_time\" content=\"2020-12-03T12:29:33+00:00\" \/>\n<meta property=\"og:image\" content=\"https:\/\/dolphin-academy.com\/wp-content\/uploads\/2019\/12\/DolphinAcademy_logo-1.png\" \/>\n\t<meta property=\"og:image:width\" content=\"2480\" \/>\n\t<meta property=\"og:image:height\" content=\"1278\" \/>\n\t<meta property=\"og:image:type\" content=\"image\/png\" \/>\n<meta name=\"twitter:card\" content=\"summary_large_image\" \/>\n<meta name=\"twitter:label1\" content=\"Tiempo de lectura\" \/>\n\t<meta name=\"twitter:data1\" content=\"2 minutos\" \/>\n<script type=\"application\/ld+json\" class=\"yoast-schema-graph\">{\"@context\":\"https:\\\/\\\/schema.org\",\"@graph\":[{\"@type\":\"WebPage\",\"@id\":\"https:\\\/\\\/dolphin-academy.com\\\/es\\\/experiencias\\\/groups-special-requests\\\/\",\"url\":\"https:\\\/\\\/dolphin-academy.com\\\/es\\\/experiencias\\\/groups-special-requests\\\/\",\"name\":\"Grupos & Solicitudes Especiales | Dolphin Academy Cura\u00e7ao\",\"isPartOf\":{\"@id\":\"https:\\\/\\\/dolphin-academy.com\\\/es\\\/#website\"},\"datePublished\":\"2020-03-18T13:22:37+00:00\",\"dateModified\":\"2020-12-03T12:29:33+00:00\",\"description\":\"\u00bfBuscas una experiencia divertida y educativa que puedes hacer con un grupo o como un evento en Dolphin Academy? Podemos ayudarte a organizar actividades y eventos grupales.\",\"breadcrumb\":{\"@id\":\"https:\\\/\\\/dolphin-academy.com\\\/es\\\/experiencias\\\/groups-special-requests\\\/#breadcrumb\"},\"inLanguage\":\"es\",\"potentialAction\":[{\"@type\":\"ReadAction\",\"target\":[\"https:\\\/\\\/dolphin-academy.com\\\/es\\\/experiencias\\\/groups-special-requests\\\/\"]}]},{\"@type\":\"BreadcrumbList\",\"@id\":\"https:\\\/\\\/dolphin-academy.com\\\/es\\\/experiencias\\\/groups-special-requests\\\/#breadcrumb\",\"itemListElement\":[{\"@type\":\"ListItem\",\"position\":1,\"name\":\"Home\",\"item\":\"https:\\\/\\\/dolphin-academy.com\\\/es\\\/\"},{\"@type\":\"ListItem\",\"position\":2,\"name\":\"Experiencias\",\"item\":\"https:\\\/\\\/dolphin-academy.com\\\/es\\\/experiencias\\\/\"},{\"@type\":\"ListItem\",\"position\":3,\"name\":\"Grupos &#038; solicitudes especiales\"}]},{\"@type\":\"WebSite\",\"@id\":\"https:\\\/\\\/dolphin-academy.com\\\/es\\\/#website\",\"url\":\"https:\\\/\\\/dolphin-academy.com\\\/es\\\/\",\"name\":\"Dolphin Academy\",\"description\":\"Dolphin Academy Cura\u00e7ao\",\"publisher\":{\"@id\":\"https:\\\/\\\/dolphin-academy.com\\\/es\\\/#organization\"},\"potentialAction\":[{\"@type\":\"SearchAction\",\"target\":{\"@type\":\"EntryPoint\",\"urlTemplate\":\"https:\\\/\\\/dolphin-academy.com\\\/es\\\/?s={search_term_string}\"},\"query-input\":{\"@type\":\"PropertyValueSpecification\",\"valueRequired\":true,\"valueName\":\"search_term_string\"}}],\"inLanguage\":\"es\"},{\"@type\":\"Organization\",\"@id\":\"https:\\\/\\\/dolphin-academy.com\\\/es\\\/#organization\",\"name\":\"Dolphin Academy\",\"url\":\"https:\\\/\\\/dolphin-academy.com\\\/es\\\/\",\"logo\":{\"@type\":\"ImageObject\",\"inLanguage\":\"es\",\"@id\":\"https:\\\/\\\/dolphin-academy.com\\\/es\\\/#\\\/schema\\\/logo\\\/image\\\/\",\"url\":\"https:\\\/\\\/dolphin-academy.com\\\/wp-content\\\/uploads\\\/2019\\\/12\\\/DolphinAcademy_logo-1.png\",\"contentUrl\":\"https:\\\/\\\/dolphin-academy.com\\\/wp-content\\\/uploads\\\/2019\\\/12\\\/DolphinAcademy_logo-1.png\",\"width\":2480,\"height\":1278,\"caption\":\"Dolphin Academy\"},\"image\":{\"@id\":\"https:\\\/\\\/dolphin-academy.com\\\/es\\\/#\\\/schema\\\/logo\\\/image\\\/\"},\"sameAs\":[\"https:\\\/\\\/www.facebook.com\\\/dolphinacademycuracao\\\/\",\"https:\\\/\\\/www.instagram.com\\\/dolphinacademycuracao\\\/\",\"https:\\\/\\\/www.youtube.com\\\/user\\\/DolphinAcademy\"]}]}<\/script>\n<!-- \/ Yoast SEO plugin. -->","yoast_head_json":{"title":"Grupos & Solicitudes Especiales | Dolphin Academy Cura\u00e7ao","description":"\u00bfBuscas una experiencia divertida y educativa que puedes hacer con un grupo o como un evento en Dolphin Academy? Podemos ayudarte a organizar actividades y eventos grupales.","robots":{"index":"index","follow":"follow","max-snippet":"max-snippet:-1","max-image-preview":"max-image-preview:large","max-video-preview":"max-video-preview:-1"},"canonical":"https:\/\/dolphin-academy.com\/es\/experiencias\/groups-special-requests\/","og_locale":"es_ES","og_type":"article","og_title":"Grupos & Solicitudes Especiales | Dolphin Academy Cura\u00e7ao","og_description":"\u00bfBuscas una experiencia divertida y educativa que puedes hacer con un grupo o como un evento en Dolphin Academy? Podemos ayudarte a organizar actividades y eventos grupales.","og_url":"https:\/\/dolphin-academy.com\/es\/experiencias\/groups-special-requests\/","og_site_name":"Dolphin Academy","article_publisher":"https:\/\/www.facebook.com\/dolphinacademycuracao\/","article_modified_time":"2020-12-03T12:29:33+00:00","og_image":[{"width":2480,"height":1278,"url":"https:\/\/dolphin-academy.com\/wp-content\/uploads\/2019\/12\/DolphinAcademy_logo-1.png","type":"image\/png"}],"twitter_card":"summary_large_image","twitter_misc":{"Tiempo de lectura":"2 minutos"},"schema":{"@context":"https:\/\/schema.org","@graph":[{"@type":"WebPage","@id":"https:\/\/dolphin-academy.com\/es\/experiencias\/groups-special-requests\/","url":"https:\/\/dolphin-academy.com\/es\/experiencias\/groups-special-requests\/","name":"Grupos & Solicitudes Especiales | Dolphin Academy Cura\u00e7ao","isPartOf":{"@id":"https:\/\/dolphin-academy.com\/es\/#website"},"datePublished":"2020-03-18T13:22:37+00:00","dateModified":"2020-12-03T12:29:33+00:00","description":"\u00bfBuscas una experiencia divertida y educativa que puedes hacer con un grupo o como un evento en Dolphin Academy? Podemos ayudarte a organizar actividades y eventos grupales.","breadcrumb":{"@id":"https:\/\/dolphin-academy.com\/es\/experiencias\/groups-special-requests\/#breadcrumb"},"inLanguage":"es","potentialAction":[{"@type":"ReadAction","target":["https:\/\/dolphin-academy.com\/es\/experiencias\/groups-special-requests\/"]}]},{"@type":"BreadcrumbList","@id":"https:\/\/dolphin-academy.com\/es\/experiencias\/groups-special-requests\/#breadcrumb","itemListElement":[{"@type":"ListItem","position":1,"name":"Home","item":"https:\/\/dolphin-academy.com\/es\/"},{"@type":"ListItem","position":2,"name":"Experiencias","item":"https:\/\/dolphin-academy.com\/es\/experiencias\/"},{"@type":"ListItem","position":3,"name":"Grupos &#038; solicitudes especiales"}]},{"@type":"WebSite","@id":"https:\/\/dolphin-academy.com\/es\/#website","url":"https:\/\/dolphin-academy.com\/es\/","name":"Dolphin Academy","description":"Dolphin Academy Cura\u00e7ao","publisher":{"@id":"https:\/\/dolphin-academy.com\/es\/#organization"},"potentialAction":[{"@type":"SearchAction","target":{"@type":"EntryPoint","urlTemplate":"https:\/\/dolphin-academy.com\/es\/?s={search_term_string}"},"query-input":{"@type":"PropertyValueSpecification","valueRequired":true,"valueName":"search_term_string"}}],"inLanguage":"es"},{"@type":"Organization","@id":"https:\/\/dolphin-academy.com\/es\/#organization","name":"Dolphin Academy","url":"https:\/\/dolphin-academy.com\/es\/","logo":{"@type":"ImageObject","inLanguage":"es","@id":"https:\/\/dolphin-academy.com\/es\/#\/schema\/logo\/image\/","url":"https:\/\/dolphin-academy.com\/wp-content\/uploads\/2019\/12\/DolphinAcademy_logo-1.png","contentUrl":"https:\/\/dolphin-academy.com\/wp-content\/uploads\/2019\/12\/DolphinAcademy_logo-1.png","width":2480,"height":1278,"caption":"Dolphin Academy"},"image":{"@id":"https:\/\/dolphin-academy.com\/es\/#\/schema\/logo\/image\/"},"sameAs":["https:\/\/www.facebook.com\/dolphinacademycuracao\/","https:\/\/www.instagram.com\/dolphinacademycuracao\/","https:\/\/www.youtube.com\/user\/DolphinAcademy"]}]}},"jetpack_sharing_enabled":true,"_links":{"self":[{"href":"https:\/\/dolphin-academy.com\/es\/wp-json\/wp\/v2\/pages\/1654","targetHints":{"allow":["GET"]}}],"collection":[{"href":"https:\/\/dolphin-academy.com\/es\/wp-json\/wp\/v2\/pages"}],"about":[{"href":"https:\/\/dolphin-academy.com\/es\/wp-json\/wp\/v2\/types\/page"}],"author":[{"embeddable":true,"href":"https:\/\/dolphin-academy.com\/es\/wp-json\/wp\/v2\/users\/94"}],"replies":[{"embeddable":true,"href":"https:\/\/dolphin-academy.com\/es\/wp-json\/wp\/v2\/comments?post=1654"}],"version-history":[{"count":6,"href":"https:\/\/dolphin-academy.com\/es\/wp-json\/wp\/v2\/pages\/1654\/revisions"}],"predecessor-version":[{"id":3339,"href":"https:\/\/dolphin-academy.com\/es\/wp-json\/wp\/v2\/pages\/1654\/revisions\/3339"}],"up":[{"embeddable":true,"href":"https:\/\/dolphin-academy.com\/es\/wp-json\/wp\/v2\/pages\/1644"}],"wp:attachment":[{"href":"https:\/\/dolphin-academy.com\/es\/wp-json\/wp\/v2\/media?parent=1654"}],"curies":[{"name":"wp","href":"https:\/\/api.w.org\/{rel}","templated":true}]}}