{"id":1660,"date":"2020-03-24T05:54:46","date_gmt":"2020-03-24T05:54:46","guid":{"rendered":"https:\/\/dolphinacademy.mystagingwebsite.com\/open-sea-training\/"},"modified":"2020-12-03T12:18:23","modified_gmt":"2020-12-03T12:18:23","slug":"entrenamiento-en-mar-abierto","status":"publish","type":"page","link":"https:\/\/dolphin-academy.com\/es\/sobre\/entrenamiento-en-mar-abierto\/","title":{"rendered":"Entrenamiento en mar abierto"},"content":{"rendered":"<div class=\"wpb-content-wrapper\"><p>[vc_section][vc_row css=\u00bb.vc_custom_1584524570268{background-color: #ffffff !important;}\u00bb][vc_column width=\u00bb1\/2&#8243;][vc_custom_heading text=\u00bbEntrenamiento en mar abierto\u00bb font_container=\u00bbtag:h2|text_align:left|color:%23202020&#8243; use_theme_fonts=\u00bbyes\u00bb][vc_column_text]<\/p>\n<div class=\"page_content\">\n<p>En Dolphin Academy, estamos orgullosos de ser una de las \u00fanicas instalaciones en el mundo que trabaja con delfines entrenados en el mar abierto. Dependiendo de factores como la hora del d\u00eda, el clima, la cantidad de tr\u00e1fico de embarcaciones en el oc\u00e9ano, etc., nuestro personal de capacitaci\u00f3n preguntar\u00e1 a los delfines si les gustar\u00eda unirse a nosotros en el mar. Tienen estas oportunidades varias veces por semana.<\/p>\n<p>Utilizamos puertas que conducen desde el h\u00e1bitat de delfines a un canal de mar abierto. Durante la introducci\u00f3n inicial de un delf\u00edn al canal, a menudo es dif\u00edcil convencerlos a unirse con nosotros. Sin embargo, una vez que se familiaricen con las puertas y el canal, seguir\u00e1n nuestro barco m\u00e1s afuera a lo largo del arrecife de coral. Si se sienten inc\u00f3modos o nerviosos por alguna raz\u00f3n, volver\u00e1n al canal y esperar\u00e1n nuestro regreso.<\/p>\n<\/div>\n<p>[\/vc_column_text][\/vc_column][vc_column width=\u00bb1\/2&#8243; el_class=\u00bbnospace\u00bb][vc_single_image image=\u00bb2183&#8243; img_size=\u00bbfull\u00bb el_class=\u00bbmrgb0&#8243;][\/vc_column][\/vc_row][vc_row full_width=\u00bbstretch_row_content_no_spaces\u00bb css=\u00bb.vc_custom_1584524479747{margin-bottom: 0px !important;padding-top: 0px !important;padding-bottom: 0px !important;}\u00bb][vc_column css=\u00bb.vc_custom_1584708959241{margin-bottom: 0px !important;padding-top: 0px !important;padding-bottom: 0px !important;}\u00bb el_class=\u00bbmiddle_half_circle\u00bb][vc_single_image image=\u00bb792&#8243; img_size=\u00bbfull\u00bb css=\u00bb.vc_custom_1584524522599{margin-bottom: -35px !important;}\u00bb][\/vc_column][\/vc_row][vc_row full_width=\u00bbstretch_row\u00bb css=\u00bb.vc_custom_1584522996712{background-color: #f4f1f1 !important;}\u00bb el_class=\u00bbimg_shadow half_circle_top\u00bb][vc_column width=\u00bb1\/2&#8243;][vc_single_image image=\u00bb2180&#8243; img_size=\u00bbfull\u00bb css=\u00bb.vc_custom_1588955183111{margin-bottom: 0px !important;}\u00bb el_class=\u00bbmrgb0&#8243;][\/vc_column][vc_column width=\u00bb1\/2&#8243; el_class=\u00bbonly_mobile\u00bb css=\u00bb.vc_custom_1576738793873{padding-top: 25px !important;}\u00bb][vc_custom_heading text=\u00bbDelfines mulares\u00bb font_container=\u00bbtag:h2|text_align:left|color:%23202020&#8243; use_theme_fonts=\u00bbyes\u00bb][vc_column_text]<\/p>\n<div class=\"page_content\">\n<p>\u00bfPor qu\u00e9 se comportan de esta manera? Estos no son delfines oce\u00e1nicos de aguas profundas. Son un ecotipo costero de delfines mulares que establecen su residencia en aguas poco profundas. Uno de los estudios m\u00e1s largos de esta especie ha estado en curso en Sarasota Bay, Florida, durante 50 a\u00f1os. Estos delfines han vivido por generaciones dentro de un solo rango de hogar. Por lo tanto, los delfines mulares costeros son territoriales por naturaleza, est\u00e1 en su ADN.<\/p>\n<p>Para los delfines en nuestra academia, su h\u00e1bitat en el Cura\u00e7ao Sea Aquarium es su \u00e1rea central. Cuando los invitamos a unirse a nosotros a lo largo de los arrecifes exteriores, primero deben conocer y familiarizarse con el lugar hasta que est\u00e9n completamente familiarizados con cada detalle antes de intentar explorar m\u00e1s a fondo. Al igual que en la naturaleza, los machos tienden a viajar a distancias mayores que las hembras, y nadan c\u00f3modamente hasta una distancia de 4 km del acuario. \u00bfPor qu\u00e9 regresan? Porque quieren volver a su hogar. En el mar, son libres de irse o elegir regresar a \u2018\u2019casa\u2019\u2019 con nosotros. Consideramos que nuestro programa de aguas abiertas es un s\u00edmbolo de la relaci\u00f3n cooperativa que los entrenadores han desarrollado con los delfines.<\/p>\n<p>A excepci\u00f3n de algunos animales m\u00e1s j\u00f3venes que a\u00fan no se han presentado al programa, todos los delfines en Dolphin Academy han tenido la oportunidad de aprender a nadar a trav\u00e9s de una puerta que conduce a un canal del oc\u00e9ano abierto. Algunas de las hembras mayores han optado por no nadar hacia el canal, mientras que todos los machos han optado por participar.<\/p>\n<\/div>\n<p>[\/vc_column_text][\/vc_column][\/vc_row][vc_row full_width=\u00bbstretch_row\u00bb el_class=\u00bbimg_shadow\u00bb css=\u00bb.vc_custom_1584522188498{background-color: #f4f1f1 !important;}\u00bb][vc_column width=\u00bb1\/2&#8243; el_class=\u00bbonly_mobile\u00bb css=\u00bb.vc_custom_1576738716119{padding-top: 30px !important;}\u00bb][vc_custom_heading text=\u00bbLa seguridad primero\u00bb font_container=\u00bbtag:h2|text_align:left|color:%23202020&#8243; use_theme_fonts=\u00bbyes\u00bb][vc_column_text]<\/p>\n<div class=\"page_content\">\n<p>Al ver a los delfines de Dolphin Academy afuera, muchas personas tienden a preguntar por qu\u00e9 no dejamos las puertas abiertas para que puedan entrar y salir cuando lo deseen. La respuesta es bastante clara: no es seguro.<\/p>\n<p>Hemos desensibilizado a los delfines ante la presencia de personas y embarcaciones. Estar afuera con nosotros es muy seguro porque podemos supervisar y evaluar el comportamiento de otros ya sean capitanes de barcos, pescadores, nadadores y buzos. Si las personas se portan mal (e inevitablemente los humanos lo suelen hacer), entonces simplemente volvemos a casa.<\/p>\n<p>Si los delfines se quedan afuera sin vigilancia, corren el riesgo de ser hostigados por personas agresivas, recibir alimentos inapropiados y enredarse en las redes de pesca. \u00bfC\u00f3mo sabemos esto? Hay cientos de informes cada a\u00f1o de estos sucesos con delfines salvajes a lo largo de las costas de todo el mundo.<\/p>\n<\/div>\n<p>[\/vc_column_text][vc_empty_space height=\u00bb10px\u00bb el_class=\u00bbhidmob\u00bb][\/vc_column][vc_column width=\u00bb1\/2&#8243;][vc_single_image image=\u00bb2181&#8243; img_size=\u00bbfull\u00bb css=\u00bb.vc_custom_1588955166766{margin-bottom: 0px !important;}\u00bb el_class=\u00bbmrgb0&#8243;][\/vc_column][\/vc_row][vc_row full_width=\u00bbstretch_row\u00bb el_class=\u00bbimg_shadow\u00bb css=\u00bb.vc_custom_1584522188498{background-color: #f4f1f1 !important;}\u00bb][vc_column width=\u00bb1\/2&#8243;][vc_single_image image=\u00bb2182&#8243; img_size=\u00bbfull\u00bb css=\u00bb.vc_custom_1588955142200{margin-bottom: 0px !important;}\u00bb el_class=\u00bbmrgb0&#8243;][vc_empty_space height=\u00bb50px\u00bb el_class=\u00bbhidmob\u00bb][\/vc_column][vc_column width=\u00bb1\/2&#8243; el_class=\u00bbonly_mobile padb60&#8243; css=\u00bb.vc_custom_1588955122945{padding-top: 30px !important;}\u00bb][vc_custom_heading text=\u00bbColaboraci\u00f3n\u00bb font_container=\u00bbtag:h2|text_align:left|color:%23202020&#8243; use_theme_fonts=\u00bbyes\u00bb][vc_column_text]<\/p>\n<div class=\"page_content\">Colaborar con delfines en un entorno zool\u00f3gico requiere que cubramos sus necesidades f\u00edsicas y psicol\u00f3gicas. Aunque es posible que hayamos eliminado las presiones de supervivencia que enfrentan los delfines salvajes con respecto a la b\u00fasqueda de alimentos, evitando los depredadores y la degradaci\u00f3n del h\u00e1bitat, a\u00fan estamos obligados a proporcionarles a los delfines una vida interesante y estimulante. Y creemos que la salud y el entusiasmo de los delfines aqu\u00ed son un testimonio de nuestro \u00e9xito en esa b\u00fasqueda.<\/div>\n<p>[\/vc_column_text][\/vc_column][\/vc_row][\/vc_section]<\/p>\n<\/div>","protected":false},"excerpt":{"rendered":"<p>[vc_section][vc_row css=\u00bb.vc_custom_1584524570268{background-color: #ffffff !important;}\u00bb][vc_column width=\u00bb1\/2&#8243;][vc_custom_heading text=\u00bbEntrenamiento en mar abierto\u00bb font_container=\u00bbtag:h2|text_align:left|color:%23202020&#8243; use_theme_fonts=\u00bbyes\u00bb][vc_column_text] En Dolphin Academy, estamos orgullosos de ser una de las \u00fanicas instalaciones en el mundo<span class=\"excerpt-hellip\"> [\u2026]<\/span><\/p>\n","protected":false},"author":94,"featured_media":0,"parent":1607,"menu_order":0,"comment_status":"closed","ping_status":"closed","template":"","meta":{"footnotes":"","_wp_rev_ctl_limit":""},"class_list":["post-1660","page","type-page","status-publish","hentry"],"yoast_head":"<!-- This site is optimized with the Yoast SEO plugin v27.6 - https:\/\/yoast.com\/product\/yoast-seo-wordpress\/ -->\n<title>Entrenamiento en mar abierto | Dolphin Academy Cura\u00e7ao<\/title>\n<meta name=\"description\" content=\"En Dolphin Academy, estamos orgullosos de ser una de las \u00fanicas instalaciones en el mundo que trabaja con delfines entrenados en mar abierto.\" \/>\n<meta name=\"robots\" content=\"index, follow, max-snippet:-1, max-image-preview:large, max-video-preview:-1\" \/>\n<link rel=\"canonical\" href=\"https:\/\/dolphin-academy.com\/es\/sobre\/entrenamiento-en-mar-abierto\/\" \/>\n<meta property=\"og:locale\" content=\"es_ES\" \/>\n<meta property=\"og:type\" content=\"article\" \/>\n<meta property=\"og:title\" content=\"Entrenamiento en mar abierto | Dolphin Academy Cura\u00e7ao\" \/>\n<meta property=\"og:description\" content=\"En Dolphin Academy, estamos orgullosos de ser una de las \u00fanicas instalaciones en el mundo que trabaja con delfines entrenados en mar abierto.\" \/>\n<meta property=\"og:url\" content=\"https:\/\/dolphin-academy.com\/es\/sobre\/entrenamiento-en-mar-abierto\/\" \/>\n<meta property=\"og:site_name\" content=\"Dolphin Academy\" \/>\n<meta property=\"article:publisher\" content=\"https:\/\/www.facebook.com\/dolphinacademycuracao\/\" \/>\n<meta property=\"article:modified_time\" content=\"2020-12-03T12:18:23+00:00\" \/>\n<meta property=\"og:image\" content=\"https:\/\/dolphin-academy.com\/wp-content\/uploads\/2019\/12\/DolphinAcademy_logo-1.png\" \/>\n\t<meta property=\"og:image:width\" content=\"2480\" \/>\n\t<meta property=\"og:image:height\" content=\"1278\" \/>\n\t<meta property=\"og:image:type\" content=\"image\/png\" \/>\n<meta name=\"twitter:card\" content=\"summary_large_image\" \/>\n<meta name=\"twitter:label1\" content=\"Tiempo de lectura\" \/>\n\t<meta name=\"twitter:data1\" content=\"5 minutos\" \/>\n<script type=\"application\/ld+json\" class=\"yoast-schema-graph\">{\"@context\":\"https:\\\/\\\/schema.org\",\"@graph\":[{\"@type\":\"WebPage\",\"@id\":\"https:\\\/\\\/dolphin-academy.com\\\/es\\\/sobre\\\/entrenamiento-en-mar-abierto\\\/\",\"url\":\"https:\\\/\\\/dolphin-academy.com\\\/es\\\/sobre\\\/entrenamiento-en-mar-abierto\\\/\",\"name\":\"Entrenamiento en mar abierto | Dolphin Academy Cura\u00e7ao\",\"isPartOf\":{\"@id\":\"https:\\\/\\\/dolphin-academy.com\\\/es\\\/#website\"},\"datePublished\":\"2020-03-24T05:54:46+00:00\",\"dateModified\":\"2020-12-03T12:18:23+00:00\",\"description\":\"En Dolphin Academy, estamos orgullosos de ser una de las \u00fanicas instalaciones en el mundo que trabaja con delfines entrenados en mar abierto.\",\"breadcrumb\":{\"@id\":\"https:\\\/\\\/dolphin-academy.com\\\/es\\\/sobre\\\/entrenamiento-en-mar-abierto\\\/#breadcrumb\"},\"inLanguage\":\"es\",\"potentialAction\":[{\"@type\":\"ReadAction\",\"target\":[\"https:\\\/\\\/dolphin-academy.com\\\/es\\\/sobre\\\/entrenamiento-en-mar-abierto\\\/\"]}]},{\"@type\":\"BreadcrumbList\",\"@id\":\"https:\\\/\\\/dolphin-academy.com\\\/es\\\/sobre\\\/entrenamiento-en-mar-abierto\\\/#breadcrumb\",\"itemListElement\":[{\"@type\":\"ListItem\",\"position\":1,\"name\":\"Home\",\"item\":\"https:\\\/\\\/dolphin-academy.com\\\/es\\\/\"},{\"@type\":\"ListItem\",\"position\":2,\"name\":\"Sobre\",\"item\":\"https:\\\/\\\/dolphin-academy.com\\\/es\\\/sobre\\\/\"},{\"@type\":\"ListItem\",\"position\":3,\"name\":\"Entrenamiento en mar abierto\"}]},{\"@type\":\"WebSite\",\"@id\":\"https:\\\/\\\/dolphin-academy.com\\\/es\\\/#website\",\"url\":\"https:\\\/\\\/dolphin-academy.com\\\/es\\\/\",\"name\":\"Dolphin Academy\",\"description\":\"Dolphin Academy Cura\u00e7ao\",\"publisher\":{\"@id\":\"https:\\\/\\\/dolphin-academy.com\\\/es\\\/#organization\"},\"potentialAction\":[{\"@type\":\"SearchAction\",\"target\":{\"@type\":\"EntryPoint\",\"urlTemplate\":\"https:\\\/\\\/dolphin-academy.com\\\/es\\\/?s={search_term_string}\"},\"query-input\":{\"@type\":\"PropertyValueSpecification\",\"valueRequired\":true,\"valueName\":\"search_term_string\"}}],\"inLanguage\":\"es\"},{\"@type\":\"Organization\",\"@id\":\"https:\\\/\\\/dolphin-academy.com\\\/es\\\/#organization\",\"name\":\"Dolphin Academy\",\"url\":\"https:\\\/\\\/dolphin-academy.com\\\/es\\\/\",\"logo\":{\"@type\":\"ImageObject\",\"inLanguage\":\"es\",\"@id\":\"https:\\\/\\\/dolphin-academy.com\\\/es\\\/#\\\/schema\\\/logo\\\/image\\\/\",\"url\":\"https:\\\/\\\/dolphin-academy.com\\\/wp-content\\\/uploads\\\/2019\\\/12\\\/DolphinAcademy_logo-1.png\",\"contentUrl\":\"https:\\\/\\\/dolphin-academy.com\\\/wp-content\\\/uploads\\\/2019\\\/12\\\/DolphinAcademy_logo-1.png\",\"width\":2480,\"height\":1278,\"caption\":\"Dolphin Academy\"},\"image\":{\"@id\":\"https:\\\/\\\/dolphin-academy.com\\\/es\\\/#\\\/schema\\\/logo\\\/image\\\/\"},\"sameAs\":[\"https:\\\/\\\/www.facebook.com\\\/dolphinacademycuracao\\\/\",\"https:\\\/\\\/www.instagram.com\\\/dolphinacademycuracao\\\/\",\"https:\\\/\\\/www.youtube.com\\\/user\\\/DolphinAcademy\"]}]}<\/script>\n<!-- \/ Yoast SEO plugin. -->","yoast_head_json":{"title":"Entrenamiento en mar abierto | Dolphin Academy Cura\u00e7ao","description":"En Dolphin Academy, estamos orgullosos de ser una de las \u00fanicas instalaciones en el mundo que trabaja con delfines entrenados en mar abierto.","robots":{"index":"index","follow":"follow","max-snippet":"max-snippet:-1","max-image-preview":"max-image-preview:large","max-video-preview":"max-video-preview:-1"},"canonical":"https:\/\/dolphin-academy.com\/es\/sobre\/entrenamiento-en-mar-abierto\/","og_locale":"es_ES","og_type":"article","og_title":"Entrenamiento en mar abierto | Dolphin Academy Cura\u00e7ao","og_description":"En Dolphin Academy, estamos orgullosos de ser una de las \u00fanicas instalaciones en el mundo que trabaja con delfines entrenados en mar abierto.","og_url":"https:\/\/dolphin-academy.com\/es\/sobre\/entrenamiento-en-mar-abierto\/","og_site_name":"Dolphin Academy","article_publisher":"https:\/\/www.facebook.com\/dolphinacademycuracao\/","article_modified_time":"2020-12-03T12:18:23+00:00","og_image":[{"width":2480,"height":1278,"url":"https:\/\/dolphin-academy.com\/wp-content\/uploads\/2019\/12\/DolphinAcademy_logo-1.png","type":"image\/png"}],"twitter_card":"summary_large_image","twitter_misc":{"Tiempo de lectura":"5 minutos"},"schema":{"@context":"https:\/\/schema.org","@graph":[{"@type":"WebPage","@id":"https:\/\/dolphin-academy.com\/es\/sobre\/entrenamiento-en-mar-abierto\/","url":"https:\/\/dolphin-academy.com\/es\/sobre\/entrenamiento-en-mar-abierto\/","name":"Entrenamiento en mar abierto | Dolphin Academy Cura\u00e7ao","isPartOf":{"@id":"https:\/\/dolphin-academy.com\/es\/#website"},"datePublished":"2020-03-24T05:54:46+00:00","dateModified":"2020-12-03T12:18:23+00:00","description":"En Dolphin Academy, estamos orgullosos de ser una de las \u00fanicas instalaciones en el mundo que trabaja con delfines entrenados en mar abierto.","breadcrumb":{"@id":"https:\/\/dolphin-academy.com\/es\/sobre\/entrenamiento-en-mar-abierto\/#breadcrumb"},"inLanguage":"es","potentialAction":[{"@type":"ReadAction","target":["https:\/\/dolphin-academy.com\/es\/sobre\/entrenamiento-en-mar-abierto\/"]}]},{"@type":"BreadcrumbList","@id":"https:\/\/dolphin-academy.com\/es\/sobre\/entrenamiento-en-mar-abierto\/#breadcrumb","itemListElement":[{"@type":"ListItem","position":1,"name":"Home","item":"https:\/\/dolphin-academy.com\/es\/"},{"@type":"ListItem","position":2,"name":"Sobre","item":"https:\/\/dolphin-academy.com\/es\/sobre\/"},{"@type":"ListItem","position":3,"name":"Entrenamiento en mar abierto"}]},{"@type":"WebSite","@id":"https:\/\/dolphin-academy.com\/es\/#website","url":"https:\/\/dolphin-academy.com\/es\/","name":"Dolphin Academy","description":"Dolphin Academy Cura\u00e7ao","publisher":{"@id":"https:\/\/dolphin-academy.com\/es\/#organization"},"potentialAction":[{"@type":"SearchAction","target":{"@type":"EntryPoint","urlTemplate":"https:\/\/dolphin-academy.com\/es\/?s={search_term_string}"},"query-input":{"@type":"PropertyValueSpecification","valueRequired":true,"valueName":"search_term_string"}}],"inLanguage":"es"},{"@type":"Organization","@id":"https:\/\/dolphin-academy.com\/es\/#organization","name":"Dolphin Academy","url":"https:\/\/dolphin-academy.com\/es\/","logo":{"@type":"ImageObject","inLanguage":"es","@id":"https:\/\/dolphin-academy.com\/es\/#\/schema\/logo\/image\/","url":"https:\/\/dolphin-academy.com\/wp-content\/uploads\/2019\/12\/DolphinAcademy_logo-1.png","contentUrl":"https:\/\/dolphin-academy.com\/wp-content\/uploads\/2019\/12\/DolphinAcademy_logo-1.png","width":2480,"height":1278,"caption":"Dolphin Academy"},"image":{"@id":"https:\/\/dolphin-academy.com\/es\/#\/schema\/logo\/image\/"},"sameAs":["https:\/\/www.facebook.com\/dolphinacademycuracao\/","https:\/\/www.instagram.com\/dolphinacademycuracao\/","https:\/\/www.youtube.com\/user\/DolphinAcademy"]}]}},"jetpack_sharing_enabled":true,"_links":{"self":[{"href":"https:\/\/dolphin-academy.com\/es\/wp-json\/wp\/v2\/pages\/1660","targetHints":{"allow":["GET"]}}],"collection":[{"href":"https:\/\/dolphin-academy.com\/es\/wp-json\/wp\/v2\/pages"}],"about":[{"href":"https:\/\/dolphin-academy.com\/es\/wp-json\/wp\/v2\/types\/page"}],"author":[{"embeddable":true,"href":"https:\/\/dolphin-academy.com\/es\/wp-json\/wp\/v2\/users\/94"}],"replies":[{"embeddable":true,"href":"https:\/\/dolphin-academy.com\/es\/wp-json\/wp\/v2\/comments?post=1660"}],"version-history":[{"count":8,"href":"https:\/\/dolphin-academy.com\/es\/wp-json\/wp\/v2\/pages\/1660\/revisions"}],"predecessor-version":[{"id":3346,"href":"https:\/\/dolphin-academy.com\/es\/wp-json\/wp\/v2\/pages\/1660\/revisions\/3346"}],"up":[{"embeddable":true,"href":"https:\/\/dolphin-academy.com\/es\/wp-json\/wp\/v2\/pages\/1607"}],"wp:attachment":[{"href":"https:\/\/dolphin-academy.com\/es\/wp-json\/wp\/v2\/media?parent=1660"}],"curies":[{"name":"wp","href":"https:\/\/api.w.org\/{rel}","templated":true}]}}