{"id":1672,"date":"2020-03-24T06:11:18","date_gmt":"2020-03-24T06:11:18","guid":{"rendered":"https:\/\/dolphinacademy.mystagingwebsite.com\/our-philosophy\/"},"modified":"2020-12-03T12:17:10","modified_gmt":"2020-12-03T12:17:10","slug":"nuestra-filosofia","status":"publish","type":"page","link":"https:\/\/dolphin-academy.com\/es\/sobre\/nuestra-filosofia\/","title":{"rendered":"Nuestra filosof\u00eda"},"content":{"rendered":"<div class=\"wpb-content-wrapper\"><p>[vc_section][vc_row css=\u00bb.vc_custom_1584524570268{background-color: #ffffff !important;}\u00bb][vc_column width=\u00bb1\/2&#8243;][vc_custom_heading text=\u00bbUna filosof\u00eda diferente\u00bb font_container=\u00bbtag:h2|text_align:left|color:%23202020&#8243; use_theme_fonts=\u00bbyes\u00bb][vc_column_text]<\/p>\n<div class=\"page_content\">\n<p>El bienestar f\u00edsico y mental de los delfines bajo nuestro cuidado es nuestra prioridad n\u00famero uno. El cuidado y la capacitaci\u00f3n de los delfines para todas nuestras actividades se basan en la siguiente idea: cada vez que los delfines responden correctamente, son recompensados. Si cometen un error, simplemente lo intentamos nuevamente o pasamos a una tarea diferente.<\/p>\n<p>En efecto, premiamos lo correcto e ignoramos lo incorrecto. Este es un m\u00e9todo de condicionamiento operante llamado \u2018\u2019refuerzo positivo\u2019\u2019. Los comportamientos espec\u00edficos se ense\u00f1an y moldean gradualmente al proporcionar a los delfines una variedad de \u2018\u2019reforzadores\u2019\u2019 para las respuestas deseadas. Estas recompensas son una combinaci\u00f3n de elogios y atenci\u00f3n; t\u00e1ctil (tacto) y alimentaci\u00f3n (pescado).<\/p>\n<\/div>\n<p>[\/vc_column_text][\/vc_column][vc_column width=\u00bb1\/2&#8243;][vc_single_image image=\u00bb2539&#8243; img_size=\u00bbfull\u00bb][\/vc_column][\/vc_row][vc_row full_width=\u00bbstretch_row_content_no_spaces\u00bb css=\u00bb.vc_custom_1584524479747{margin-bottom: 0px !important;padding-top: 0px !important;padding-bottom: 0px !important;}\u00bb][vc_column css=\u00bb.vc_custom_1584708959241{margin-bottom: 0px !important;padding-top: 0px !important;padding-bottom: 0px !important;}\u00bb el_class=\u00bbmiddle_half_circle\u00bb][vc_single_image image=\u00bb792&#8243; img_size=\u00bbfull\u00bb css=\u00bb.vc_custom_1584524522599{margin-bottom: -35px !important;}\u00bb][\/vc_column][\/vc_row][vc_row full_width=\u00bbstretch_row\u00bb css=\u00bb.vc_custom_1584522996712{background-color: #f4f1f1 !important;}\u00bb el_class=\u00bbimg_shadow half_circle_top\u00bb][vc_column width=\u00bb1\/2&#8243;][vc_single_image image=\u00bb1673&#8243; img_size=\u00bbfull\u00bb css=\u00bb.vc_custom_1586777002091{margin-bottom: 0px !important;}\u00bb][\/vc_column][vc_column width=\u00bb1\/2&#8243; el_class=\u00bbonly_mobile\u00bb css=\u00bb.vc_custom_1576738793873{padding-top: 25px !important;}\u00bb][vc_custom_heading text=\u00bbNutrici\u00f3n\u00bb font_container=\u00bbtag:h2|text_align:left|color:%23202020&#8243; use_theme_fonts=\u00bbyes\u00bb][vc_column_text]<\/p>\n<div class=\"page_content\">\n<p><span style=\"font-weight: 400;\">Las necesidades nutricionales y cal\u00f3ricas de los delfines son tales que alimentamos a cada uno hasta 30 libras (14 kilos) de peces, proporcionados durante todo el d\u00eda. Todos los delfines se alimentan con la dieta diaria requerida, independientemente del \u2018\u2019rendimiento\u2019\u2019, por lo que la comida no se utiliza como un medio de motivaci\u00f3n.<\/span><\/p>\n<p><span style=\"font-weight: 400;\">Un ejemplo perfecto del rol m\u00ednimo de la comida en el entrenamiento es el hecho de que los catorce delfines nacidos bajo nuestro cuidado fueron entrenados por completo durante su primer a\u00f1o, antes de que comieran un solo pez, mientras depend\u00edan exclusivamente de la leche de su madre para alimentarse. Los elogios y la atenci\u00f3n de sus entrenadores les ofrecen mucha motivaci\u00f3n.<\/span><\/p>\n<\/div>\n<p>[\/vc_column_text][\/vc_column][\/vc_row][vc_row full_width=\u00bbstretch_row\u00bb el_class=\u00bbimg_shadow\u00bb css=\u00bb.vc_custom_1584522188498{background-color: #f4f1f1 !important;}\u00bb][vc_column width=\u00bb1\/2&#8243; el_class=\u00bbonly_mobile\u00bb css=\u00bb.vc_custom_1576738716119{padding-top: 30px !important;}\u00bb][vc_custom_heading text=\u00bbNuestro enfoque de entrenamiento\u00bb font_container=\u00bbtag:h2|text_align:left|color:%23202020&#8243; use_theme_fonts=\u00bbyes\u00bb][vc_column_text]<\/p>\n<div class=\"page_content\">\n<p><span style=\"font-weight: 400;\">Nuestro personal de cuidado de animales programa y regula cuidadosamente las experiencias p\u00fablicas, evitando la rutina y la repetici\u00f3n para garantizar que los delfines no se vean afectados por sus actividades. La respuesta entusiasta y en\u00e9rgica de los delfines a estos programas es indicativa de su nivel de inter\u00e9s. Las lagunas son lo suficientemente amplias como para permitir a los delfines la opci\u00f3n de detener cualquier programa simplemente dejando el \u00e1rea habitada por los visitantes.<\/span><\/p>\n<p><span style=\"font-weight: 400;\">Consideramos que nuestro programa de oc\u00e9ano abierto es un s\u00edmbolo de la relaci\u00f3n de cooperaci\u00f3n que los entrenadores han desarrollado con los delfines. A medida en que los delfines acompa\u00f1an a los entrenadores en las excursiones diarias a mar abierto, tienen la libertad de salir o elegir regresar a \u2018\u2019casa\u2019\u2019. En \u2018\u2019casa\u2019\u2019, los delfines disfrutan de un entorno social din\u00e1mico en el que los delfines individuales exhiben patrones naturales de asociaci\u00f3n entre ellos.<\/span><\/p>\n<\/div>\n<p>[\/vc_column_text][vc_empty_space height=\u00bb50px\u00bb][\/vc_column][vc_column width=\u00bb1\/2&#8243;][vc_single_image image=\u00bb2177&#8243; img_size=\u00bbfull\u00bb css=\u00bb.vc_custom_1586777031350{margin-bottom: 0px !important;}\u00bb][vc_empty_space height=\u00bb50px\u00bb][\/vc_column][\/vc_row][\/vc_section]<\/p>\n<\/div>","protected":false},"excerpt":{"rendered":"<p>[vc_section][vc_row css=\u00bb.vc_custom_1584524570268{background-color: #ffffff !important;}\u00bb][vc_column width=\u00bb1\/2&#8243;][vc_custom_heading text=\u00bbUna filosof\u00eda diferente\u00bb font_container=\u00bbtag:h2|text_align:left|color:%23202020&#8243; use_theme_fonts=\u00bbyes\u00bb][vc_column_text] El bienestar f\u00edsico y mental de los delfines bajo nuestro cuidado es nuestra prioridad n\u00famero uno.<span class=\"excerpt-hellip\"> [\u2026]<\/span><\/p>\n","protected":false},"author":94,"featured_media":0,"parent":1607,"menu_order":0,"comment_status":"closed","ping_status":"closed","template":"","meta":{"footnotes":"","_wp_rev_ctl_limit":""},"class_list":["post-1672","page","type-page","status-publish","hentry"],"yoast_head":"<!-- This site is optimized with the Yoast SEO plugin v27.3 - https:\/\/yoast.com\/product\/yoast-seo-wordpress\/ -->\n<title>Nuestra Filosof\u00eda | Dolphin Academy Cura\u00e7ao<\/title>\n<meta name=\"description\" content=\"El bienestar f\u00edsico y mental de nuestros delfines es nuestra prioridad n\u00famero uno. Nuestra filosof\u00eda es premiar lo correcto e ignorar lo incorrecto.\" \/>\n<meta name=\"robots\" content=\"index, follow, max-snippet:-1, max-image-preview:large, max-video-preview:-1\" \/>\n<link rel=\"canonical\" href=\"https:\/\/dolphin-academy.com\/es\/sobre\/nuestra-filosofia\/\" \/>\n<meta property=\"og:locale\" content=\"es_ES\" \/>\n<meta property=\"og:type\" content=\"article\" \/>\n<meta property=\"og:title\" content=\"Nuestra Filosof\u00eda | Dolphin Academy Cura\u00e7ao\" \/>\n<meta property=\"og:description\" content=\"El bienestar f\u00edsico y mental de nuestros delfines es nuestra prioridad n\u00famero uno. Nuestra filosof\u00eda es premiar lo correcto e ignorar lo incorrecto.\" \/>\n<meta property=\"og:url\" content=\"https:\/\/dolphin-academy.com\/es\/sobre\/nuestra-filosofia\/\" \/>\n<meta property=\"og:site_name\" content=\"Dolphin Academy\" \/>\n<meta property=\"article:publisher\" content=\"https:\/\/www.facebook.com\/dolphinacademycuracao\/\" \/>\n<meta property=\"article:modified_time\" content=\"2020-12-03T12:17:10+00:00\" \/>\n<meta property=\"og:image\" content=\"https:\/\/dolphin-academy.com\/wp-content\/uploads\/2019\/12\/DolphinAcademy_logo-1.png\" \/>\n\t<meta property=\"og:image:width\" content=\"2480\" \/>\n\t<meta property=\"og:image:height\" content=\"1278\" \/>\n\t<meta property=\"og:image:type\" content=\"image\/png\" \/>\n<meta name=\"twitter:card\" content=\"summary_large_image\" \/>\n<meta name=\"twitter:label1\" content=\"Tiempo de lectura\" \/>\n\t<meta name=\"twitter:data1\" content=\"3 minutos\" \/>\n<script type=\"application\/ld+json\" class=\"yoast-schema-graph\">{\"@context\":\"https:\\\/\\\/schema.org\",\"@graph\":[{\"@type\":\"WebPage\",\"@id\":\"https:\\\/\\\/dolphin-academy.com\\\/es\\\/sobre\\\/nuestra-filosofia\\\/\",\"url\":\"https:\\\/\\\/dolphin-academy.com\\\/es\\\/sobre\\\/nuestra-filosofia\\\/\",\"name\":\"Nuestra Filosof\u00eda | Dolphin Academy Cura\u00e7ao\",\"isPartOf\":{\"@id\":\"https:\\\/\\\/dolphin-academy.com\\\/es\\\/#website\"},\"datePublished\":\"2020-03-24T06:11:18+00:00\",\"dateModified\":\"2020-12-03T12:17:10+00:00\",\"description\":\"El bienestar f\u00edsico y mental de nuestros delfines es nuestra prioridad n\u00famero uno. Nuestra filosof\u00eda es premiar lo correcto e ignorar lo incorrecto.\",\"breadcrumb\":{\"@id\":\"https:\\\/\\\/dolphin-academy.com\\\/es\\\/sobre\\\/nuestra-filosofia\\\/#breadcrumb\"},\"inLanguage\":\"es\",\"potentialAction\":[{\"@type\":\"ReadAction\",\"target\":[\"https:\\\/\\\/dolphin-academy.com\\\/es\\\/sobre\\\/nuestra-filosofia\\\/\"]}]},{\"@type\":\"BreadcrumbList\",\"@id\":\"https:\\\/\\\/dolphin-academy.com\\\/es\\\/sobre\\\/nuestra-filosofia\\\/#breadcrumb\",\"itemListElement\":[{\"@type\":\"ListItem\",\"position\":1,\"name\":\"Home\",\"item\":\"https:\\\/\\\/dolphin-academy.com\\\/es\\\/\"},{\"@type\":\"ListItem\",\"position\":2,\"name\":\"Sobre\",\"item\":\"https:\\\/\\\/dolphin-academy.com\\\/es\\\/sobre\\\/\"},{\"@type\":\"ListItem\",\"position\":3,\"name\":\"Nuestra filosof\u00eda\"}]},{\"@type\":\"WebSite\",\"@id\":\"https:\\\/\\\/dolphin-academy.com\\\/es\\\/#website\",\"url\":\"https:\\\/\\\/dolphin-academy.com\\\/es\\\/\",\"name\":\"Dolphin Academy\",\"description\":\"Dolphin Academy Cura\u00e7ao\",\"publisher\":{\"@id\":\"https:\\\/\\\/dolphin-academy.com\\\/es\\\/#organization\"},\"potentialAction\":[{\"@type\":\"SearchAction\",\"target\":{\"@type\":\"EntryPoint\",\"urlTemplate\":\"https:\\\/\\\/dolphin-academy.com\\\/es\\\/?s={search_term_string}\"},\"query-input\":{\"@type\":\"PropertyValueSpecification\",\"valueRequired\":true,\"valueName\":\"search_term_string\"}}],\"inLanguage\":\"es\"},{\"@type\":\"Organization\",\"@id\":\"https:\\\/\\\/dolphin-academy.com\\\/es\\\/#organization\",\"name\":\"Dolphin Academy\",\"url\":\"https:\\\/\\\/dolphin-academy.com\\\/es\\\/\",\"logo\":{\"@type\":\"ImageObject\",\"inLanguage\":\"es\",\"@id\":\"https:\\\/\\\/dolphin-academy.com\\\/es\\\/#\\\/schema\\\/logo\\\/image\\\/\",\"url\":\"https:\\\/\\\/dolphin-academy.com\\\/wp-content\\\/uploads\\\/2019\\\/12\\\/DolphinAcademy_logo-1.png\",\"contentUrl\":\"https:\\\/\\\/dolphin-academy.com\\\/wp-content\\\/uploads\\\/2019\\\/12\\\/DolphinAcademy_logo-1.png\",\"width\":2480,\"height\":1278,\"caption\":\"Dolphin Academy\"},\"image\":{\"@id\":\"https:\\\/\\\/dolphin-academy.com\\\/es\\\/#\\\/schema\\\/logo\\\/image\\\/\"},\"sameAs\":[\"https:\\\/\\\/www.facebook.com\\\/dolphinacademycuracao\\\/\",\"https:\\\/\\\/www.instagram.com\\\/dolphinacademycuracao\\\/\",\"https:\\\/\\\/www.youtube.com\\\/user\\\/DolphinAcademy\"]}]}<\/script>\n<!-- \/ Yoast SEO plugin. -->","yoast_head_json":{"title":"Nuestra Filosof\u00eda | Dolphin Academy Cura\u00e7ao","description":"El bienestar f\u00edsico y mental de nuestros delfines es nuestra prioridad n\u00famero uno. Nuestra filosof\u00eda es premiar lo correcto e ignorar lo incorrecto.","robots":{"index":"index","follow":"follow","max-snippet":"max-snippet:-1","max-image-preview":"max-image-preview:large","max-video-preview":"max-video-preview:-1"},"canonical":"https:\/\/dolphin-academy.com\/es\/sobre\/nuestra-filosofia\/","og_locale":"es_ES","og_type":"article","og_title":"Nuestra Filosof\u00eda | Dolphin Academy Cura\u00e7ao","og_description":"El bienestar f\u00edsico y mental de nuestros delfines es nuestra prioridad n\u00famero uno. Nuestra filosof\u00eda es premiar lo correcto e ignorar lo incorrecto.","og_url":"https:\/\/dolphin-academy.com\/es\/sobre\/nuestra-filosofia\/","og_site_name":"Dolphin Academy","article_publisher":"https:\/\/www.facebook.com\/dolphinacademycuracao\/","article_modified_time":"2020-12-03T12:17:10+00:00","og_image":[{"width":2480,"height":1278,"url":"https:\/\/dolphin-academy.com\/wp-content\/uploads\/2019\/12\/DolphinAcademy_logo-1.png","type":"image\/png"}],"twitter_card":"summary_large_image","twitter_misc":{"Tiempo de lectura":"3 minutos"},"schema":{"@context":"https:\/\/schema.org","@graph":[{"@type":"WebPage","@id":"https:\/\/dolphin-academy.com\/es\/sobre\/nuestra-filosofia\/","url":"https:\/\/dolphin-academy.com\/es\/sobre\/nuestra-filosofia\/","name":"Nuestra Filosof\u00eda | Dolphin Academy Cura\u00e7ao","isPartOf":{"@id":"https:\/\/dolphin-academy.com\/es\/#website"},"datePublished":"2020-03-24T06:11:18+00:00","dateModified":"2020-12-03T12:17:10+00:00","description":"El bienestar f\u00edsico y mental de nuestros delfines es nuestra prioridad n\u00famero uno. Nuestra filosof\u00eda es premiar lo correcto e ignorar lo incorrecto.","breadcrumb":{"@id":"https:\/\/dolphin-academy.com\/es\/sobre\/nuestra-filosofia\/#breadcrumb"},"inLanguage":"es","potentialAction":[{"@type":"ReadAction","target":["https:\/\/dolphin-academy.com\/es\/sobre\/nuestra-filosofia\/"]}]},{"@type":"BreadcrumbList","@id":"https:\/\/dolphin-academy.com\/es\/sobre\/nuestra-filosofia\/#breadcrumb","itemListElement":[{"@type":"ListItem","position":1,"name":"Home","item":"https:\/\/dolphin-academy.com\/es\/"},{"@type":"ListItem","position":2,"name":"Sobre","item":"https:\/\/dolphin-academy.com\/es\/sobre\/"},{"@type":"ListItem","position":3,"name":"Nuestra filosof\u00eda"}]},{"@type":"WebSite","@id":"https:\/\/dolphin-academy.com\/es\/#website","url":"https:\/\/dolphin-academy.com\/es\/","name":"Dolphin Academy","description":"Dolphin Academy Cura\u00e7ao","publisher":{"@id":"https:\/\/dolphin-academy.com\/es\/#organization"},"potentialAction":[{"@type":"SearchAction","target":{"@type":"EntryPoint","urlTemplate":"https:\/\/dolphin-academy.com\/es\/?s={search_term_string}"},"query-input":{"@type":"PropertyValueSpecification","valueRequired":true,"valueName":"search_term_string"}}],"inLanguage":"es"},{"@type":"Organization","@id":"https:\/\/dolphin-academy.com\/es\/#organization","name":"Dolphin Academy","url":"https:\/\/dolphin-academy.com\/es\/","logo":{"@type":"ImageObject","inLanguage":"es","@id":"https:\/\/dolphin-academy.com\/es\/#\/schema\/logo\/image\/","url":"https:\/\/dolphin-academy.com\/wp-content\/uploads\/2019\/12\/DolphinAcademy_logo-1.png","contentUrl":"https:\/\/dolphin-academy.com\/wp-content\/uploads\/2019\/12\/DolphinAcademy_logo-1.png","width":2480,"height":1278,"caption":"Dolphin Academy"},"image":{"@id":"https:\/\/dolphin-academy.com\/es\/#\/schema\/logo\/image\/"},"sameAs":["https:\/\/www.facebook.com\/dolphinacademycuracao\/","https:\/\/www.instagram.com\/dolphinacademycuracao\/","https:\/\/www.youtube.com\/user\/DolphinAcademy"]}]}},"jetpack_sharing_enabled":true,"_links":{"self":[{"href":"https:\/\/dolphin-academy.com\/es\/wp-json\/wp\/v2\/pages\/1672","targetHints":{"allow":["GET"]}}],"collection":[{"href":"https:\/\/dolphin-academy.com\/es\/wp-json\/wp\/v2\/pages"}],"about":[{"href":"https:\/\/dolphin-academy.com\/es\/wp-json\/wp\/v2\/types\/page"}],"author":[{"embeddable":true,"href":"https:\/\/dolphin-academy.com\/es\/wp-json\/wp\/v2\/users\/94"}],"replies":[{"embeddable":true,"href":"https:\/\/dolphin-academy.com\/es\/wp-json\/wp\/v2\/comments?post=1672"}],"version-history":[{"count":7,"href":"https:\/\/dolphin-academy.com\/es\/wp-json\/wp\/v2\/pages\/1672\/revisions"}],"predecessor-version":[{"id":3345,"href":"https:\/\/dolphin-academy.com\/es\/wp-json\/wp\/v2\/pages\/1672\/revisions\/3345"}],"up":[{"embeddable":true,"href":"https:\/\/dolphin-academy.com\/es\/wp-json\/wp\/v2\/pages\/1607"}],"wp:attachment":[{"href":"https:\/\/dolphin-academy.com\/es\/wp-json\/wp\/v2\/media?parent=1672"}],"curies":[{"name":"wp","href":"https:\/\/api.w.org\/{rel}","templated":true}]}}