{"id":12002,"date":"2020-03-18T13:22:37","date_gmt":"2020-03-18T13:22:37","guid":{"rendered":"https:\/\/dolphin-academy.com\/groups-special-requests\/"},"modified":"2025-02-10T19:22:39","modified_gmt":"2025-02-10T19:22:39","slug":"grupos-e-solicitacoes-especiais","status":"publish","type":"page","link":"https:\/\/dolphin-academy.com\/pt-br\/experiencias\/grupos-e-solicitacoes-especiais\/","title":{"rendered":"Grupos e Solicita\u00e7\u00f5es Especiais"},"content":{"rendered":"<div class=\"wpb-content-wrapper\"><p>[vc_section][vc_row][vc_column width=&#8221;5\/6&#8243;][vc_custom_heading text=&#8221;Experimente a Dolphin Academy com um grupo!&#8221; font_container=&#8221;tag:h2|text_align:left|color:%23202020&#8243; use_theme_fonts=&#8221;yes&#8221;][vc_column_text]<\/p>\n<div class=\"page_content\">Juntos \u00e9 sempre melhor! Procurando uma experi\u00eancia divertida e educativa que voc\u00ea possa fazer com um grupo na Dolphin Academy? N\u00f3s temos o que voc\u00ea precisa! Oferecemos tarifas especiais para grupos a partir de 10 pessoas. Entre em contato conosco para mais informa\u00e7\u00f5es sobre como podemos proporcionar um dia que voc\u00ea vai comentar por anos!<\/div>\n<p>[\/vc_column_text][\/vc_column][vc_column width=&#8221;1\/6&#8243;][\/vc_column][\/vc_row][vc_row full_width=&#8221;stretch_row&#8221; css=&#8221;.vc_custom_1584529546352{background-color: #ffffff !important;}&#8221; el_class=&#8221;img_shadow half_circle_top&#8221;][vc_column width=&#8221;1\/2&#8243; el_class=&#8221;only_mobile&#8221; css=&#8221;.vc_custom_1576738793873{padding-top: 25px !important;}&#8221;][vc_custom_heading text=&#8221;Solicita\u00e7\u00f5es Especiais&#8221; font_container=&#8221;tag:h2|text_align:left|color:%23202020&#8243; use_theme_fonts=&#8221;yes&#8221;][vc_column_text]<\/p>\n<div class=\"page_content\">Est\u00e1 procurando um local \u00fanico para celebrar seu casamento? Est\u00e1 planejando um evento corporativo? Ou voc\u00ea tem outro tipo de ocasi\u00e3o especial? N\u00f3s tamb\u00e9m podemos acomodar isso! Trabalhamos com voc\u00ea para compor uma experi\u00eancia completa com base em seus desejos. Tamb\u00e9m somos capazes de montar pacotes que combinam nossas diferentes se\u00e7\u00f5es em experi\u00eancias di\u00e1rias para grupos com um m\u00ednimo de 10 pessoas. Esses pacotes s\u00e3o perfeitos para confer\u00eancias de neg\u00f3cios, dias em fam\u00edlia, casamentos, etc. Por favor, entre em contato conosco para mais informa\u00e7\u00f5es e reservas.<\/div>\n<p>[\/vc_column_text][\/vc_column][vc_column width=&#8221;1\/2&#8243;][vc_single_image image=&#8221;12017&#8243; img_size=&#8221;full&#8221; css=&#8221;.vc_custom_1586779902614{margin-bottom: 0px !important;}&#8221;][\/vc_column][\/vc_row][\/vc_section][vc_section full_width=&#8221;stretch_row&#8221; css=&#8221;.vc_custom_1584529640390{background-color: #f3f3f3 !important;}&#8221;][vc_row][vc_column width=&#8221;1\/6&#8243;][\/vc_column][vc_column width=&#8221;2\/3&#8243;][vc_empty_space height=&#8221;10px&#8221;][vc_custom_heading text=&#8221;Grupos e Solicita\u00e7\u00f5es Especiais&#8221; font_container=&#8221;tag:h2|text_align:center|color:%23202020&#8243; use_theme_fonts=&#8221;yes&#8221; css=&#8221;&#8221;][vc_empty_space height=&#8221;10px&#8221;]\n<div class=\"wpcf7 no-js\" id=\"wpcf7-f12360-o1\" lang=\"pt-BR\" dir=\"ltr\" data-wpcf7-id=\"12360\">\n<div class=\"screen-reader-response\"><p role=\"status\" aria-live=\"polite\" aria-atomic=\"true\"><\/p> <ul><\/ul><\/div>\n<form action=\"\/pt-br\/wp-json\/wp\/v2\/pages\/12002#wpcf7-f12360-o1\" method=\"post\" class=\"wpcf7-form init\" aria-label=\"Formul\u00e1rios de contato\" novalidate=\"novalidate\" data-status=\"init\">\n<fieldset class=\"hidden-fields-container\"><input type=\"hidden\" name=\"_wpcf7\" value=\"12360\" \/><input type=\"hidden\" name=\"_wpcf7_version\" value=\"6.1.5\" \/><input type=\"hidden\" name=\"_wpcf7_locale\" value=\"pt_BR\" \/><input type=\"hidden\" name=\"_wpcf7_unit_tag\" value=\"wpcf7-f12360-o1\" \/><input type=\"hidden\" name=\"_wpcf7_container_post\" value=\"0\" \/><input type=\"hidden\" name=\"_wpcf7_posted_data_hash\" value=\"\" \/><input type=\"hidden\" name=\"_wpcf7_recaptcha_response\" value=\"\" \/>\n<\/fieldset>\n<div class=\"contact-form\">\n\t<div class=\"vc_col-sm-6 input_field\">\n\t\t<p><span class=\"wpcf7-form-control-wrap\" data-name=\"fname\"><input size=\"40\" maxlength=\"400\" class=\"wpcf7-form-control wpcf7-text wpcf7-validates-as-required\" aria-required=\"true\" aria-invalid=\"false\" placeholder=\"Nome\" value=\"\" type=\"text\" name=\"fname\" \/><\/span>\n\t\t<\/p>\n\t<\/div>\n\t<div class=\"vc_col-sm-6 input_field\">\n\t\t<p><span class=\"wpcf7-form-control-wrap\" data-name=\"company\"><input size=\"40\" maxlength=\"400\" class=\"wpcf7-form-control wpcf7-text\" aria-invalid=\"false\" placeholder=\"Empresa\" value=\"\" type=\"text\" name=\"company\" \/><\/span>\n\t\t<\/p>\n\t<\/div>\n\t<div class=\"vc_col-sm-12 input_field\">\n\t\t<p><span class=\"wpcf7-form-control-wrap\" data-name=\"email\"><input size=\"40\" maxlength=\"400\" class=\"wpcf7-form-control wpcf7-email wpcf7-validates-as-required wpcf7-text wpcf7-validates-as-email\" aria-required=\"true\" aria-invalid=\"false\" placeholder=\"Endere\u00e7o de e-mail\" value=\"\" type=\"email\" name=\"email\" \/><\/span>\n\t\t<\/p>\n\t<\/div>\n\t<div class=\"vc_col-sm-12 input_field\">\n\t\t<p><span class=\"wpcf7-form-control-wrap\" data-name=\"message\"><textarea cols=\"40\" rows=\"10\" maxlength=\"2000\" class=\"wpcf7-form-control wpcf7-textarea wpcf7-validates-as-required\" aria-required=\"true\" aria-invalid=\"false\" placeholder=\"Sua mensagem\" name=\"message\"><\/textarea><\/span>\n\t\t<\/p>\n\t<\/div>\n<\/div>\n<p><input class=\"wpcf7-form-control wpcf7-submit has-spinner\" type=\"submit\" value=\"ENVIAR AGORA\" \/>\n<\/p><p style=\"display: none !important;\" class=\"akismet-fields-container\" data-prefix=\"_wpcf7_ak_\"><label>&#916;<textarea name=\"_wpcf7_ak_hp_textarea\" cols=\"45\" rows=\"8\" maxlength=\"100\"><\/textarea><\/label><input type=\"hidden\" id=\"ak_js_1\" name=\"_wpcf7_ak_js\" value=\"32\"\/><script>document.getElementById( \"ak_js_1\" ).setAttribute( \"value\", ( new Date() ).getTime() );<\/script><\/p><input type='hidden' class='wpcf7-pum' value='{\"closepopup\":false,\"closedelay\":0,\"openpopup\":false,\"openpopup_id\":0}' \/><div class=\"wpcf7-response-output\" aria-hidden=\"true\"><\/div>\n<\/form>\n<\/div>\n[vc_empty_space height=&#8221;50px&#8221;][\/vc_column][vc_column width=&#8221;1\/6&#8243;][\/vc_column][\/vc_row][\/vc_section]<\/p>\n<\/div>","protected":false},"excerpt":{"rendered":"<p>[vc_section][vc_row][vc_column width=&#8221;5\/6&#8243;][vc_custom_heading text=&#8221;Experimente a Dolphin Academy com um grupo!&#8221; font_container=&#8221;tag:h2|text_align:left|color:%23202020&#8243; use_theme_fonts=&#8221;yes&#8221;][vc_column_text] Juntos \u00e9 sempre melhor! Procurando uma experi\u00eancia divertida e educativa que voc\u00ea possa fazer com<span class=\"excerpt-hellip\"> [\u2026]<\/span><\/p>\n","protected":false},"author":94,"featured_media":0,"parent":12103,"menu_order":0,"comment_status":"closed","ping_status":"closed","template":"","meta":{"footnotes":"","_wp_rev_ctl_limit":""},"class_list":["post-12002","page","type-page","status-publish","hentry"],"yoast_head":"<!-- This site is optimized with the Yoast SEO plugin v27.3 - https:\/\/yoast.com\/product\/yoast-seo-wordpress\/ -->\n<title>Groups &amp; Special Requests | Dolphin Academy Cura\u00e7ao<\/title>\n<meta name=\"description\" content=\"Looking for both an experience that is both fun and educational and that you can do with a group or as an event at Dolphin Academy? Then you\u2019re in luck! We can help you organize group activities and events.\" \/>\n<meta name=\"robots\" content=\"index, follow, max-snippet:-1, max-image-preview:large, max-video-preview:-1\" \/>\n<link rel=\"canonical\" href=\"https:\/\/dolphin-academy.com\/pt-br\/experiencias\/grupos-e-solicitacoes-especiais\/\" \/>\n<meta property=\"og:locale\" content=\"pt_BR\" \/>\n<meta property=\"og:type\" content=\"article\" \/>\n<meta property=\"og:title\" content=\"Groups &amp; Special Requests | Dolphin Academy Cura\u00e7ao\" \/>\n<meta property=\"og:description\" content=\"Looking for both an experience that is both fun and educational and that you can do with a group or as an event at Dolphin Academy? Then you\u2019re in luck! We can help you organize group activities and events.\" \/>\n<meta property=\"og:url\" content=\"https:\/\/dolphin-academy.com\/pt-br\/experiencias\/grupos-e-solicitacoes-especiais\/\" \/>\n<meta property=\"og:site_name\" content=\"Dolphin Academy\" \/>\n<meta property=\"article:publisher\" content=\"https:\/\/www.facebook.com\/dolphinacademycuracao\/\" \/>\n<meta property=\"article:modified_time\" content=\"2025-02-10T19:22:39+00:00\" \/>\n<meta property=\"og:image\" content=\"https:\/\/dolphin-academy.com\/wp-content\/uploads\/2019\/12\/DolphinAcademy_logo-1.png\" \/>\n\t<meta property=\"og:image:width\" content=\"2480\" \/>\n\t<meta property=\"og:image:height\" content=\"1278\" \/>\n\t<meta property=\"og:image:type\" content=\"image\/png\" \/>\n<meta name=\"twitter:card\" content=\"summary_large_image\" \/>\n<meta name=\"twitter:label1\" content=\"Est. tempo de leitura\" \/>\n\t<meta name=\"twitter:data1\" content=\"2 minutos\" \/>\n<script type=\"application\/ld+json\" class=\"yoast-schema-graph\">{\"@context\":\"https:\\\/\\\/schema.org\",\"@graph\":[{\"@type\":\"WebPage\",\"@id\":\"https:\\\/\\\/dolphin-academy.com\\\/pt-br\\\/experiencias\\\/grupos-e-solicitacoes-especiais\\\/\",\"url\":\"https:\\\/\\\/dolphin-academy.com\\\/pt-br\\\/experiencias\\\/grupos-e-solicitacoes-especiais\\\/\",\"name\":\"Groups & Special Requests | Dolphin Academy Cura\u00e7ao\",\"isPartOf\":{\"@id\":\"https:\\\/\\\/dolphin-academy.com\\\/pt-br\\\/#website\"},\"datePublished\":\"2020-03-18T13:22:37+00:00\",\"dateModified\":\"2025-02-10T19:22:39+00:00\",\"description\":\"Looking for both an experience that is both fun and educational and that you can do with a group or as an event at Dolphin Academy? Then you\u2019re in luck! We can help you organize group activities and events.\",\"breadcrumb\":{\"@id\":\"https:\\\/\\\/dolphin-academy.com\\\/pt-br\\\/experiencias\\\/grupos-e-solicitacoes-especiais\\\/#breadcrumb\"},\"inLanguage\":\"pt-BR\",\"potentialAction\":[{\"@type\":\"ReadAction\",\"target\":[\"https:\\\/\\\/dolphin-academy.com\\\/pt-br\\\/experiencias\\\/grupos-e-solicitacoes-especiais\\\/\"]}]},{\"@type\":\"BreadcrumbList\",\"@id\":\"https:\\\/\\\/dolphin-academy.com\\\/pt-br\\\/experiencias\\\/grupos-e-solicitacoes-especiais\\\/#breadcrumb\",\"itemListElement\":[{\"@type\":\"ListItem\",\"position\":1,\"name\":\"Home\",\"item\":\"https:\\\/\\\/dolphin-academy.com\\\/pt-br\\\/\"},{\"@type\":\"ListItem\",\"position\":2,\"name\":\"Experi\u00eancias\",\"item\":\"https:\\\/\\\/dolphin-academy.com\\\/pt-br\\\/experiences\\\/\"},{\"@type\":\"ListItem\",\"position\":3,\"name\":\"Grupos e Solicita\u00e7\u00f5es Especiais\"}]},{\"@type\":\"WebSite\",\"@id\":\"https:\\\/\\\/dolphin-academy.com\\\/pt-br\\\/#website\",\"url\":\"https:\\\/\\\/dolphin-academy.com\\\/pt-br\\\/\",\"name\":\"Dolphin Academy\",\"description\":\"Dolphin Academy Cura\u00e7ao\",\"publisher\":{\"@id\":\"https:\\\/\\\/dolphin-academy.com\\\/pt-br\\\/#organization\"},\"potentialAction\":[{\"@type\":\"SearchAction\",\"target\":{\"@type\":\"EntryPoint\",\"urlTemplate\":\"https:\\\/\\\/dolphin-academy.com\\\/pt-br\\\/?s={search_term_string}\"},\"query-input\":{\"@type\":\"PropertyValueSpecification\",\"valueRequired\":true,\"valueName\":\"search_term_string\"}}],\"inLanguage\":\"pt-BR\"},{\"@type\":\"Organization\",\"@id\":\"https:\\\/\\\/dolphin-academy.com\\\/pt-br\\\/#organization\",\"name\":\"Dolphin Academy\",\"url\":\"https:\\\/\\\/dolphin-academy.com\\\/pt-br\\\/\",\"logo\":{\"@type\":\"ImageObject\",\"inLanguage\":\"pt-BR\",\"@id\":\"https:\\\/\\\/dolphin-academy.com\\\/pt-br\\\/#\\\/schema\\\/logo\\\/image\\\/\",\"url\":\"https:\\\/\\\/dolphin-academy.com\\\/wp-content\\\/uploads\\\/2019\\\/12\\\/DolphinAcademy_logo-1.png\",\"contentUrl\":\"https:\\\/\\\/dolphin-academy.com\\\/wp-content\\\/uploads\\\/2019\\\/12\\\/DolphinAcademy_logo-1.png\",\"width\":2480,\"height\":1278,\"caption\":\"Dolphin Academy\"},\"image\":{\"@id\":\"https:\\\/\\\/dolphin-academy.com\\\/pt-br\\\/#\\\/schema\\\/logo\\\/image\\\/\"},\"sameAs\":[\"https:\\\/\\\/www.facebook.com\\\/dolphinacademycuracao\\\/\",\"https:\\\/\\\/www.instagram.com\\\/dolphinacademycuracao\\\/\",\"https:\\\/\\\/www.youtube.com\\\/user\\\/DolphinAcademy\"]}]}<\/script>\n<!-- \/ Yoast SEO plugin. -->","yoast_head_json":{"title":"Groups & Special Requests | Dolphin Academy Cura\u00e7ao","description":"Looking for both an experience that is both fun and educational and that you can do with a group or as an event at Dolphin Academy? Then you\u2019re in luck! We can help you organize group activities and events.","robots":{"index":"index","follow":"follow","max-snippet":"max-snippet:-1","max-image-preview":"max-image-preview:large","max-video-preview":"max-video-preview:-1"},"canonical":"https:\/\/dolphin-academy.com\/pt-br\/experiencias\/grupos-e-solicitacoes-especiais\/","og_locale":"pt_BR","og_type":"article","og_title":"Groups & Special Requests | Dolphin Academy Cura\u00e7ao","og_description":"Looking for both an experience that is both fun and educational and that you can do with a group or as an event at Dolphin Academy? Then you\u2019re in luck! We can help you organize group activities and events.","og_url":"https:\/\/dolphin-academy.com\/pt-br\/experiencias\/grupos-e-solicitacoes-especiais\/","og_site_name":"Dolphin Academy","article_publisher":"https:\/\/www.facebook.com\/dolphinacademycuracao\/","article_modified_time":"2025-02-10T19:22:39+00:00","og_image":[{"width":2480,"height":1278,"url":"https:\/\/dolphin-academy.com\/wp-content\/uploads\/2019\/12\/DolphinAcademy_logo-1.png","type":"image\/png"}],"twitter_card":"summary_large_image","twitter_misc":{"Est. tempo de leitura":"2 minutos"},"schema":{"@context":"https:\/\/schema.org","@graph":[{"@type":"WebPage","@id":"https:\/\/dolphin-academy.com\/pt-br\/experiencias\/grupos-e-solicitacoes-especiais\/","url":"https:\/\/dolphin-academy.com\/pt-br\/experiencias\/grupos-e-solicitacoes-especiais\/","name":"Groups & Special Requests | Dolphin Academy Cura\u00e7ao","isPartOf":{"@id":"https:\/\/dolphin-academy.com\/pt-br\/#website"},"datePublished":"2020-03-18T13:22:37+00:00","dateModified":"2025-02-10T19:22:39+00:00","description":"Looking for both an experience that is both fun and educational and that you can do with a group or as an event at Dolphin Academy? Then you\u2019re in luck! We can help you organize group activities and events.","breadcrumb":{"@id":"https:\/\/dolphin-academy.com\/pt-br\/experiencias\/grupos-e-solicitacoes-especiais\/#breadcrumb"},"inLanguage":"pt-BR","potentialAction":[{"@type":"ReadAction","target":["https:\/\/dolphin-academy.com\/pt-br\/experiencias\/grupos-e-solicitacoes-especiais\/"]}]},{"@type":"BreadcrumbList","@id":"https:\/\/dolphin-academy.com\/pt-br\/experiencias\/grupos-e-solicitacoes-especiais\/#breadcrumb","itemListElement":[{"@type":"ListItem","position":1,"name":"Home","item":"https:\/\/dolphin-academy.com\/pt-br\/"},{"@type":"ListItem","position":2,"name":"Experi\u00eancias","item":"https:\/\/dolphin-academy.com\/pt-br\/experiences\/"},{"@type":"ListItem","position":3,"name":"Grupos e Solicita\u00e7\u00f5es Especiais"}]},{"@type":"WebSite","@id":"https:\/\/dolphin-academy.com\/pt-br\/#website","url":"https:\/\/dolphin-academy.com\/pt-br\/","name":"Dolphin Academy","description":"Dolphin Academy Cura\u00e7ao","publisher":{"@id":"https:\/\/dolphin-academy.com\/pt-br\/#organization"},"potentialAction":[{"@type":"SearchAction","target":{"@type":"EntryPoint","urlTemplate":"https:\/\/dolphin-academy.com\/pt-br\/?s={search_term_string}"},"query-input":{"@type":"PropertyValueSpecification","valueRequired":true,"valueName":"search_term_string"}}],"inLanguage":"pt-BR"},{"@type":"Organization","@id":"https:\/\/dolphin-academy.com\/pt-br\/#organization","name":"Dolphin Academy","url":"https:\/\/dolphin-academy.com\/pt-br\/","logo":{"@type":"ImageObject","inLanguage":"pt-BR","@id":"https:\/\/dolphin-academy.com\/pt-br\/#\/schema\/logo\/image\/","url":"https:\/\/dolphin-academy.com\/wp-content\/uploads\/2019\/12\/DolphinAcademy_logo-1.png","contentUrl":"https:\/\/dolphin-academy.com\/wp-content\/uploads\/2019\/12\/DolphinAcademy_logo-1.png","width":2480,"height":1278,"caption":"Dolphin Academy"},"image":{"@id":"https:\/\/dolphin-academy.com\/pt-br\/#\/schema\/logo\/image\/"},"sameAs":["https:\/\/www.facebook.com\/dolphinacademycuracao\/","https:\/\/www.instagram.com\/dolphinacademycuracao\/","https:\/\/www.youtube.com\/user\/DolphinAcademy"]}]}},"jetpack_sharing_enabled":true,"_links":{"self":[{"href":"https:\/\/dolphin-academy.com\/pt-br\/wp-json\/wp\/v2\/pages\/12002","targetHints":{"allow":["GET"]}}],"collection":[{"href":"https:\/\/dolphin-academy.com\/pt-br\/wp-json\/wp\/v2\/pages"}],"about":[{"href":"https:\/\/dolphin-academy.com\/pt-br\/wp-json\/wp\/v2\/types\/page"}],"author":[{"embeddable":true,"href":"https:\/\/dolphin-academy.com\/pt-br\/wp-json\/wp\/v2\/users\/94"}],"replies":[{"embeddable":true,"href":"https:\/\/dolphin-academy.com\/pt-br\/wp-json\/wp\/v2\/comments?post=12002"}],"version-history":[{"count":6,"href":"https:\/\/dolphin-academy.com\/pt-br\/wp-json\/wp\/v2\/pages\/12002\/revisions"}],"predecessor-version":[{"id":12361,"href":"https:\/\/dolphin-academy.com\/pt-br\/wp-json\/wp\/v2\/pages\/12002\/revisions\/12361"}],"up":[{"embeddable":true,"href":"https:\/\/dolphin-academy.com\/pt-br\/wp-json\/wp\/v2\/pages\/12103"}],"wp:attachment":[{"href":"https:\/\/dolphin-academy.com\/pt-br\/wp-json\/wp\/v2\/media?parent=12002"}],"curies":[{"name":"wp","href":"https:\/\/api.w.org\/{rel}","templated":true}]}}