{"id":12031,"date":"2019-12-24T13:22:16","date_gmt":"2019-12-24T13:22:16","guid":{"rendered":"https:\/\/dolphin-academy.com\/privacy-policy\/"},"modified":"2025-01-28T13:59:08","modified_gmt":"2025-01-28T13:59:08","slug":"politica-de-privacidade","status":"publish","type":"page","link":"https:\/\/dolphin-academy.com\/pt-br\/politica-de-privacidade\/","title":{"rendered":"Pol\u00edtica de Privacidade"},"content":{"rendered":"<div class=\"wpb-content-wrapper\"><p>[vc_section full_width=&#8221;stretch_row_content&#8221; el_class=&#8221;patter_footer&#8221;][vc_row css=&#8221;.vc_custom_1576833589555{padding-right: 5% !important;padding-left: 5% !important;}&#8221;][vc_column css=&#8221;.vc_custom_1576731548594{padding-right: 10% !important;padding-left: 10% !important;}&#8221;][vc_custom_heading text=&#8221;Pol\u00edtica de Privacidade&#8221; font_container=&#8221;tag:h1|text_align:center|color:%23202020&#8243; use_theme_fonts=&#8221;yes&#8221;][vc_empty_space height=&#8221;15px&#8221;][vc_custom_heading text=&#8221;QUE INFORMA\u00c7\u00d5ES COLETAMOS?&#8221; font_container=&#8221;tag:h2|text_align:left|color:%23145d6f&#8221; use_theme_fonts=&#8221;yes&#8221;][vc_column_text]<\/p>\n<div class=\"page_content\">\n<p>Coletamos informa\u00e7\u00f5es de voc\u00ea quando se registra em nosso site, faz um pedido, se inscreve em nosso boletim informativo ou responde a uma pesquisa.<\/p>\n<p>Ao fazer um pedido ou se registrar em nosso site, quando apropriado, voc\u00ea pode ser solicitado a inserir seu: nome, endere\u00e7o de e-mail ou n\u00famero de telefone. No entanto, voc\u00ea pode visitar nosso site anonimamente.<\/p>\n<\/div>\n<p>[\/vc_column_text][vc_custom_heading text=&#8221;PARA QUE USAMOS SUAS INFORMA\u00c7\u00d5ES?&#8221; font_container=&#8221;tag:h2|text_align:left|color:%23145d6f&#8221; use_theme_fonts=&#8221;yes&#8221;][vc_column_text]<\/p>\n<div class=\"page_content\">\n<p>Qualquer uma das informa\u00e7\u00f5es que coletamos de voc\u00ea pode ser usada de uma das seguintes maneiras:<\/p>\n<p>Para melhorar nosso site<\/p>\n<p>(continuamos a nos esfor\u00e7ar para melhorar nossas ofertas de site com base nas informa\u00e7\u00f5es e feedback que recebemos de voc\u00ea)<\/p>\n<p>Para melhorar o atendimento ao cliente<\/p>\n<p>(suas informa\u00e7\u00f5es nos ajudam a responder de forma mais eficaz \u00e0s suas solicita\u00e7\u00f5es de atendimento ao cliente e necessidades de suporte)<\/p>\n<p>Para processar transa\u00e7\u00f5es<\/p>\n<p>Suas informa\u00e7\u00f5es, sejam p\u00fablicas ou privadas, n\u00e3o ser\u00e3o vendidas, trocadas, transferidas ou dadas a qualquer outra empresa por qualquer motivo, sem seu consentimento, exceto para o prop\u00f3sito expresso de entregar o produto ou servi\u00e7o adquirido.<\/p>\n<p>Para administrar um concurso, promo\u00e7\u00e3o, pesquisa ou outra funcionalidade do site<\/p>\n<p>Para enviar e-mails peri\u00f3dicos<\/p>\n<p>O endere\u00e7o de e-mail que voc\u00ea fornece para o processamento do pedido pode ser usado para enviar informa\u00e7\u00f5es e atualiza\u00e7\u00f5es relacionadas ao seu pedido, al\u00e9m de receber ocasionalmente not\u00edcias da empresa, atualiza\u00e7\u00f5es, informa\u00e7\u00f5es relacionadas a produtos ou servi\u00e7os, etc.<br \/>\nNota: Se a qualquer momento voc\u00ea quiser cancelar a inscri\u00e7\u00e3o para receber e-mails futuros, inclu\u00edmos instru\u00e7\u00f5es detalhadas de cancelamento no final de cada e-mail.<\/p>\n<\/div>\n<p>[\/vc_column_text][vc_custom_heading text=&#8221;HOW DO WE PROTECT YOUR INFORMATION?&#8221; font_container=&#8221;tag:h2|text_align:left|color:%23145d6f&#8221; use_theme_fonts=&#8221;yes&#8221;][vc_column_text]<\/p>\n<div class=\"page_content\">Implementamos uma variedade de medidas de seguran\u00e7a para manter a seguran\u00e7a de suas informa\u00e7\u00f5es pessoais ao fazer um pedido.<\/div>\n<p>[\/vc_column_text][vc_custom_heading text=&#8221;DO WE DISCLOSE ANY INFORMATION TO OUTSIDE PARTIES?&#8221; font_container=&#8221;tag:h2|text_align:left|color:%23145d6f&#8221; use_theme_fonts=&#8221;yes&#8221;][vc_column_text]<\/p>\n<div class=\"page_content\">N\u00e3o vendemos, trocamos ou transferimos de outra forma suas informa\u00e7\u00f5es pessoais identific\u00e1veis para partes externas. Isso n\u00e3o inclui terceiros confi\u00e1veis que nos ajudam a operar nosso site, conduzir nossos neg\u00f3cios ou atend\u00ea-lo, desde que essas partes concordem em manter essas informa\u00e7\u00f5es confidenciais. Podemos tamb\u00e9m liberar suas informa\u00e7\u00f5es quando acreditamos que a libera\u00e7\u00e3o \u00e9 apropriada para cumprir a lei, aplicar nossas pol\u00edticas do site ou proteger nossos direitos, propriedade ou seguran\u00e7a, ou os de outros. No entanto, informa\u00e7\u00f5es de visitantes n\u00e3o pessoalmente identific\u00e1veis podem ser fornecidas a outras partes para marketing, publicidade ou outros usos.<\/div>\n<p>[\/vc_column_text][vc_custom_heading text=&#8221;LINKS DE TERCEIROS&#8221; font_container=&#8221;tag:h2|text_align:left|color:%23145d6f&#8221; use_theme_fonts=&#8221;yes&#8221;][vc_column_text]<\/p>\n<div class=\"page_content\">Ocasionalmente, a nosso crit\u00e9rio, podemos incluir ou oferecer produtos ou servi\u00e7os de terceiros em nosso site. Esses sites de terceiros t\u00eam pol\u00edticas de privacidade separadas e independentes. Portanto, n\u00e3o temos responsabilidade ou obriga\u00e7\u00e3o pelo conte\u00fado e atividades desses sites vinculados. No entanto, buscamos proteger a integridade de nosso site e agradecemos qualquer feedback sobre esses sites.<\/div>\n<p>[\/vc_column_text][vc_custom_heading text=&#8221;CUMPRIMENTO DA LEI DE PROTE\u00c7\u00c3O \u00c0 PRIVACIDADE ONLINE DAS CRIAN\u00c7AS&#8221; font_container=&#8221;tag:h2|text_align:left|color:%23145d6f&#8221; use_theme_fonts=&#8221;yes&#8221;][vc_column_text]<\/p>\n<div class=\"page_content\">Estamos em conformidade com os requisitos da COPPA (Childrens Online Privacy Protection Act), n\u00e3o coletamos nenhuma informa\u00e7\u00e3o de ningu\u00e9m com menos de 13 anos de idade. Nosso site, produtos e servi\u00e7os s\u00e3o todos direcionados a pessoas que t\u00eam pelo menos 13 anos ou mais.<\/div>\n<p>[\/vc_column_text][vc_custom_heading text=&#8221;SEU CONSENTIMENTO&#8221; font_container=&#8221;tag:h2|text_align:left|color:%23145d6f&#8221; use_theme_fonts=&#8221;yes&#8221;][vc_column_text]<\/p>\n<div class=\"page_content\">Ao usar nosso site, voc\u00ea consente com nossa pol\u00edtica de privacidade online.<\/div>\n<p>[\/vc_column_text][vc_custom_heading text=&#8221;CONTATO&#8221; font_container=&#8221;tag:h2|text_align:left|color:%23145d6f&#8221; use_theme_fonts=&#8221;yes&#8221;][vc_column_text]<\/p>\n<div class=\"page_content\">\n<p>Se houver alguma d\u00favida em rela\u00e7\u00e3o a esta pol\u00edtica de privacidade, voc\u00ea pode nos contatar usando as informa\u00e7\u00f5es abaixo.<\/p>\n<p>Cura\u00e7ao Dolphin Academy N.V.<br \/>\nBapor Kibra z\/n<br \/>\nCura\u00e7ao<br \/>\ndolphin-academy.com<br \/>\n<a href=\"mailto:info@dolphin-academy.com\">info@dolphin-academy.com<\/a><br \/>\n+5999 465 8900<\/p>\n<p>CoC: 89715<br \/>\nImposto: 122.330.328<\/p>\n<p>Esta pol\u00edtica \u00e9 fornecida pela conformidade PCI da Trust Guard.<\/p>\n<\/div>\n<p>[\/vc_column_text][vc_empty_space][\/vc_column][\/vc_row][\/vc_section]<\/p>\n<\/div>","protected":false},"excerpt":{"rendered":"<p>[vc_section full_width=&#8221;stretch_row_content&#8221; el_class=&#8221;patter_footer&#8221;][vc_row css=&#8221;.vc_custom_1576833589555{padding-right: 5% !important;padding-left: 5% !important;}&#8221;][vc_column css=&#8221;.vc_custom_1576731548594{padding-right: 10% !important;padding-left: 10% !important;}&#8221;][vc_custom_heading text=&#8221;Pol\u00edtica de Privacidade&#8221; font_container=&#8221;tag:h1|text_align:center|color:%23202020&#8243; use_theme_fonts=&#8221;yes&#8221;][vc_empty_space height=&#8221;15px&#8221;][vc_custom_heading text=&#8221;QUE INFORMA\u00c7\u00d5ES COLETAMOS?&#8221; font_container=&#8221;tag:h2|text_align:left|color:%23145d6f&#8221; use_theme_fonts=&#8221;yes&#8221;][vc_column_text] Coletamos informa\u00e7\u00f5es<span class=\"excerpt-hellip\"> [\u2026]<\/span><\/p>\n","protected":false},"author":94,"featured_media":0,"parent":0,"menu_order":0,"comment_status":"closed","ping_status":"closed","template":"","meta":{"footnotes":"","_wp_rev_ctl_limit":""},"class_list":["post-12031","page","type-page","status-publish","hentry"],"yoast_head":"<!-- This site is optimized with the Yoast SEO plugin v27.4 - https:\/\/yoast.com\/product\/yoast-seo-wordpress\/ -->\n<title>Privacy Policy | Dolphin Academy Cura\u00e7ao<\/title>\n<meta name=\"description\" content=\"See our privacy policy for the collection of information from you when you register on our site, place an order, subscribe to our newsletter, or respond to a survey.\" \/>\n<meta name=\"robots\" content=\"index, follow, max-snippet:-1, max-image-preview:large, max-video-preview:-1\" \/>\n<link rel=\"canonical\" href=\"https:\/\/dolphin-academy.com\/pt-br\/politica-de-privacidade\/\" \/>\n<meta property=\"og:locale\" content=\"pt_BR\" \/>\n<meta property=\"og:type\" content=\"article\" \/>\n<meta property=\"og:title\" content=\"Privacy Policy | Dolphin Academy Cura\u00e7ao\" \/>\n<meta property=\"og:description\" content=\"See our privacy policy for the collection of information from you when you register on our site, place an order, subscribe to our newsletter, or respond to a survey.\" \/>\n<meta property=\"og:url\" content=\"https:\/\/dolphin-academy.com\/pt-br\/politica-de-privacidade\/\" \/>\n<meta property=\"og:site_name\" content=\"Dolphin Academy\" \/>\n<meta property=\"article:publisher\" content=\"https:\/\/www.facebook.com\/dolphinacademycuracao\/\" \/>\n<meta property=\"article:modified_time\" content=\"2025-01-28T13:59:08+00:00\" \/>\n<meta property=\"og:image\" content=\"https:\/\/dolphin-academy.com\/wp-content\/uploads\/2019\/12\/DolphinAcademy_logo-1.png\" \/>\n\t<meta property=\"og:image:width\" content=\"2480\" \/>\n\t<meta property=\"og:image:height\" content=\"1278\" \/>\n\t<meta property=\"og:image:type\" content=\"image\/png\" \/>\n<meta name=\"twitter:card\" content=\"summary_large_image\" \/>\n<meta name=\"twitter:label1\" content=\"Est. tempo de leitura\" \/>\n\t<meta name=\"twitter:data1\" content=\"3 minutos\" \/>\n<script type=\"application\/ld+json\" class=\"yoast-schema-graph\">{\"@context\":\"https:\\\/\\\/schema.org\",\"@graph\":[{\"@type\":\"WebPage\",\"@id\":\"https:\\\/\\\/dolphin-academy.com\\\/pt-br\\\/politica-de-privacidade\\\/\",\"url\":\"https:\\\/\\\/dolphin-academy.com\\\/pt-br\\\/politica-de-privacidade\\\/\",\"name\":\"Privacy Policy | Dolphin Academy Cura\u00e7ao\",\"isPartOf\":{\"@id\":\"https:\\\/\\\/dolphin-academy.com\\\/pt-br\\\/#website\"},\"datePublished\":\"2019-12-24T13:22:16+00:00\",\"dateModified\":\"2025-01-28T13:59:08+00:00\",\"description\":\"See our privacy policy for the collection of information from you when you register on our site, place an order, subscribe to our newsletter, or respond to a survey.\",\"breadcrumb\":{\"@id\":\"https:\\\/\\\/dolphin-academy.com\\\/pt-br\\\/politica-de-privacidade\\\/#breadcrumb\"},\"inLanguage\":\"pt-BR\",\"potentialAction\":[{\"@type\":\"ReadAction\",\"target\":[\"https:\\\/\\\/dolphin-academy.com\\\/pt-br\\\/politica-de-privacidade\\\/\"]}]},{\"@type\":\"BreadcrumbList\",\"@id\":\"https:\\\/\\\/dolphin-academy.com\\\/pt-br\\\/politica-de-privacidade\\\/#breadcrumb\",\"itemListElement\":[{\"@type\":\"ListItem\",\"position\":1,\"name\":\"Home\",\"item\":\"https:\\\/\\\/dolphin-academy.com\\\/pt-br\\\/\"},{\"@type\":\"ListItem\",\"position\":2,\"name\":\"Pol\u00edtica de Privacidade\"}]},{\"@type\":\"WebSite\",\"@id\":\"https:\\\/\\\/dolphin-academy.com\\\/pt-br\\\/#website\",\"url\":\"https:\\\/\\\/dolphin-academy.com\\\/pt-br\\\/\",\"name\":\"Dolphin Academy\",\"description\":\"Dolphin Academy Cura\u00e7ao\",\"publisher\":{\"@id\":\"https:\\\/\\\/dolphin-academy.com\\\/pt-br\\\/#organization\"},\"potentialAction\":[{\"@type\":\"SearchAction\",\"target\":{\"@type\":\"EntryPoint\",\"urlTemplate\":\"https:\\\/\\\/dolphin-academy.com\\\/pt-br\\\/?s={search_term_string}\"},\"query-input\":{\"@type\":\"PropertyValueSpecification\",\"valueRequired\":true,\"valueName\":\"search_term_string\"}}],\"inLanguage\":\"pt-BR\"},{\"@type\":\"Organization\",\"@id\":\"https:\\\/\\\/dolphin-academy.com\\\/pt-br\\\/#organization\",\"name\":\"Dolphin Academy\",\"url\":\"https:\\\/\\\/dolphin-academy.com\\\/pt-br\\\/\",\"logo\":{\"@type\":\"ImageObject\",\"inLanguage\":\"pt-BR\",\"@id\":\"https:\\\/\\\/dolphin-academy.com\\\/pt-br\\\/#\\\/schema\\\/logo\\\/image\\\/\",\"url\":\"https:\\\/\\\/dolphin-academy.com\\\/wp-content\\\/uploads\\\/2019\\\/12\\\/DolphinAcademy_logo-1.png\",\"contentUrl\":\"https:\\\/\\\/dolphin-academy.com\\\/wp-content\\\/uploads\\\/2019\\\/12\\\/DolphinAcademy_logo-1.png\",\"width\":2480,\"height\":1278,\"caption\":\"Dolphin Academy\"},\"image\":{\"@id\":\"https:\\\/\\\/dolphin-academy.com\\\/pt-br\\\/#\\\/schema\\\/logo\\\/image\\\/\"},\"sameAs\":[\"https:\\\/\\\/www.facebook.com\\\/dolphinacademycuracao\\\/\",\"https:\\\/\\\/www.instagram.com\\\/dolphinacademycuracao\\\/\",\"https:\\\/\\\/www.youtube.com\\\/user\\\/DolphinAcademy\"]}]}<\/script>\n<!-- \/ Yoast SEO plugin. -->","yoast_head_json":{"title":"Privacy Policy | Dolphin Academy Cura\u00e7ao","description":"See our privacy policy for the collection of information from you when you register on our site, place an order, subscribe to our newsletter, or respond to a survey.","robots":{"index":"index","follow":"follow","max-snippet":"max-snippet:-1","max-image-preview":"max-image-preview:large","max-video-preview":"max-video-preview:-1"},"canonical":"https:\/\/dolphin-academy.com\/pt-br\/politica-de-privacidade\/","og_locale":"pt_BR","og_type":"article","og_title":"Privacy Policy | Dolphin Academy Cura\u00e7ao","og_description":"See our privacy policy for the collection of information from you when you register on our site, place an order, subscribe to our newsletter, or respond to a survey.","og_url":"https:\/\/dolphin-academy.com\/pt-br\/politica-de-privacidade\/","og_site_name":"Dolphin Academy","article_publisher":"https:\/\/www.facebook.com\/dolphinacademycuracao\/","article_modified_time":"2025-01-28T13:59:08+00:00","og_image":[{"width":2480,"height":1278,"url":"https:\/\/dolphin-academy.com\/wp-content\/uploads\/2019\/12\/DolphinAcademy_logo-1.png","type":"image\/png"}],"twitter_card":"summary_large_image","twitter_misc":{"Est. tempo de leitura":"3 minutos"},"schema":{"@context":"https:\/\/schema.org","@graph":[{"@type":"WebPage","@id":"https:\/\/dolphin-academy.com\/pt-br\/politica-de-privacidade\/","url":"https:\/\/dolphin-academy.com\/pt-br\/politica-de-privacidade\/","name":"Privacy Policy | Dolphin Academy Cura\u00e7ao","isPartOf":{"@id":"https:\/\/dolphin-academy.com\/pt-br\/#website"},"datePublished":"2019-12-24T13:22:16+00:00","dateModified":"2025-01-28T13:59:08+00:00","description":"See our privacy policy for the collection of information from you when you register on our site, place an order, subscribe to our newsletter, or respond to a survey.","breadcrumb":{"@id":"https:\/\/dolphin-academy.com\/pt-br\/politica-de-privacidade\/#breadcrumb"},"inLanguage":"pt-BR","potentialAction":[{"@type":"ReadAction","target":["https:\/\/dolphin-academy.com\/pt-br\/politica-de-privacidade\/"]}]},{"@type":"BreadcrumbList","@id":"https:\/\/dolphin-academy.com\/pt-br\/politica-de-privacidade\/#breadcrumb","itemListElement":[{"@type":"ListItem","position":1,"name":"Home","item":"https:\/\/dolphin-academy.com\/pt-br\/"},{"@type":"ListItem","position":2,"name":"Pol\u00edtica de Privacidade"}]},{"@type":"WebSite","@id":"https:\/\/dolphin-academy.com\/pt-br\/#website","url":"https:\/\/dolphin-academy.com\/pt-br\/","name":"Dolphin Academy","description":"Dolphin Academy Cura\u00e7ao","publisher":{"@id":"https:\/\/dolphin-academy.com\/pt-br\/#organization"},"potentialAction":[{"@type":"SearchAction","target":{"@type":"EntryPoint","urlTemplate":"https:\/\/dolphin-academy.com\/pt-br\/?s={search_term_string}"},"query-input":{"@type":"PropertyValueSpecification","valueRequired":true,"valueName":"search_term_string"}}],"inLanguage":"pt-BR"},{"@type":"Organization","@id":"https:\/\/dolphin-academy.com\/pt-br\/#organization","name":"Dolphin Academy","url":"https:\/\/dolphin-academy.com\/pt-br\/","logo":{"@type":"ImageObject","inLanguage":"pt-BR","@id":"https:\/\/dolphin-academy.com\/pt-br\/#\/schema\/logo\/image\/","url":"https:\/\/dolphin-academy.com\/wp-content\/uploads\/2019\/12\/DolphinAcademy_logo-1.png","contentUrl":"https:\/\/dolphin-academy.com\/wp-content\/uploads\/2019\/12\/DolphinAcademy_logo-1.png","width":2480,"height":1278,"caption":"Dolphin Academy"},"image":{"@id":"https:\/\/dolphin-academy.com\/pt-br\/#\/schema\/logo\/image\/"},"sameAs":["https:\/\/www.facebook.com\/dolphinacademycuracao\/","https:\/\/www.instagram.com\/dolphinacademycuracao\/","https:\/\/www.youtube.com\/user\/DolphinAcademy"]}]}},"jetpack_sharing_enabled":true,"_links":{"self":[{"href":"https:\/\/dolphin-academy.com\/pt-br\/wp-json\/wp\/v2\/pages\/12031","targetHints":{"allow":["GET"]}}],"collection":[{"href":"https:\/\/dolphin-academy.com\/pt-br\/wp-json\/wp\/v2\/pages"}],"about":[{"href":"https:\/\/dolphin-academy.com\/pt-br\/wp-json\/wp\/v2\/types\/page"}],"author":[{"embeddable":true,"href":"https:\/\/dolphin-academy.com\/pt-br\/wp-json\/wp\/v2\/users\/94"}],"replies":[{"embeddable":true,"href":"https:\/\/dolphin-academy.com\/pt-br\/wp-json\/wp\/v2\/comments?post=12031"}],"version-history":[{"count":3,"href":"https:\/\/dolphin-academy.com\/pt-br\/wp-json\/wp\/v2\/pages\/12031\/revisions"}],"predecessor-version":[{"id":12154,"href":"https:\/\/dolphin-academy.com\/pt-br\/wp-json\/wp\/v2\/pages\/12031\/revisions\/12154"}],"wp:attachment":[{"href":"https:\/\/dolphin-academy.com\/pt-br\/wp-json\/wp\/v2\/media?parent=12031"}],"curies":[{"name":"wp","href":"https:\/\/api.w.org\/{rel}","templated":true}]}}