{"id":12034,"date":"2020-03-18T10:38:52","date_gmt":"2020-03-18T10:38:52","guid":{"rendered":"https:\/\/dolphin-academy.com\/research\/"},"modified":"2025-02-10T20:05:56","modified_gmt":"2025-02-10T20:05:56","slug":"pesquisa","status":"publish","type":"page","link":"https:\/\/dolphin-academy.com\/pt-br\/pesquisa\/","title":{"rendered":"Pesquisa"},"content":{"rendered":"<div class=\"wpb-content-wrapper\"><p>[vc_section el_class=&#8221;top-experiences-section&#8221;][vc_row][vc_column width=&#8221;5\/6&#8243;][vc_empty_space height=&#8221;10px&#8221;][vc_custom_heading text=&#8221;Instala\u00e7\u00e3o de Pesquisa&#8221; font_container=&#8221;tag:h2|text_align:left|color:%23202020&#8243; use_theme_fonts=&#8221;yes&#8221; css=&#8221;&#8221;][vc_column_text css=&#8221;&#8221;]<\/p>\n<div class=\"page_content\">No Dolphin Academy, estamos constantemente nos esfor\u00e7ando para obter mais conhecimento sobre golfinhos, outros mam\u00edferos marinhos e o ambiente marinho em constante mudan\u00e7a que os rodeia. A dedica\u00e7\u00e3o \u00e0 pesquisa \u00e9, portanto, uma de nossas prioridades. Procuramos apoiar pesquisadores que possam nos ajudar a aprender mais sobre golfinhos e usar o conhecimento adquirido nesses projetos para educar e inspirar nossos visitantes.<\/div>\n<p>[\/vc_column_text][\/vc_column][vc_column width=&#8221;1\/6&#8243;][\/vc_column][\/vc_row][vc_row full_width=&#8221;stretch_row_content_no_spaces&#8221; el_class=&#8221;desktop_wave&#8221; css=&#8221;.vc_custom_1582085524793{margin-bottom: -35px !important;}&#8221;][vc_column][vc_single_image image=&#8221;1151&#8243; img_size=&#8221;full&#8221; css=&#8221;.vc_custom_1582085424026{margin-bottom: 0px !important;padding-bottom: 0px !important;}&#8221;][\/vc_column][\/vc_row][vc_row full_width=&#8221;stretch_row&#8221; css=&#8221;.vc_custom_1582085211451{background-color: #f4f2f2 !important;}&#8221;][vc_column width=&#8221;1\/12&#8243; el_class=&#8221;hidmob&#8221;][\/vc_column][vc_column width=&#8221;5\/6&#8243;][vc_empty_space height=&#8221;10px&#8221; el_class=&#8221;hidmob&#8221;][vc_row_inner][vc_column_inner el_class=&#8221;research_box_container mrb20 research-box-bg-img1&#8243; width=&#8221;5\/12&#8243; css=&#8221;.vc_custom_1594190354923{background-image: url(https:\/\/dolphin-academy.com\/wp-content\/uploads\/2020\/03\/dolphin-health-care.jpg?id=1117) !important;background-position: center !important;background-repeat: no-repeat !important;background-size: cover !important;border-radius: 20px !important;}&#8221;][vc_column_text css=&#8221;&#8221;]<\/p>\n<div class=\"research_box\">\n<div class=\"research_box_content\">\n<h2>Cuidados com a Sa\u00fade dos Golfinhos<\/h2>\n<p><a class=\"vc_general vc_btn3 vc_btn3-size-md vc_btn3-shape-rounded vc_btn3-style-modern vc_btn3-color-grey\" href=\"https:\/\/dolphin-academy.com\/pt-br\/pesquisa\/cuidados-com-a-saude-dos-golfinhos\/\">Saiba mais<\/a><\/p>\n<\/div>\n<\/div>\n<p>[\/vc_column_text][\/vc_column_inner][vc_column_inner width=&#8221;1\/6&#8243;][\/vc_column_inner][vc_column_inner el_class=&#8221;research_box_container&#8221; width=&#8221;5\/12&#8243; css=&#8221;.vc_custom_1585056084708{background-image: url(https:\/\/dolphin-academy.com\/wp-content\/uploads\/2020\/03\/Our-Facility-min.jpg?id=1098) !important;background-position: center !important;background-repeat: no-repeat !important;background-size: cover !important;border-radius: 20px !important;}&#8221;][vc_column_text css=&#8221;&#8221;]<\/p>\n<div class=\"research_box\">\n<div class=\"research_box_content\">\n<h2 class=\"fnt24\">Pesquisa com Golfinhos<\/h2>\n<p><a class=\"vc_general vc_btn3 vc_btn3-size-md vc_btn3-shape-rounded vc_btn3-style-modern vc_btn3-color-grey\" href=\"https:\/\/dolphin-academy.com\/pt-br\/pesquisa\/pesquisa-sobre-golfinhos\/\">Saiba mais<\/a><\/p>\n<\/div>\n<\/div>\n<p>[\/vc_column_text][\/vc_column_inner][\/vc_row_inner][vc_empty_space height=&#8221;70px&#8221;][\/vc_column][vc_column width=&#8221;1\/12&#8243;][\/vc_column][\/vc_row][\/vc_section]<\/p>\n<\/div>","protected":false},"excerpt":{"rendered":"<p>[vc_section el_class=&#8221;top-experiences-section&#8221;][vc_row][vc_column width=&#8221;5\/6&#8243;][vc_empty_space height=&#8221;10px&#8221;][vc_custom_heading text=&#8221;Instala\u00e7\u00e3o de Pesquisa&#8221; font_container=&#8221;tag:h2|text_align:left|color:%23202020&#8243; use_theme_fonts=&#8221;yes&#8221; css=&#8221;&#8221;][vc_column_text css=&#8221;&#8221;] No Dolphin Academy, estamos constantemente nos esfor\u00e7ando para obter mais conhecimento sobre golfinhos, outros mam\u00edferos<span class=\"excerpt-hellip\"> [\u2026]<\/span><\/p>\n","protected":false},"author":94,"featured_media":0,"parent":0,"menu_order":0,"comment_status":"closed","ping_status":"closed","template":"","meta":{"footnotes":"","_wp_rev_ctl_limit":""},"class_list":["post-12034","page","type-page","status-publish","hentry"],"yoast_head":"<!-- This site is optimized with the Yoast SEO plugin v27.4 - https:\/\/yoast.com\/product\/yoast-seo-wordpress\/ -->\n<title>Research | Dolphin Academy Cura\u00e7ao<\/title>\n<meta name=\"description\" content=\"We are constantly striving to achieve more knowledge about dolphins, other marine mammals, and the ever-changing marine environment that surrounds them.\" \/>\n<meta name=\"robots\" content=\"index, follow, max-snippet:-1, max-image-preview:large, max-video-preview:-1\" \/>\n<link rel=\"canonical\" href=\"https:\/\/dolphin-academy.com\/pt-br\/pesquisa\/\" \/>\n<meta property=\"og:locale\" content=\"pt_BR\" \/>\n<meta property=\"og:type\" content=\"article\" \/>\n<meta property=\"og:title\" content=\"Research | Dolphin Academy Cura\u00e7ao\" \/>\n<meta property=\"og:description\" content=\"We are constantly striving to achieve more knowledge about dolphins, other marine mammals, and the ever-changing marine environment that surrounds them.\" \/>\n<meta property=\"og:url\" content=\"https:\/\/dolphin-academy.com\/pt-br\/pesquisa\/\" \/>\n<meta property=\"og:site_name\" content=\"Dolphin Academy\" \/>\n<meta property=\"article:publisher\" content=\"https:\/\/www.facebook.com\/dolphinacademycuracao\/\" \/>\n<meta property=\"article:modified_time\" content=\"2025-02-10T20:05:56+00:00\" \/>\n<meta property=\"og:image\" content=\"https:\/\/dolphin-academy.com\/wp-content\/uploads\/2019\/12\/DolphinAcademy_logo-1.png\" \/>\n\t<meta property=\"og:image:width\" content=\"2480\" \/>\n\t<meta property=\"og:image:height\" content=\"1278\" \/>\n\t<meta property=\"og:image:type\" content=\"image\/png\" \/>\n<meta name=\"twitter:card\" content=\"summary_large_image\" \/>\n<meta name=\"twitter:label1\" content=\"Est. tempo de leitura\" \/>\n\t<meta name=\"twitter:data1\" content=\"1 minuto\" \/>\n<script type=\"application\/ld+json\" class=\"yoast-schema-graph\">{\"@context\":\"https:\\\/\\\/schema.org\",\"@graph\":[{\"@type\":\"WebPage\",\"@id\":\"https:\\\/\\\/dolphin-academy.com\\\/pt-br\\\/pesquisa\\\/\",\"url\":\"https:\\\/\\\/dolphin-academy.com\\\/pt-br\\\/pesquisa\\\/\",\"name\":\"Research | Dolphin Academy Cura\u00e7ao\",\"isPartOf\":{\"@id\":\"https:\\\/\\\/dolphin-academy.com\\\/pt-br\\\/#website\"},\"datePublished\":\"2020-03-18T10:38:52+00:00\",\"dateModified\":\"2025-02-10T20:05:56+00:00\",\"description\":\"We are constantly striving to achieve more knowledge about dolphins, other marine mammals, and the ever-changing marine environment that surrounds them.\",\"breadcrumb\":{\"@id\":\"https:\\\/\\\/dolphin-academy.com\\\/pt-br\\\/pesquisa\\\/#breadcrumb\"},\"inLanguage\":\"pt-BR\",\"potentialAction\":[{\"@type\":\"ReadAction\",\"target\":[\"https:\\\/\\\/dolphin-academy.com\\\/pt-br\\\/pesquisa\\\/\"]}]},{\"@type\":\"BreadcrumbList\",\"@id\":\"https:\\\/\\\/dolphin-academy.com\\\/pt-br\\\/pesquisa\\\/#breadcrumb\",\"itemListElement\":[{\"@type\":\"ListItem\",\"position\":1,\"name\":\"Home\",\"item\":\"https:\\\/\\\/dolphin-academy.com\\\/pt-br\\\/\"},{\"@type\":\"ListItem\",\"position\":2,\"name\":\"Pesquisa\"}]},{\"@type\":\"WebSite\",\"@id\":\"https:\\\/\\\/dolphin-academy.com\\\/pt-br\\\/#website\",\"url\":\"https:\\\/\\\/dolphin-academy.com\\\/pt-br\\\/\",\"name\":\"Dolphin Academy\",\"description\":\"Dolphin Academy Cura\u00e7ao\",\"publisher\":{\"@id\":\"https:\\\/\\\/dolphin-academy.com\\\/pt-br\\\/#organization\"},\"potentialAction\":[{\"@type\":\"SearchAction\",\"target\":{\"@type\":\"EntryPoint\",\"urlTemplate\":\"https:\\\/\\\/dolphin-academy.com\\\/pt-br\\\/?s={search_term_string}\"},\"query-input\":{\"@type\":\"PropertyValueSpecification\",\"valueRequired\":true,\"valueName\":\"search_term_string\"}}],\"inLanguage\":\"pt-BR\"},{\"@type\":\"Organization\",\"@id\":\"https:\\\/\\\/dolphin-academy.com\\\/pt-br\\\/#organization\",\"name\":\"Dolphin Academy\",\"url\":\"https:\\\/\\\/dolphin-academy.com\\\/pt-br\\\/\",\"logo\":{\"@type\":\"ImageObject\",\"inLanguage\":\"pt-BR\",\"@id\":\"https:\\\/\\\/dolphin-academy.com\\\/pt-br\\\/#\\\/schema\\\/logo\\\/image\\\/\",\"url\":\"https:\\\/\\\/dolphin-academy.com\\\/wp-content\\\/uploads\\\/2019\\\/12\\\/DolphinAcademy_logo-1.png\",\"contentUrl\":\"https:\\\/\\\/dolphin-academy.com\\\/wp-content\\\/uploads\\\/2019\\\/12\\\/DolphinAcademy_logo-1.png\",\"width\":2480,\"height\":1278,\"caption\":\"Dolphin Academy\"},\"image\":{\"@id\":\"https:\\\/\\\/dolphin-academy.com\\\/pt-br\\\/#\\\/schema\\\/logo\\\/image\\\/\"},\"sameAs\":[\"https:\\\/\\\/www.facebook.com\\\/dolphinacademycuracao\\\/\",\"https:\\\/\\\/www.instagram.com\\\/dolphinacademycuracao\\\/\",\"https:\\\/\\\/www.youtube.com\\\/user\\\/DolphinAcademy\"]}]}<\/script>\n<!-- \/ Yoast SEO plugin. -->","yoast_head_json":{"title":"Research | Dolphin Academy Cura\u00e7ao","description":"We are constantly striving to achieve more knowledge about dolphins, other marine mammals, and the ever-changing marine environment that surrounds them.","robots":{"index":"index","follow":"follow","max-snippet":"max-snippet:-1","max-image-preview":"max-image-preview:large","max-video-preview":"max-video-preview:-1"},"canonical":"https:\/\/dolphin-academy.com\/pt-br\/pesquisa\/","og_locale":"pt_BR","og_type":"article","og_title":"Research | Dolphin Academy Cura\u00e7ao","og_description":"We are constantly striving to achieve more knowledge about dolphins, other marine mammals, and the ever-changing marine environment that surrounds them.","og_url":"https:\/\/dolphin-academy.com\/pt-br\/pesquisa\/","og_site_name":"Dolphin Academy","article_publisher":"https:\/\/www.facebook.com\/dolphinacademycuracao\/","article_modified_time":"2025-02-10T20:05:56+00:00","og_image":[{"width":2480,"height":1278,"url":"https:\/\/dolphin-academy.com\/wp-content\/uploads\/2019\/12\/DolphinAcademy_logo-1.png","type":"image\/png"}],"twitter_card":"summary_large_image","twitter_misc":{"Est. tempo de leitura":"1 minuto"},"schema":{"@context":"https:\/\/schema.org","@graph":[{"@type":"WebPage","@id":"https:\/\/dolphin-academy.com\/pt-br\/pesquisa\/","url":"https:\/\/dolphin-academy.com\/pt-br\/pesquisa\/","name":"Research | Dolphin Academy Cura\u00e7ao","isPartOf":{"@id":"https:\/\/dolphin-academy.com\/pt-br\/#website"},"datePublished":"2020-03-18T10:38:52+00:00","dateModified":"2025-02-10T20:05:56+00:00","description":"We are constantly striving to achieve more knowledge about dolphins, other marine mammals, and the ever-changing marine environment that surrounds them.","breadcrumb":{"@id":"https:\/\/dolphin-academy.com\/pt-br\/pesquisa\/#breadcrumb"},"inLanguage":"pt-BR","potentialAction":[{"@type":"ReadAction","target":["https:\/\/dolphin-academy.com\/pt-br\/pesquisa\/"]}]},{"@type":"BreadcrumbList","@id":"https:\/\/dolphin-academy.com\/pt-br\/pesquisa\/#breadcrumb","itemListElement":[{"@type":"ListItem","position":1,"name":"Home","item":"https:\/\/dolphin-academy.com\/pt-br\/"},{"@type":"ListItem","position":2,"name":"Pesquisa"}]},{"@type":"WebSite","@id":"https:\/\/dolphin-academy.com\/pt-br\/#website","url":"https:\/\/dolphin-academy.com\/pt-br\/","name":"Dolphin Academy","description":"Dolphin Academy Cura\u00e7ao","publisher":{"@id":"https:\/\/dolphin-academy.com\/pt-br\/#organization"},"potentialAction":[{"@type":"SearchAction","target":{"@type":"EntryPoint","urlTemplate":"https:\/\/dolphin-academy.com\/pt-br\/?s={search_term_string}"},"query-input":{"@type":"PropertyValueSpecification","valueRequired":true,"valueName":"search_term_string"}}],"inLanguage":"pt-BR"},{"@type":"Organization","@id":"https:\/\/dolphin-academy.com\/pt-br\/#organization","name":"Dolphin Academy","url":"https:\/\/dolphin-academy.com\/pt-br\/","logo":{"@type":"ImageObject","inLanguage":"pt-BR","@id":"https:\/\/dolphin-academy.com\/pt-br\/#\/schema\/logo\/image\/","url":"https:\/\/dolphin-academy.com\/wp-content\/uploads\/2019\/12\/DolphinAcademy_logo-1.png","contentUrl":"https:\/\/dolphin-academy.com\/wp-content\/uploads\/2019\/12\/DolphinAcademy_logo-1.png","width":2480,"height":1278,"caption":"Dolphin Academy"},"image":{"@id":"https:\/\/dolphin-academy.com\/pt-br\/#\/schema\/logo\/image\/"},"sameAs":["https:\/\/www.facebook.com\/dolphinacademycuracao\/","https:\/\/www.instagram.com\/dolphinacademycuracao\/","https:\/\/www.youtube.com\/user\/DolphinAcademy"]}]}},"jetpack_sharing_enabled":true,"_links":{"self":[{"href":"https:\/\/dolphin-academy.com\/pt-br\/wp-json\/wp\/v2\/pages\/12034","targetHints":{"allow":["GET"]}}],"collection":[{"href":"https:\/\/dolphin-academy.com\/pt-br\/wp-json\/wp\/v2\/pages"}],"about":[{"href":"https:\/\/dolphin-academy.com\/pt-br\/wp-json\/wp\/v2\/types\/page"}],"author":[{"embeddable":true,"href":"https:\/\/dolphin-academy.com\/pt-br\/wp-json\/wp\/v2\/users\/94"}],"replies":[{"embeddable":true,"href":"https:\/\/dolphin-academy.com\/pt-br\/wp-json\/wp\/v2\/comments?post=12034"}],"version-history":[{"count":4,"href":"https:\/\/dolphin-academy.com\/pt-br\/wp-json\/wp\/v2\/pages\/12034\/revisions"}],"predecessor-version":[{"id":12382,"href":"https:\/\/dolphin-academy.com\/pt-br\/wp-json\/wp\/v2\/pages\/12034\/revisions\/12382"}],"wp:attachment":[{"href":"https:\/\/dolphin-academy.com\/pt-br\/wp-json\/wp\/v2\/media?parent=12034"}],"curies":[{"name":"wp","href":"https:\/\/api.w.org\/{rel}","templated":true}]}}