{"id":12082,"date":"2019-12-23T07:59:07","date_gmt":"2019-12-23T07:59:07","guid":{"rendered":"https:\/\/dolphin-academy.com\/contact\/join-our-team\/"},"modified":"2025-02-03T21:27:02","modified_gmt":"2025-02-03T21:27:02","slug":"junte-se-a-nossa-equipe","status":"publish","type":"page","link":"https:\/\/dolphin-academy.com\/pt-br\/contato\/junte-se-a-nossa-equipe\/","title":{"rendered":"Junte-se \u00e0 nossa equipe"},"content":{"rendered":"<div class=\"wpb-content-wrapper\"><p>[vc_section full_width=&#8221;stretch_row_content&#8221; css=&#8221;.vc_custom_1588966004558{padding-bottom: 70px !important;background-color: #ffffff !important;}&#8221;][vc_row css=&#8221;.vc_custom_1576833589555{padding-right: 5% !important;padding-left: 5% !important;}&#8221;][vc_column css=&#8221;.vc_custom_1576731548594{padding-right: 10% !important;padding-left: 10% !important;}&#8221;][vc_custom_heading text=&#8221;Vis\u00e3o geral das vagas<br \/>\n&#8221; font_container=&#8221;tag:h2|text_align:left|color:%23202020&#8243; use_theme_fonts=&#8221;yes&#8221; css=&#8221;&#8221;][vc_column_text]<div class=\"sjb-page\">\r\n<!-- Start: Jobs Listing Wrapper -->\r\n\r\n\r\n<!-- Start Job Filters\r\n================================================== -->\r\n<div class=\"sjb-filters sjb-filters-v1\">\r\n        <form class=\"filters-form\" action=\"https:\/\/dolphin-academy.com\/pt-br\/contato\/junte-se-a-nossa-equipe\/\" method=\"get\">\r\n        <div class=\"row\">\r\n            \r\n    <!-- Keywords Search-->    \r\n    <div class=\"sjb-search-keywords col-md-10 col-xs-12\">\r\n        <div class=\"form-group\">\r\n                        <label class=\"sr-only\" for=\"keywords\">Palavras-chave<\/label>\r\n            <input type=\"text\" class=\"form-control\" value=\"\" placeholder=\"Palavras-chave\" id=\"keywords\" name=\"search_keywords\">\r\n        <\/div>\r\n    <\/div>\r\n    <div class=\"sjb-search-button col-md-3 col-xs-12\"><input class=\"btn-search btn btn-primary\" value=\"&#xf002;\" type=\"submit\"><\/div>        <\/div>\r\n    <\/form>\r\n<\/div>\r\n<!-- ==================================================\r\nEnd Job Filters -->\r\n\r\n\r\n<div class=\"sjb-listing\">\r\n        <!-- start Jobs Listing: List View -->\r\n    <div class=\"list-view\">\r\n        \r\n    \n<!-- Start Jobs List View \n================================================== -->\n<div class=\"list-data\">\n    <div class=\"v1 sjb-job-13150\">   \n        \n        <!-- Jobs List view header -->\n        <header>\n            <div class=\"row\">\n                \r\n<!-- Start Company Logo\r\n================================================== -->\r\n<div class=\"col-md-1 col-sm-2 hidden-xs\">\r\n    <div class=\"company-logo\">\r\n        <a href=\"https:\/\/dolphin-academy.com\/pt-br\/jobs\/oficial-de-educacao\/\"><img decoding=\"async\" src=\"https:\/\/dolphin-academy.com\/wp-content\/plugins\/simple-job-board\/public\/images\/company.png\" alt=\"\" class=\"sjb-img-responsive \" id=\"\"\/><\/a>\r\n    <\/div>\r\n<\/div>\r\n\r\n<!-- ==================================================\r\nEnd Company Logo -->\r\n\r\n    \n                <div class=\"col-md-11 col-sm-12\">\n                    <div class=\"row sjb-list-row\">\n\n                    <div class=\"col-md-5 col-sm-12\">\r\n    <div class=\"job-info\">\r\n        <h4>\r\n            <a href=\"https:\/\/dolphin-academy.com\/pt-br\/jobs\/oficial-de-educacao\/\">\r\n                <span class=\"job-title\">Oficial de Educa\u00e7\u00e3o<\/span>            <\/a>\r\n\r\n        <\/h4>\r\n            <\/div>\r\n<\/div>\r\n\r\n<!-- Start Job Type\r\n================================================== -->\r\n<div class=\"col-md-2 col-sm-4 col-xs-12\">    \r\n     \r\n<\/div>\r\n<!-- ==================================================\r\nEnd Job Type -->\r\n\r\n\r\n<!-- Start Job's Location\r\n================================================== -->\r\n<div class=\"col-md-2 col-sm-4 col-xs-12\">\r\n    <\/div>\r\n<!-- ==================================================\r\nEnd Job's Location -->\r\n\r\n\r\n<!-- Start Job Posted Date\r\n================================================== -->\r\n<div class=\"col-md-3 col-sm-4 col-xs-12\">\r\n            <div class=\"job-date\"><i class=\"fa  fa-calendar-check\"><\/i>Postado 3 meses atr\u00e1s<\/div>\r\n    <\/div>\r\n<!-- ==================================================\r\nEnd Job Posted Date -->\r\n\r\n                        \n                    <\/div> \n                <\/div>\n            <\/div>\n        <\/header>\n\n        \r\n    <!-- View more content start\r\n    ================================= -->\r\n    \r\n<!-- View long content start \r\n================================================== -->\r\n<div class=\"sjb_more_content\" id=\"sjb_more_content_13150\">\r\n    <!-- ========================= PT-BR \u2014 Education Officer ========================= -->\r\n<h3 style=\"color: #000000 !important;\">Oficial de Educa\u00e7\u00e3o<\/h3>\r\n<p style=\"color: #000000 !important;\">Cura\u00e7ao Dolphin Academy N.V.<\/p>\r\n\r\n<h3><\/h3>\r\n<h3 style=\"color: #000000 !important;\">Descri\u00e7\u00e3o da empresa<\/h3>\r\n<p style=\"color: #000000 !important;\">Na Dolphin Academy, enfatizamos o cuidado e a intera\u00e7\u00e3o genu\u00edna entre humanos e golfinhos. A Dolphin Academy oferece uma variedade de experi\u00eancias inesquec\u00edveis, adaptadas para diferentes faixas et\u00e1rias, sempre com contexto educativo para que nossos visitantes entendam e valorizem a import\u00e2ncia de proteger os golfinhos em todo o mundo e o seu ambiente. Juntamente com a Curacao Public Aquarium N.V. e a Substation Curacao, elas formam um mundo fascinante de diversos organismos marinhos e ecosferas esperando para ser explorado.<\/p>\r\n\r\n<h3 style=\"color: #000000 !important;\">Sobre a vaga<\/h3>\r\n<p style=\"color: #000000 !important;\">Estamos buscando um(a) Education Officer entusiasmado(a) e profissional para integrar nossa equipe de PR &amp; Marketing. Nesta fun\u00e7\u00e3o, voc\u00ea ser\u00e1 respons\u00e1vel por conduzir programas envolventes e educativos para escolas locais e grupos comunit\u00e1rios. Voc\u00ea atuar\u00e1 como um(a) representante-chave do Sea Aquarium Park e ter\u00e1 um papel importante na promo\u00e7\u00e3o da educa\u00e7\u00e3o marinha de forma divertida, inspiradora e acess\u00edvel.<\/p>\r\n\r\n<h3 style=\"color: #000000 !important;\">Principais responsabilidades<\/h3>\r\n<ul style=\"color: #000000 !important;\">\r\n \t<li style=\"color: #000000 !important;\">Ser o principal ponto de contato para os visitantes dos programas educacionais locais<\/li>\r\n \t<li>Representar o Sea Aquarium Park de maneira profissional e comercial<\/li>\r\n \t<li>Coordenar e realizar programas educacionais no local e fora do local<\/li>\r\n \t<li>Orientar e supervisionar crian\u00e7as e grupos durante as atividades educacionais<\/li>\r\n \t<li>Realizar apresenta\u00e7\u00f5es envolventes e experi\u00eancias interativas de aprendizagem sobre a vida marinha<\/li>\r\n \t<li>Construir e manter rela\u00e7\u00f5es s\u00f3lidas com escolas prim\u00e1rias e grupos comunit\u00e1rios locais<\/li>\r\n \t<li>Garantir um alto padr\u00e3o de experi\u00eancia do visitante e atendimento ao cliente<\/li>\r\n \t<li>Apoiar iniciativas de PR, marketing e a\u00e7\u00f5es de relacionamento com a comunidade<\/li>\r\n \t<li>Apoiar outros departamentos e parceiros no local quando necess\u00e1rio<\/li>\r\n \t<li>Manter um ambiente de aprendizagem seguro, positivo e bem organizado<\/li>\r\n<\/ul>\r\n<h3 style=\"color: #000000 !important;\">Requisitos e compet\u00eancias<\/h3>\r\n<ul style=\"color: #000000 !important;\">\r\n \t<li>Forma\u00e7\u00e3o pedag\u00f3gica ou experi\u00eancia relevante em educa\u00e7\u00e3o<\/li>\r\n \t<li>Experi\u00eancia comprovada trabalhando com (grupos de) crian\u00e7as<\/li>\r\n \t<li>Grande afinidade com a vida marinha e disposi\u00e7\u00e3o para aprender<\/li>\r\n \t<li>Excelentes habilidades de comunica\u00e7\u00e3o e apresenta\u00e7\u00e3o<\/li>\r\n \t<li>Fluente em Papiamentu, holand\u00eas e ingl\u00eas<\/li>\r\n \t<li>Mentalidade focada no cliente e orientada a servi\u00e7o<\/li>\r\n \t<li>Capacidade de trabalhar bem sob press\u00e3o<\/li>\r\n \t<li>Disponibilidade flex\u00edvel, incluindo fins de semana<\/li>\r\n \t<li>Disposi\u00e7\u00e3o para assumir outras atribui\u00e7\u00f5es razo\u00e1veis conforme necess\u00e1rio<\/li>\r\n<\/ul>\r\n<h3 style=\"color: #000000 !important;\">Diferenciais e habilidades adicionais<\/h3>\r\n<ul style=\"color: #000000 !important;\">\r\n \t<li>Forma\u00e7\u00e3o ou treinamento em Educa\u00e7\u00e3o, Educa\u00e7\u00e3o Ambiental, Biologia, Biologia Marinha ou Turismo<\/li>\r\n \t<li>Certifica\u00e7\u00e3o\/credencial docente ou equivalente<\/li>\r\n \t<li>Certifica\u00e7\u00e3o em Primeiros Socorros &amp; RCP<\/li>\r\n \t<li>Treinamento em prote\u00e7\u00e3o infantil (child safeguarding \/ child protection)<\/li>\r\n \t<li>Experi\u00eancia com planejamento de aulas e desenvolvimento curricular<\/li>\r\n \t<li>Experi\u00eancia em falar em p\u00fablico ou conduzir tours guiados<\/li>\r\n \t<li>Experi\u00eancia em educa\u00e7\u00e3o ao ar livre, vivencial ou informal<\/li>\r\n \t<li>Experi\u00eancia com a\u00e7\u00f5es comunit\u00e1rias e parcerias com escolas<\/li>\r\n \t<li>Fortes habilidades organizacionais e de coordena\u00e7\u00e3o<\/li>\r\n \t<li>Capacidade de apoiar atividades de marketing e promo\u00e7\u00e3o<\/li>\r\n \t<li>Postura profissional, confi\u00e1vel e com esp\u00edrito de equipe<\/li>\r\n \t<li>Alta consci\u00eancia de seguran\u00e7a e senso de responsabilidade<\/li>\r\n \t<li>Abordagem entusiasmada, paciente e centrada na crian\u00e7a<\/li>\r\n \t<li>Sensibilidade cultural e capacidade de trabalhar com p\u00fablicos diversos<\/li>\r\n<\/ul>\r\n&nbsp;\r\n<h3 style=\"color: #000000 !important;\">O que oferecemos<\/h3>\r\n<ul style=\"color: #000000 !important;\">\r\n \t<li>Uma fun\u00e7\u00e3o din\u00e2mica e significativa em educa\u00e7\u00e3o marinha<\/li>\r\n \t<li>Um ambiente de trabalho colaborativo e acolhedor<\/li>\r\n \t<li>Oportunidades de desenvolvimento profissional<\/li>\r\n \t<li>A chance de inspirar crian\u00e7as e a comunidade sobre a vida marinha<\/li>\r\n \t<li>Um local de trabalho \u00fanico em um cen\u00e1rio marinho e tur\u00edstico<\/li>\r\n<\/ul>\r\n<p style=\"color: #000000 !important;\">Incentivamos sua candidatura se o seu perfil for compat\u00edvel!\r\nPor favor, envie seu curr\u00edculo e carta de apresenta\u00e7\u00e3o at\u00e9 26 de fevereiro<sup>th<\/sup>, 2026 para<\/p>\r\n&nbsp;\r\n<p style=\"color: #000000 !important;\">\u00a0<a href=\"mailto:recruitment@csapark.com\">recruitment@csapark.com<\/a>.<\/p>\r\n&nbsp;\r\n<p style=\"color: #000000 !important;\">Para mais informa\u00e7\u00f5es sobre nossas instala\u00e7\u00f5es e animais, voc\u00ea tamb\u00e9m pode visitar nosso site<\/p>\r\n&nbsp;\r\n<p style=\"color: #000000 !important;\"><a href=\"https:\/\/www.dolphin-academy.com\">https:\/\/www.dolphin-academy.com<\/a><\/p>\r\n\r\n<h3 style=\"color: #000000 !important;\">Junte-se \u00e0 nossa equipe e contribua para criar experi\u00eancias inesquec\u00edveis para nossos visitantes na Dolphin Academy!<\/h3>    \r\n<!-- Start Job Features\r\n================================================== -->\r\n<div class=\"job-features\">\r\n    \r\n    <table class=\"table\">\r\n        <tbody>\r\n            \r\n                        <\/tbody>\r\n    <\/table>\r\n<\/div>\r\n<!-- ==================================================\r\nEnd Job Features -->\r\n\r\n<div class=\"clearfix\"><\/div>\r\n<\/div>\r\n<!-- ==================================================\r\nView long content end  -->\r\n\r\n    <!-- View more content end\r\n    ================================= -->\r\n\r\n    <!-- Start Job Short Description \r\n    ================================================== -->\r\n    <div class=\"job-description\">\r\n        <div id=\"sjb_less_content_13150\"><p>Oficial de Educa\u00e7\u00e3o Cura\u00e7ao Dolphin Academy N.V. Descri\u00e7\u00e3o da empresa Na Dolphin Academy, enfatizamos o cuidado e a intera\u00e7\u00e3o genu\u00edna entre humanos e golfinhos. A Dolphin<span class=\"excerpt-h...<\/p><\/div><div class=\"sjb-apply-now-btn\"><p><p><a href=\"https:\/\/dolphin-academy.com\/pt-br\/jobs\/oficial-de-educacao\/\" class=\"btn btn-primary \">Read More<\/a><\/p><div class=\"sjb-view-less-btn\" id=\"sjb_view_less_btn_13150\"><a data-id=\"13150\" class=\"sjb_view_less_btn sjb_view_more_btn\">View less<\/a><\/div><\/div>    <\/div>\r\n    <!-- ==================================================\r\n    End Job Short Description  -->\r\n\r\n        <\/div>\n<\/div>\n<!-- ==================================================\nEnd Jobs List View -->\n\n<div class=\"clearfix\"><\/div>\n\n\r\n    <\/div> <!-- end Jobs Listing: List View -->\r\n<\/div>\r\n<!-- End: Jobs Listing -->\r\n\r\n<div class=\"clearfix\"><\/div>\r\n<\/div>\r\n<!-- End: Jobs Listing Wrapper -->\r\n\r\n[\/vc_column_text][\/vc_column][\/vc_row][vc_row full_width=&#8221;stretch_row_content_no_spaces&#8221; disable_element=&#8221;yes&#8221; css=&#8221;.vc_custom_1576836106370{margin-top: 0px !important;margin-bottom: -35px !important;}&#8221; el_class=&#8221;desktop_wave&#8221;][vc_column][vc_single_image image=&#8221;445&#8243; img_size=&#8221;full&#8221; css=&#8221;.vc_custom_1576068978051{margin-top: 0px !important;margin-bottom: 0px !important;}&#8221;][\/vc_column][\/vc_row][\/vc_section][vc_row full_width=&#8221;stretch_row_content_no_spaces&#8221; disable_element=&#8221;yes&#8221; css=&#8221;.vc_custom_1576836111928{margin-bottom: 0px !important;padding-bottom: 0px !important;}&#8221; el_class=&#8221;mobile_wave&#8221;][vc_column css=&#8221;.vc_custom_1576222743790{margin-bottom: 0px !important;padding-bottom: 0px !important;}&#8221;][vc_single_image image=&#8221;501&#8243; img_size=&#8221;full&#8221; css=&#8221;.vc_custom_1576222829494{margin-bottom: -35px !important;padding-bottom: 0px !important;}&#8221;][\/vc_column][\/vc_row]<\/p>\n<\/div>","protected":false},"excerpt":{"rendered":"<p>[vc_section full_width=&#8221;stretch_row_content&#8221; css=&#8221;.vc_custom_1588966004558{padding-bottom: 70px !important;background-color: #ffffff !important;}&#8221;][vc_row css=&#8221;.vc_custom_1576833589555{padding-right: 5% !important;padding-left: 5% !important;}&#8221;][vc_column css=&#8221;.vc_custom_1576731548594{padding-right: 10% !important;padding-left: 10% !important;}&#8221;][vc_custom_heading text=&#8221;Vis\u00e3o geral das vagas &#8221; font_container=&#8221;tag:h2|text_align:left|color:%23202020&#8243; use_theme_fonts=&#8221;yes&#8221; css=&#8221;&#8221;][vc_column_text][\/vc_column_text][\/vc_column][\/vc_row][vc_row full_width=&#8221;stretch_row_content_no_spaces&#8221;<span class=\"excerpt-hellip\"> [\u2026]<\/span><\/p>\n","protected":false},"author":94,"featured_media":0,"parent":12081,"menu_order":0,"comment_status":"closed","ping_status":"closed","template":"","meta":{"footnotes":"","_wp_rev_ctl_limit":""},"class_list":["post-12082","page","type-page","status-publish","hentry"],"yoast_head":"<!-- This site is optimized with the Yoast SEO plugin v27.6 - https:\/\/yoast.com\/product\/yoast-seo-wordpress\/ -->\n<title>Join Our Team | Dolphin Academy Cura\u00e7ao<\/title>\n<meta name=\"description\" content=\"We are always looking for ambitious people to join our team. Whether it is as a dolphin trainer or researcher. See our open vacancies here!\" \/>\n<meta name=\"robots\" content=\"index, follow, max-snippet:-1, max-image-preview:large, max-video-preview:-1\" \/>\n<link rel=\"canonical\" href=\"https:\/\/dolphin-academy.com\/pt-br\/contato\/junte-se-a-nossa-equipe\/\" \/>\n<meta property=\"og:locale\" content=\"pt_BR\" \/>\n<meta property=\"og:type\" content=\"article\" \/>\n<meta property=\"og:title\" content=\"Join Our Team | Dolphin Academy Cura\u00e7ao\" \/>\n<meta property=\"og:description\" content=\"We are always looking for ambitious people to join our team. Whether it is as a dolphin trainer or researcher. See our open vacancies here!\" \/>\n<meta property=\"og:url\" content=\"https:\/\/dolphin-academy.com\/pt-br\/contato\/junte-se-a-nossa-equipe\/\" \/>\n<meta property=\"og:site_name\" content=\"Dolphin Academy\" \/>\n<meta property=\"article:publisher\" content=\"https:\/\/www.facebook.com\/dolphinacademycuracao\/\" \/>\n<meta property=\"article:modified_time\" content=\"2025-02-03T21:27:02+00:00\" \/>\n<meta property=\"og:image\" content=\"https:\/\/dolphin-academy.com\/wp-content\/uploads\/2019\/12\/DolphinAcademy_logo-1.png\" \/>\n\t<meta property=\"og:image:width\" content=\"2480\" \/>\n\t<meta property=\"og:image:height\" content=\"1278\" \/>\n\t<meta property=\"og:image:type\" content=\"image\/png\" \/>\n<meta name=\"twitter:card\" content=\"summary_large_image\" \/>\n<meta name=\"twitter:label1\" content=\"Est. tempo de leitura\" \/>\n\t<meta name=\"twitter:data1\" content=\"1 minuto\" \/>\n<script type=\"application\/ld+json\" class=\"yoast-schema-graph\">{\"@context\":\"https:\\\/\\\/schema.org\",\"@graph\":[{\"@type\":\"WebPage\",\"@id\":\"https:\\\/\\\/dolphin-academy.com\\\/pt-br\\\/contato\\\/junte-se-a-nossa-equipe\\\/\",\"url\":\"https:\\\/\\\/dolphin-academy.com\\\/pt-br\\\/contato\\\/junte-se-a-nossa-equipe\\\/\",\"name\":\"Join Our Team | Dolphin Academy Cura\u00e7ao\",\"isPartOf\":{\"@id\":\"https:\\\/\\\/dolphin-academy.com\\\/pt-br\\\/#website\"},\"datePublished\":\"2019-12-23T07:59:07+00:00\",\"dateModified\":\"2025-02-03T21:27:02+00:00\",\"description\":\"We are always looking for ambitious people to join our team. Whether it is as a dolphin trainer or researcher. See our open vacancies here!\",\"breadcrumb\":{\"@id\":\"https:\\\/\\\/dolphin-academy.com\\\/pt-br\\\/contato\\\/junte-se-a-nossa-equipe\\\/#breadcrumb\"},\"inLanguage\":\"pt-BR\",\"potentialAction\":[{\"@type\":\"ReadAction\",\"target\":[\"https:\\\/\\\/dolphin-academy.com\\\/pt-br\\\/contato\\\/junte-se-a-nossa-equipe\\\/\"]}]},{\"@type\":\"BreadcrumbList\",\"@id\":\"https:\\\/\\\/dolphin-academy.com\\\/pt-br\\\/contato\\\/junte-se-a-nossa-equipe\\\/#breadcrumb\",\"itemListElement\":[{\"@type\":\"ListItem\",\"position\":1,\"name\":\"Home\",\"item\":\"https:\\\/\\\/dolphin-academy.com\\\/pt-br\\\/\"},{\"@type\":\"ListItem\",\"position\":2,\"name\":\"Contato\",\"item\":\"https:\\\/\\\/dolphin-academy.com\\\/pt-br\\\/contact\\\/\"},{\"@type\":\"ListItem\",\"position\":3,\"name\":\"Junte-se \u00e0 nossa equipe\"}]},{\"@type\":\"WebSite\",\"@id\":\"https:\\\/\\\/dolphin-academy.com\\\/pt-br\\\/#website\",\"url\":\"https:\\\/\\\/dolphin-academy.com\\\/pt-br\\\/\",\"name\":\"Dolphin Academy\",\"description\":\"Dolphin Academy Cura\u00e7ao\",\"publisher\":{\"@id\":\"https:\\\/\\\/dolphin-academy.com\\\/pt-br\\\/#organization\"},\"potentialAction\":[{\"@type\":\"SearchAction\",\"target\":{\"@type\":\"EntryPoint\",\"urlTemplate\":\"https:\\\/\\\/dolphin-academy.com\\\/pt-br\\\/?s={search_term_string}\"},\"query-input\":{\"@type\":\"PropertyValueSpecification\",\"valueRequired\":true,\"valueName\":\"search_term_string\"}}],\"inLanguage\":\"pt-BR\"},{\"@type\":\"Organization\",\"@id\":\"https:\\\/\\\/dolphin-academy.com\\\/pt-br\\\/#organization\",\"name\":\"Dolphin Academy\",\"url\":\"https:\\\/\\\/dolphin-academy.com\\\/pt-br\\\/\",\"logo\":{\"@type\":\"ImageObject\",\"inLanguage\":\"pt-BR\",\"@id\":\"https:\\\/\\\/dolphin-academy.com\\\/pt-br\\\/#\\\/schema\\\/logo\\\/image\\\/\",\"url\":\"https:\\\/\\\/dolphin-academy.com\\\/wp-content\\\/uploads\\\/2019\\\/12\\\/DolphinAcademy_logo-1.png\",\"contentUrl\":\"https:\\\/\\\/dolphin-academy.com\\\/wp-content\\\/uploads\\\/2019\\\/12\\\/DolphinAcademy_logo-1.png\",\"width\":2480,\"height\":1278,\"caption\":\"Dolphin Academy\"},\"image\":{\"@id\":\"https:\\\/\\\/dolphin-academy.com\\\/pt-br\\\/#\\\/schema\\\/logo\\\/image\\\/\"},\"sameAs\":[\"https:\\\/\\\/www.facebook.com\\\/dolphinacademycuracao\\\/\",\"https:\\\/\\\/www.instagram.com\\\/dolphinacademycuracao\\\/\",\"https:\\\/\\\/www.youtube.com\\\/user\\\/DolphinAcademy\"]}]}<\/script>\n<!-- \/ Yoast SEO plugin. -->","yoast_head_json":{"title":"Join Our Team | Dolphin Academy Cura\u00e7ao","description":"We are always looking for ambitious people to join our team. Whether it is as a dolphin trainer or researcher. See our open vacancies here!","robots":{"index":"index","follow":"follow","max-snippet":"max-snippet:-1","max-image-preview":"max-image-preview:large","max-video-preview":"max-video-preview:-1"},"canonical":"https:\/\/dolphin-academy.com\/pt-br\/contato\/junte-se-a-nossa-equipe\/","og_locale":"pt_BR","og_type":"article","og_title":"Join Our Team | Dolphin Academy Cura\u00e7ao","og_description":"We are always looking for ambitious people to join our team. Whether it is as a dolphin trainer or researcher. See our open vacancies here!","og_url":"https:\/\/dolphin-academy.com\/pt-br\/contato\/junte-se-a-nossa-equipe\/","og_site_name":"Dolphin Academy","article_publisher":"https:\/\/www.facebook.com\/dolphinacademycuracao\/","article_modified_time":"2025-02-03T21:27:02+00:00","og_image":[{"width":2480,"height":1278,"url":"https:\/\/dolphin-academy.com\/wp-content\/uploads\/2019\/12\/DolphinAcademy_logo-1.png","type":"image\/png"}],"twitter_card":"summary_large_image","twitter_misc":{"Est. tempo de leitura":"1 minuto"},"schema":{"@context":"https:\/\/schema.org","@graph":[{"@type":"WebPage","@id":"https:\/\/dolphin-academy.com\/pt-br\/contato\/junte-se-a-nossa-equipe\/","url":"https:\/\/dolphin-academy.com\/pt-br\/contato\/junte-se-a-nossa-equipe\/","name":"Join Our Team | Dolphin Academy Cura\u00e7ao","isPartOf":{"@id":"https:\/\/dolphin-academy.com\/pt-br\/#website"},"datePublished":"2019-12-23T07:59:07+00:00","dateModified":"2025-02-03T21:27:02+00:00","description":"We are always looking for ambitious people to join our team. Whether it is as a dolphin trainer or researcher. See our open vacancies here!","breadcrumb":{"@id":"https:\/\/dolphin-academy.com\/pt-br\/contato\/junte-se-a-nossa-equipe\/#breadcrumb"},"inLanguage":"pt-BR","potentialAction":[{"@type":"ReadAction","target":["https:\/\/dolphin-academy.com\/pt-br\/contato\/junte-se-a-nossa-equipe\/"]}]},{"@type":"BreadcrumbList","@id":"https:\/\/dolphin-academy.com\/pt-br\/contato\/junte-se-a-nossa-equipe\/#breadcrumb","itemListElement":[{"@type":"ListItem","position":1,"name":"Home","item":"https:\/\/dolphin-academy.com\/pt-br\/"},{"@type":"ListItem","position":2,"name":"Contato","item":"https:\/\/dolphin-academy.com\/pt-br\/contact\/"},{"@type":"ListItem","position":3,"name":"Junte-se \u00e0 nossa equipe"}]},{"@type":"WebSite","@id":"https:\/\/dolphin-academy.com\/pt-br\/#website","url":"https:\/\/dolphin-academy.com\/pt-br\/","name":"Dolphin Academy","description":"Dolphin Academy Cura\u00e7ao","publisher":{"@id":"https:\/\/dolphin-academy.com\/pt-br\/#organization"},"potentialAction":[{"@type":"SearchAction","target":{"@type":"EntryPoint","urlTemplate":"https:\/\/dolphin-academy.com\/pt-br\/?s={search_term_string}"},"query-input":{"@type":"PropertyValueSpecification","valueRequired":true,"valueName":"search_term_string"}}],"inLanguage":"pt-BR"},{"@type":"Organization","@id":"https:\/\/dolphin-academy.com\/pt-br\/#organization","name":"Dolphin Academy","url":"https:\/\/dolphin-academy.com\/pt-br\/","logo":{"@type":"ImageObject","inLanguage":"pt-BR","@id":"https:\/\/dolphin-academy.com\/pt-br\/#\/schema\/logo\/image\/","url":"https:\/\/dolphin-academy.com\/wp-content\/uploads\/2019\/12\/DolphinAcademy_logo-1.png","contentUrl":"https:\/\/dolphin-academy.com\/wp-content\/uploads\/2019\/12\/DolphinAcademy_logo-1.png","width":2480,"height":1278,"caption":"Dolphin Academy"},"image":{"@id":"https:\/\/dolphin-academy.com\/pt-br\/#\/schema\/logo\/image\/"},"sameAs":["https:\/\/www.facebook.com\/dolphinacademycuracao\/","https:\/\/www.instagram.com\/dolphinacademycuracao\/","https:\/\/www.youtube.com\/user\/DolphinAcademy"]}]}},"jetpack_sharing_enabled":true,"_links":{"self":[{"href":"https:\/\/dolphin-academy.com\/pt-br\/wp-json\/wp\/v2\/pages\/12082","targetHints":{"allow":["GET"]}}],"collection":[{"href":"https:\/\/dolphin-academy.com\/pt-br\/wp-json\/wp\/v2\/pages"}],"about":[{"href":"https:\/\/dolphin-academy.com\/pt-br\/wp-json\/wp\/v2\/types\/page"}],"author":[{"embeddable":true,"href":"https:\/\/dolphin-academy.com\/pt-br\/wp-json\/wp\/v2\/users\/94"}],"replies":[{"embeddable":true,"href":"https:\/\/dolphin-academy.com\/pt-br\/wp-json\/wp\/v2\/comments?post=12082"}],"version-history":[{"count":3,"href":"https:\/\/dolphin-academy.com\/pt-br\/wp-json\/wp\/v2\/pages\/12082\/revisions"}],"predecessor-version":[{"id":12196,"href":"https:\/\/dolphin-academy.com\/pt-br\/wp-json\/wp\/v2\/pages\/12082\/revisions\/12196"}],"up":[{"embeddable":true,"href":"https:\/\/dolphin-academy.com\/pt-br\/wp-json\/wp\/v2\/pages\/12081"}],"wp:attachment":[{"href":"https:\/\/dolphin-academy.com\/pt-br\/wp-json\/wp\/v2\/media?parent=12082"}],"curies":[{"name":"wp","href":"https:\/\/api.w.org\/{rel}","templated":true}]}}