{"id":12107,"date":"2020-03-18T07:15:17","date_gmt":"2020-03-18T07:15:17","guid":{"rendered":"https:\/\/dolphin-academy.com\/about\/"},"modified":"2025-02-10T20:10:37","modified_gmt":"2025-02-10T20:10:37","slug":"sobre","status":"publish","type":"page","link":"https:\/\/dolphin-academy.com\/pt-br\/sobre\/","title":{"rendered":"Sobre"},"content":{"rendered":"<div class=\"wpb-content-wrapper\"><p>[vc_section][vc_row el_class=&#8221;img_shadow&#8221;][vc_column width=&#8221;1\/2&#8243;][vc_empty_space height=&#8221;10px&#8221;][vc_custom_heading text=&#8221;Esta \u00e9 a Dolphin Academy de Cura\u00e7ao&#8221; font_container=&#8221;tag:h2|text_align:left|color:%23000000&#8243; use_theme_fonts=&#8221;yes&#8221; css=&#8221;&#8221;][vc_column_text css=&#8221;&#8221;]<\/p>\n<div class=\"page_content\"><strong>A Dolphin Academy abriu suas portas em 26 de maio de 2002. Nesse dia, nossos mais importantes &#8220;colegas&#8221;, os golfinhos, foram transportados de sua nova casa em Cura\u00e7ao, vindos de Roat\u00e1n, Honduras. Ap\u00f3s os cinco golfinhos iniciais, a fam\u00edlia se expandiu e agora abrigamos mais de 20 golfinhos nariz-de-bot\u00e3o costeiros.<\/strong><\/div>\n<p>[\/vc_column_text][\/vc_column][vc_column width=&#8221;1\/2&#8243;][vc_empty_space height=&#8221;10px&#8221;][vc_single_image image=&#8221;12060&#8243; img_size=&#8221;full&#8221; css=&#8221;.vc_custom_1586847047735{margin-bottom: 0px !important;}&#8221; el_class=&#8221;cst_img&#8221;][\/vc_column][\/vc_row][vc_row][vc_column width=&#8221;1\/2&#8243;][vc_column_text css=&#8221;&#8221;]<\/p>\n<div class=\"page_content\" style=\"padding-top: 8px;\"><strong>Incentivamos um senso de maravilha<\/strong><br \/>\n\u00c9 nossa miss\u00e3o apresentar a verdade sobre os golfinhos, apesar de sua imagem p\u00fablica popular e, \u00e0s vezes, mitol\u00f3gica. Fazemos isso fornecendo um ambiente educacional por meio de nossas experi\u00eancias. Atrav\u00e9s deste ambiente, os visitantes podem observar e interagir com golfinhos nariz-de-bot\u00e3o treinados, tanto em recintos espa\u00e7osos quanto no mar aberto. Ao oferecer informa\u00e7\u00f5es e intera\u00e7\u00e3o, esperamos incentivar um senso de maravilha e fasc\u00ednio baseado em fatos, n\u00e3o em fic\u00e7\u00e3o.<\/div>\n<p>[\/vc_column_text][\/vc_column][vc_column width=&#8221;1\/2&#8243;][vc_column_text css=&#8221;&#8221;]<\/p>\n<div class=\"page_content\" style=\"padding-top: 8px;\"><strong>Protegemos o que amamos!<\/strong><br \/>\nAl\u00e9m disso, esperamos motivar nossos convidados a fazer uma contribui\u00e7\u00e3o pessoal para um melhor ambiente de vida para os golfinhos. Nossa sincera esperan\u00e7a \u00e9 que essas experi\u00eancias promovam o cuidado e a preocupa\u00e7\u00e3o pelo bem-estar e prote\u00e7\u00e3o dos golfinhos e seu ambiente. Protegemos o que amamos!<\/div>\n<p>[\/vc_column_text][\/vc_column][\/vc_row][\/vc_section][vc_section full_width=&#8221;stretch_row&#8221; css=&#8221;.vc_custom_1589106737876{background-image: url(https:\/\/dolphin-academy.com\/wp-content\/uploads\/2019\/12\/water-bg2-1024&#215;551-2.jpg?id=559) !important;background-position: center !important;background-repeat: no-repeat !important;background-size: cover !important;}&#8221; el_class=&#8221;section tri-shape green_bg&#8221;][vc_row][vc_column width=&#8221;5\/12&#8243; el_class=&#8221;left_column&#8221;][vc_custom_heading text=&#8221;Uma filosofia diferente&#8221; font_container=&#8221;tag:h2|text_align:left|color:%23ffffff&#8221; use_theme_fonts=&#8221;yes&#8221; css=&#8221;&#8221;][vc_column_text css=&#8221;&#8221;]<\/p>\n<div style=\"color: #fff; font-size: 16px; line-height: 26px;\">Na Dolphin Academy, temos orgulho de ser uma das \u00fanicas instala\u00e7\u00f5es no mundo que trabalha com golfinhos treinados no mar aberto. Os golfinhos residem nas instala\u00e7\u00f5es do Cura\u00e7ao Sea Aquarium em quatro lagoas principais interconectadas por bacias e canais secund\u00e1rios. As lagoas est\u00e3o em contato com o oceano, permitindo um fluxo constante de \u00e1gua do mar fresca e numerosas esp\u00e9cies de peixes e invertebrados.<\/div>\n<p>[\/vc_column_text][vc_btn title=&#8221;Leia mais&#8221; css=&#8221;&#8221; el_class=&#8221;full-width-btn-for-mobile&#8221; link=&#8221;url:https%3A%2F%2Fdolphin-academy.com%2Fpt-br%2Fsobre%2Fnossa-filosofia%2F|title:Our%20Philosophy&#8221;][vc_empty_space height=&#8221;80px&#8221; el_class=&#8221;hidmob mobile_space&#8221;][\/vc_column][vc_column width=&#8221;7\/12&#8243;][vc_row_inner css=&#8221;.vc_custom_1575021523986{padding-top: 50px !important;}&#8221;][vc_column_inner width=&#8221;1\/2&#8243; offset=&#8221;vc_col-xs-5&#8243;]<div class=\"icon_box icon_position_top no_border\"><div class=\"image_wrapper\"><img loading=\"lazy\" decoding=\"async\" class=\"scale-with-grid\" src=\"https:\/\/dolphin-academy.com\/wp-content\/uploads\/2020\/03\/dolphin1-8.png\" alt=\"dolphin1\" width=\"140\" height=\"95\"\/><\/div><div class=\"desc_wrapper\"><h4 class=\"title\">Golfinhos Felizes<\/h4><\/div><\/div>\n[\/vc_column_inner][vc_column_inner width=&#8221;1\/2&#8243; offset=&#8221;vc_col-xs-7&#8243;]<div class=\"icon_box icon_position_top no_border\"><div class=\"image_wrapper\"><img loading=\"lazy\" decoding=\"async\" class=\"scale-with-grid\" src=\"https:\/\/dolphin-academy.com\/wp-content\/uploads\/2019\/11\/Shape.png\" alt=\"Shape\" width=\"109\" height=\"98\"\/><\/div><div class=\"desc_wrapper\"><h4 class=\"title\">Habitat Natural<\/h4><\/div><\/div>\n[\/vc_column_inner][\/vc_row_inner][vc_row_inner][vc_column_inner width=&#8221;1\/2&#8243; offset=&#8221;vc_col-xs-5&#8243;]<div class=\"icon_box icon_position_top no_border\"><div class=\"image_wrapper\"><img loading=\"lazy\" decoding=\"async\" class=\"scale-with-grid\" src=\"https:\/\/dolphin-academy.com\/wp-content\/uploads\/2019\/11\/water.png\" alt=\"water\" width=\"96\" height=\"64\"\/><\/div><div class=\"desc_wrapper\"><h4 class=\"title\">Treinamento no Mar Aberto<\/h4><\/div><\/div>\n[\/vc_column_inner][vc_column_inner width=&#8221;1\/2&#8243; offset=&#8221;vc_col-xs-7&#8243;]<div class=\"icon_box icon_position_top no_border\"><div class=\"image_wrapper\"><img loading=\"lazy\" decoding=\"async\" class=\"scale-with-grid\" src=\"https:\/\/dolphin-academy.com\/wp-content\/uploads\/2019\/11\/fish.png\" alt=\"fish\" width=\"116\" height=\"64\"\/><\/div><div class=\"desc_wrapper\"><h4 class=\"title\">Filosofia de Treinamento de Golfinhos<\/h4><\/div><\/div>\n[\/vc_column_inner][\/vc_row_inner][vc_empty_space height=&#8221;80px&#8221; el_class=&#8221;mobile_space&#8221;][\/vc_column][\/vc_row][\/vc_section][vc_row css=&#8221;.vc_custom_1586775611163{margin-top: -180px !important;}&#8221; el_class=&#8221;round_circles_section&#8221;][vc_column width=&#8221;1\/12&#8243;][\/vc_column][vc_column width=&#8221;5\/6&#8243;][vc_row_inner][vc_column_inner width=&#8221;1\/3&#8243; css=&#8221;.vc_custom_1575029196489{margin-top: 10px !important;}&#8221;][vc_single_image image=&#8221;12109&#8243; img_size=&#8221;357&#215;357&#8243; alignment=&#8221;right&#8221; style=&#8221;vc_box_shadow_border_circle_2&#8243; el_class=&#8221;Mobile_circle_image&#8221;][\/vc_column_inner][vc_column_inner el_class=&#8221;hide_on_mobile&#8221; width=&#8221;1\/4&#8243; css=&#8221;.vc_custom_1575869782636{margin-top: 100px !important;margin-left: 15px !important;}&#8221;][vc_single_image image=&#8221;12110&#8243; img_size=&#8221;200&#215;200&#8243; alignment=&#8221;right&#8221; style=&#8221;vc_box_shadow_border_circle_2&#8243;][\/vc_column_inner][vc_column_inner el_class=&#8221;hide_on_mobile&#8221; width=&#8221;1\/4&#8243; css=&#8221;.vc_custom_1575869861174{margin-top: 115px !important;margin-left: -12px !important;}&#8221;][vc_single_image image=&#8221;12111&#8243; img_size=&#8221;150&#215;150&#8243; alignment=&#8221;right&#8221; style=&#8221;vc_box_shadow_border_circle_2&#8243; css=&#8221;.vc_custom_1586775501468{border-top-width: 1px !important;border-right-width: 1px !important;border-bottom-width: 1px !important;border-left-width: 1px !important;}&#8221;][\/vc_column_inner][vc_column_inner el_class=&#8221;hide_on_mobile&#8221; width=&#8221;1\/6&#8243; css=&#8221;.vc_custom_1575869868201{margin-top: 100px !important;}&#8221;][vc_single_image image=&#8221;12112&#8243; img_size=&#8221;110&#215;110&#8243; style=&#8221;vc_box_shadow_border_circle_2&#8243;][\/vc_column_inner][\/vc_row_inner][\/vc_column][vc_column width=&#8221;1\/12&#8243;][\/vc_column][\/vc_row]<\/p>\n<\/div>","protected":false},"excerpt":{"rendered":"<p>[vc_section][vc_row el_class=&#8221;img_shadow&#8221;][vc_column width=&#8221;1\/2&#8243;][vc_empty_space height=&#8221;10px&#8221;][vc_custom_heading text=&#8221;Esta \u00e9 a Dolphin Academy de Cura\u00e7ao&#8221; font_container=&#8221;tag:h2|text_align:left|color:%23000000&#8243; use_theme_fonts=&#8221;yes&#8221; css=&#8221;&#8221;][vc_column_text css=&#8221;&#8221;] A Dolphin Academy abriu suas portas em 26 de maio de<span class=\"excerpt-hellip\"> [\u2026]<\/span><\/p>\n","protected":false},"author":94,"featured_media":0,"parent":0,"menu_order":0,"comment_status":"closed","ping_status":"closed","template":"","meta":{"footnotes":"","_wp_rev_ctl_limit":""},"class_list":["post-12107","page","type-page","status-publish","hentry"],"yoast_head":"<!-- This site is optimized with the Yoast SEO plugin v27.5 - https:\/\/yoast.com\/product\/yoast-seo-wordpress\/ -->\n<title>About | Dolphin Academy Cura\u00e7ao<\/title>\n<meta name=\"description\" content=\"Since 2002, Dolphin Academy has been providing an educational venue for visitors to observe and interact with trained Bottlenose dolphins.\" \/>\n<meta name=\"robots\" content=\"index, follow, max-snippet:-1, max-image-preview:large, max-video-preview:-1\" \/>\n<link rel=\"canonical\" href=\"https:\/\/dolphin-academy.com\/pt-br\/sobre\/\" \/>\n<meta property=\"og:locale\" content=\"pt_BR\" \/>\n<meta property=\"og:type\" content=\"article\" \/>\n<meta property=\"og:title\" content=\"About | Dolphin Academy Cura\u00e7ao\" \/>\n<meta property=\"og:description\" content=\"Since 2002, Dolphin Academy has been providing an educational venue for visitors to observe and interact with trained Bottlenose dolphins.\" \/>\n<meta property=\"og:url\" content=\"https:\/\/dolphin-academy.com\/pt-br\/sobre\/\" \/>\n<meta property=\"og:site_name\" content=\"Dolphin Academy\" \/>\n<meta property=\"article:publisher\" content=\"https:\/\/www.facebook.com\/dolphinacademycuracao\/\" \/>\n<meta property=\"article:modified_time\" content=\"2025-02-10T20:10:37+00:00\" \/>\n<meta property=\"og:image\" content=\"https:\/\/dolphin-academy.com\/wp-content\/uploads\/2019\/12\/DolphinAcademy_logo-1.png\" \/>\n\t<meta property=\"og:image:width\" content=\"2480\" \/>\n\t<meta property=\"og:image:height\" content=\"1278\" \/>\n\t<meta property=\"og:image:type\" content=\"image\/png\" \/>\n<meta name=\"twitter:card\" content=\"summary_large_image\" \/>\n<meta name=\"twitter:label1\" content=\"Est. tempo de leitura\" \/>\n\t<meta name=\"twitter:data1\" content=\"2 minutos\" \/>\n<script type=\"application\/ld+json\" class=\"yoast-schema-graph\">{\"@context\":\"https:\\\/\\\/schema.org\",\"@graph\":[{\"@type\":\"WebPage\",\"@id\":\"https:\\\/\\\/dolphin-academy.com\\\/pt-br\\\/sobre\\\/\",\"url\":\"https:\\\/\\\/dolphin-academy.com\\\/pt-br\\\/sobre\\\/\",\"name\":\"About | Dolphin Academy Cura\u00e7ao\",\"isPartOf\":{\"@id\":\"https:\\\/\\\/dolphin-academy.com\\\/pt-br\\\/#website\"},\"datePublished\":\"2020-03-18T07:15:17+00:00\",\"dateModified\":\"2025-02-10T20:10:37+00:00\",\"description\":\"Since 2002, Dolphin Academy has been providing an educational venue for visitors to observe and interact with trained Bottlenose dolphins.\",\"breadcrumb\":{\"@id\":\"https:\\\/\\\/dolphin-academy.com\\\/pt-br\\\/sobre\\\/#breadcrumb\"},\"inLanguage\":\"pt-BR\",\"potentialAction\":[{\"@type\":\"ReadAction\",\"target\":[\"https:\\\/\\\/dolphin-academy.com\\\/pt-br\\\/sobre\\\/\"]}]},{\"@type\":\"BreadcrumbList\",\"@id\":\"https:\\\/\\\/dolphin-academy.com\\\/pt-br\\\/sobre\\\/#breadcrumb\",\"itemListElement\":[{\"@type\":\"ListItem\",\"position\":1,\"name\":\"Home\",\"item\":\"https:\\\/\\\/dolphin-academy.com\\\/pt-br\\\/\"},{\"@type\":\"ListItem\",\"position\":2,\"name\":\"Sobre\"}]},{\"@type\":\"WebSite\",\"@id\":\"https:\\\/\\\/dolphin-academy.com\\\/pt-br\\\/#website\",\"url\":\"https:\\\/\\\/dolphin-academy.com\\\/pt-br\\\/\",\"name\":\"Dolphin Academy\",\"description\":\"Dolphin Academy Cura\u00e7ao\",\"publisher\":{\"@id\":\"https:\\\/\\\/dolphin-academy.com\\\/pt-br\\\/#organization\"},\"potentialAction\":[{\"@type\":\"SearchAction\",\"target\":{\"@type\":\"EntryPoint\",\"urlTemplate\":\"https:\\\/\\\/dolphin-academy.com\\\/pt-br\\\/?s={search_term_string}\"},\"query-input\":{\"@type\":\"PropertyValueSpecification\",\"valueRequired\":true,\"valueName\":\"search_term_string\"}}],\"inLanguage\":\"pt-BR\"},{\"@type\":\"Organization\",\"@id\":\"https:\\\/\\\/dolphin-academy.com\\\/pt-br\\\/#organization\",\"name\":\"Dolphin Academy\",\"url\":\"https:\\\/\\\/dolphin-academy.com\\\/pt-br\\\/\",\"logo\":{\"@type\":\"ImageObject\",\"inLanguage\":\"pt-BR\",\"@id\":\"https:\\\/\\\/dolphin-academy.com\\\/pt-br\\\/#\\\/schema\\\/logo\\\/image\\\/\",\"url\":\"https:\\\/\\\/dolphin-academy.com\\\/wp-content\\\/uploads\\\/2019\\\/12\\\/DolphinAcademy_logo-1.png\",\"contentUrl\":\"https:\\\/\\\/dolphin-academy.com\\\/wp-content\\\/uploads\\\/2019\\\/12\\\/DolphinAcademy_logo-1.png\",\"width\":2480,\"height\":1278,\"caption\":\"Dolphin Academy\"},\"image\":{\"@id\":\"https:\\\/\\\/dolphin-academy.com\\\/pt-br\\\/#\\\/schema\\\/logo\\\/image\\\/\"},\"sameAs\":[\"https:\\\/\\\/www.facebook.com\\\/dolphinacademycuracao\\\/\",\"https:\\\/\\\/www.instagram.com\\\/dolphinacademycuracao\\\/\",\"https:\\\/\\\/www.youtube.com\\\/user\\\/DolphinAcademy\"]}]}<\/script>\n<!-- \/ Yoast SEO plugin. -->","yoast_head_json":{"title":"About | Dolphin Academy Cura\u00e7ao","description":"Since 2002, Dolphin Academy has been providing an educational venue for visitors to observe and interact with trained Bottlenose dolphins.","robots":{"index":"index","follow":"follow","max-snippet":"max-snippet:-1","max-image-preview":"max-image-preview:large","max-video-preview":"max-video-preview:-1"},"canonical":"https:\/\/dolphin-academy.com\/pt-br\/sobre\/","og_locale":"pt_BR","og_type":"article","og_title":"About | Dolphin Academy Cura\u00e7ao","og_description":"Since 2002, Dolphin Academy has been providing an educational venue for visitors to observe and interact with trained Bottlenose dolphins.","og_url":"https:\/\/dolphin-academy.com\/pt-br\/sobre\/","og_site_name":"Dolphin Academy","article_publisher":"https:\/\/www.facebook.com\/dolphinacademycuracao\/","article_modified_time":"2025-02-10T20:10:37+00:00","og_image":[{"width":2480,"height":1278,"url":"https:\/\/dolphin-academy.com\/wp-content\/uploads\/2019\/12\/DolphinAcademy_logo-1.png","type":"image\/png"}],"twitter_card":"summary_large_image","twitter_misc":{"Est. tempo de leitura":"2 minutos"},"schema":{"@context":"https:\/\/schema.org","@graph":[{"@type":"WebPage","@id":"https:\/\/dolphin-academy.com\/pt-br\/sobre\/","url":"https:\/\/dolphin-academy.com\/pt-br\/sobre\/","name":"About | Dolphin Academy Cura\u00e7ao","isPartOf":{"@id":"https:\/\/dolphin-academy.com\/pt-br\/#website"},"datePublished":"2020-03-18T07:15:17+00:00","dateModified":"2025-02-10T20:10:37+00:00","description":"Since 2002, Dolphin Academy has been providing an educational venue for visitors to observe and interact with trained Bottlenose dolphins.","breadcrumb":{"@id":"https:\/\/dolphin-academy.com\/pt-br\/sobre\/#breadcrumb"},"inLanguage":"pt-BR","potentialAction":[{"@type":"ReadAction","target":["https:\/\/dolphin-academy.com\/pt-br\/sobre\/"]}]},{"@type":"BreadcrumbList","@id":"https:\/\/dolphin-academy.com\/pt-br\/sobre\/#breadcrumb","itemListElement":[{"@type":"ListItem","position":1,"name":"Home","item":"https:\/\/dolphin-academy.com\/pt-br\/"},{"@type":"ListItem","position":2,"name":"Sobre"}]},{"@type":"WebSite","@id":"https:\/\/dolphin-academy.com\/pt-br\/#website","url":"https:\/\/dolphin-academy.com\/pt-br\/","name":"Dolphin Academy","description":"Dolphin Academy Cura\u00e7ao","publisher":{"@id":"https:\/\/dolphin-academy.com\/pt-br\/#organization"},"potentialAction":[{"@type":"SearchAction","target":{"@type":"EntryPoint","urlTemplate":"https:\/\/dolphin-academy.com\/pt-br\/?s={search_term_string}"},"query-input":{"@type":"PropertyValueSpecification","valueRequired":true,"valueName":"search_term_string"}}],"inLanguage":"pt-BR"},{"@type":"Organization","@id":"https:\/\/dolphin-academy.com\/pt-br\/#organization","name":"Dolphin Academy","url":"https:\/\/dolphin-academy.com\/pt-br\/","logo":{"@type":"ImageObject","inLanguage":"pt-BR","@id":"https:\/\/dolphin-academy.com\/pt-br\/#\/schema\/logo\/image\/","url":"https:\/\/dolphin-academy.com\/wp-content\/uploads\/2019\/12\/DolphinAcademy_logo-1.png","contentUrl":"https:\/\/dolphin-academy.com\/wp-content\/uploads\/2019\/12\/DolphinAcademy_logo-1.png","width":2480,"height":1278,"caption":"Dolphin Academy"},"image":{"@id":"https:\/\/dolphin-academy.com\/pt-br\/#\/schema\/logo\/image\/"},"sameAs":["https:\/\/www.facebook.com\/dolphinacademycuracao\/","https:\/\/www.instagram.com\/dolphinacademycuracao\/","https:\/\/www.youtube.com\/user\/DolphinAcademy"]}]}},"jetpack_sharing_enabled":true,"_links":{"self":[{"href":"https:\/\/dolphin-academy.com\/pt-br\/wp-json\/wp\/v2\/pages\/12107","targetHints":{"allow":["GET"]}}],"collection":[{"href":"https:\/\/dolphin-academy.com\/pt-br\/wp-json\/wp\/v2\/pages"}],"about":[{"href":"https:\/\/dolphin-academy.com\/pt-br\/wp-json\/wp\/v2\/types\/page"}],"author":[{"embeddable":true,"href":"https:\/\/dolphin-academy.com\/pt-br\/wp-json\/wp\/v2\/users\/94"}],"replies":[{"embeddable":true,"href":"https:\/\/dolphin-academy.com\/pt-br\/wp-json\/wp\/v2\/comments?post=12107"}],"version-history":[{"count":5,"href":"https:\/\/dolphin-academy.com\/pt-br\/wp-json\/wp\/v2\/pages\/12107\/revisions"}],"predecessor-version":[{"id":12385,"href":"https:\/\/dolphin-academy.com\/pt-br\/wp-json\/wp\/v2\/pages\/12107\/revisions\/12385"}],"wp:attachment":[{"href":"https:\/\/dolphin-academy.com\/pt-br\/wp-json\/wp\/v2\/media?parent=12107"}],"curies":[{"name":"wp","href":"https:\/\/api.w.org\/{rel}","templated":true}]}}